{"id":1720,"date":"2021-01-04T09:18:16","date_gmt":"2021-01-04T12:18:16","guid":{"rendered":"https:\/\/tecmac.com.br\/index.php\/produto\/ventilador-de-teto-comercial-3p-127v-ventisol\/"},"modified":"2021-01-14T11:52:14","modified_gmt":"2021-01-14T14:52:14","slug":"ventilador-de-teto-comercial-3p-127v-ventisol","status":"publish","type":"product","link":"https:\/\/tecmac.com.br\/index.php\/produto\/ventilador-de-teto-comercial-3p-127v-ventisol\/","title":{"rendered":"VENTILADOR DE TETO COMERCIAL 3P 127V VENTISOL"},"content":{"rendered":"","protected":false},"excerpt":{"rendered":"<p><span style=\"color: #6d6d6d;font-family: 'Segoe UI', Arial;font-size: 16px\">Ambiente mais fresco na sua empresa ou empreendimento. Se voc\u00ea deseja um ambiente mais refrescante e agrad\u00e1vel, com economia, o Ventilador de Teto Ventisol Comercial \u00e9 ideal. Com Classe A no Procel ele acompanha chave de controle de revers\u00e3o. ? Ideal para salas comerciais: O fluxo de vento ideal para o conforto dos seus colaboradores e clientes. ? Econ\u00f4mico Classe A: Est\u00e1 entre os ventiladores de teto mais econ\u00f4micos do mercado. ? P\u00e1s em pl\u00e1stico: S\u00e3o leves e aumentam a vida \u00fatil do motor. ? P\u00e1s com garras integradas: Facilidade na hora da montagem. ? Motor e haste em a\u00e7o tratado: A\u00e7o tratado com pintura que ajuda a proteger o aparelho e evitar a corros\u00e3o. ? Chave RV: Chave de controle de revers\u00e3o. ?<\/span><\/p>\n","protected":false},"featured_media":1719,"comment_status":"open","ping_status":"closed","template":"","meta":[],"yoast_head":"<!-- This site is optimized with the Yoast SEO plugin v15.6.2 - https:\/\/yoast.com\/wordpress\/plugins\/seo\/ -->\n<title>VENTILADOR DE TETO COMERCIAL 3P 127V VENTISOL - TEC MAC Office Center<\/title>\n<meta name=\"robots\" content=\"index, follow, max-snippet:-1, max-image-preview:large, max-video-preview:-1\" \/>\n<link rel=\"canonical\" href=\"https:\/\/tecmac.com.br\/index.php\/produto\/ventilador-de-teto-comercial-3p-127v-ventisol\/\" \/>\n<meta property=\"og:locale\" content=\"pt_BR\" \/>\n<meta property=\"og:type\" content=\"article\" \/>\n<meta property=\"og:title\" content=\"VENTILADOR DE TETO COMERCIAL 3P 127V VENTISOL - TEC MAC Office Center\" \/>\n<meta property=\"og:description\" content=\"Ambiente mais fresco na sua empresa ou empreendimento. Se voc\u00ea deseja um ambiente mais refrescante e agrad\u00e1vel, com economia, o Ventilador de Teto Ventisol Comercial \u00e9 ideal. Com Classe A no Procel ele acompanha chave de controle de revers\u00e3o. ? Ideal para salas comerciais: O fluxo de vento ideal para o conforto dos seus colaboradores e clientes. ? Econ\u00f4mico Classe A: Est\u00e1 entre os ventiladores de teto mais econ\u00f4micos do mercado. ? P\u00e1s em pl\u00e1stico: S\u00e3o leves e aumentam a vida \u00fatil do motor. ? P\u00e1s com garras integradas: Facilidade na hora da montagem. ? Motor e haste em a\u00e7o tratado: A\u00e7o tratado com pintura que ajuda a proteger o aparelho e evitar a corros\u00e3o. ? Chave RV: Chave de controle de revers\u00e3o. ?\" \/>\n<meta property=\"og:url\" content=\"https:\/\/tecmac.com.br\/index.php\/produto\/ventilador-de-teto-comercial-3p-127v-ventisol\/\" \/>\n<meta property=\"og:site_name\" content=\"TEC MAC Office Center\" \/>\n<meta property=\"article:modified_time\" content=\"2021-01-14T14:52:14+00:00\" \/>\n<meta property=\"og:image\" content=\"https:\/\/tecmac.com.br\/wp-content\/uploads\/2021\/01\/8852cc2c0870722c6e43be048d7a7f1a.jpg\" \/>\n\t<meta property=\"og:image:width\" content=\"550\" \/>\n\t<meta property=\"og:image:height\" content=\"550\" \/>\n<meta name=\"twitter:card\" content=\"summary_large_image\" \/>\n<script type=\"application\/ld+json\" class=\"yoast-schema-graph\">{\"@context\":\"https:\/\/schema.org\",\"@graph\":[{\"@type\":\"WebSite\",\"@id\":\"https:\/\/tecmac.com.br\/#website\",\"url\":\"https:\/\/tecmac.com.br\/\",\"name\":\"TEC MAC Office Center\",\"description\":\"H\\u00e1 32 anos agregando qualidade e desempenho aos escrit\\u00f3rios\",\"potentialAction\":[{\"@type\":\"SearchAction\",\"target\":\"https:\/\/tecmac.com.br\/?s={search_term_string}\",\"query-input\":\"required name=search_term_string\"}],\"inLanguage\":\"pt-BR\"},{\"@type\":\"ImageObject\",\"@id\":\"https:\/\/tecmac.com.br\/index.php\/produto\/ventilador-de-teto-comercial-3p-127v-ventisol\/#primaryimage\",\"inLanguage\":\"pt-BR\",\"url\":\"https:\/\/tecmac.com.br\/wp-content\/uploads\/2021\/01\/8852cc2c0870722c6e43be048d7a7f1a.jpg\",\"width\":550,\"height\":550},{\"@type\":\"WebPage\",\"@id\":\"https:\/\/tecmac.com.br\/index.php\/produto\/ventilador-de-teto-comercial-3p-127v-ventisol\/#webpage\",\"url\":\"https:\/\/tecmac.com.br\/index.php\/produto\/ventilador-de-teto-comercial-3p-127v-ventisol\/\",\"name\":\"VENTILADOR DE TETO COMERCIAL 3P 127V VENTISOL - TEC MAC Office Center\",\"isPartOf\":{\"@id\":\"https:\/\/tecmac.com.br\/#website\"},\"primaryImageOfPage\":{\"@id\":\"https:\/\/tecmac.com.br\/index.php\/produto\/ventilador-de-teto-comercial-3p-127v-ventisol\/#primaryimage\"},\"datePublished\":\"2021-01-04T12:18:16+00:00\",\"dateModified\":\"2021-01-14T14:52:14+00:00\",\"inLanguage\":\"pt-BR\",\"potentialAction\":[{\"@type\":\"ReadAction\",\"target\":[\"https:\/\/tecmac.com.br\/index.php\/produto\/ventilador-de-teto-comercial-3p-127v-ventisol\/\"]}]}]}<\/script>\n<!-- \/ Yoast SEO plugin. -->","_links":{"self":[{"href":"https:\/\/tecmac.com.br\/index.php\/wp-json\/wp\/v2\/product\/1720"}],"collection":[{"href":"https:\/\/tecmac.com.br\/index.php\/wp-json\/wp\/v2\/product"}],"about":[{"href":"https:\/\/tecmac.com.br\/index.php\/wp-json\/wp\/v2\/types\/product"}],"replies":[{"embeddable":true,"href":"https:\/\/tecmac.com.br\/index.php\/wp-json\/wp\/v2\/comments?post=1720"}],"wp:featuredmedia":[{"embeddable":true,"href":"https:\/\/tecmac.com.br\/index.php\/wp-json\/wp\/v2\/media\/1719"}],"wp:attachment":[{"href":"https:\/\/tecmac.com.br\/index.php\/wp-json\/wp\/v2\/media?parent=1720"}],"curies":[{"name":"wp","href":"https:\/\/api.w.org\/{rel}","templated":true}]}}