{"id":1725,"date":"2021-01-04T09:24:18","date_gmt":"2021-01-04T12:24:18","guid":{"rendered":"https:\/\/tecmac.com.br\/index.php\/produto\/cadeira-izzi-fixa-kit-aproximacao-base-s-estr-preta-c-e-preto-kit-c-02-cadeiras\/"},"modified":"2021-01-04T09:24:18","modified_gmt":"2021-01-04T12:24:18","slug":"cadeira-izzi-fixa-kit-aproximacao-base-s-estr-preta-c-e-preto-kit-c-02-cadeiras","status":"publish","type":"product","link":"https:\/\/tecmac.com.br\/index.php\/produto\/cadeira-izzi-fixa-kit-aproximacao-base-s-estr-preta-c-e-preto-kit-c-02-cadeiras\/","title":{"rendered":"CADEIRA IZZI FIXA KIT APROXIMA\u00c7\u00c3O BASE  S  ESTR. PRETA C E. PRETO &#8211; KIT C\/ 02 CADEIRAS"},"content":{"rendered":"","protected":false},"excerpt":{"rendered":"<h1 class=\"produto_l_title\">Izzi Aproxima\u00e7\u00e3o S<\/h1>\n<p>O design deve estar \u00e0 servi\u00e7o do conforto, seja no seu local de trabalho ou no seu lar.<\/p>\n<p>Com esse pensamento a Plaxmetal uniu toda sua experi\u00eancia para criar uma linha de cadeiras corporativas com requinte, qualidade e conforto.<\/p>\n<p>\u00a0<\/p>\n<p>BASE EM &#8220;S&#8221; APROXIMA\u00c7\u00c3O NA COR PRETA<\/p>\n<p>REVESTIMENTO COURO ECOL\u00d3GICO (SINT\u00c9TICO) COR PRETO<\/p>\n<p>\u00a0<\/p>\n<p>KIT COM 02 CADEIRAS<\/p>\n<p>\u00a0<\/p>\n<p>\u00a0<\/p>\n<p>\u00a0<\/p>\n<p class=\"MsoNormal\">Observa\u00e7\u00e3o:<br \/>Produto desmontado. A montagem \u00e9 por conta e responsabilidade do comprador.<\/p>\n<p><!-- [if gte mso 9]&gt;--><\/p>\n<p><!-- [if gte mso 9]&gt;--><\/p>\n<p>  Normal<br \/>\n  0<\/p>\n<p>  21<\/p>\n<p>  false<br \/>\n  false<br \/>\n  false<\/p>\n<p>  PT-BR<br \/>\n  X-NONE<br \/>\n  X-NONE<\/p>\n<p><!-- [if gte mso 9]&gt;--><\/p>\n<p><!-- [if gte mso 10]&gt;--><\/p>\n<p> \/* Style Definitions *\/<br \/>\n table.MsoNormalTable<br \/>\n\t{mso-style-name:&#8221;Tabela normal&#8221;;<br \/>\n\tmso-tstyle-rowband-size:0;<br \/>\n\tmso-tstyle-colband-size:0;<br \/>\n\tmso-style-noshow:yes;<br \/>\n\tmso-style-priority:99;<br \/>\n\tmso-style-parent:&#8221;&#8221;;<br \/>\n\tmso-padding-alt:0cm 5.4pt 0cm 5.4pt;<br \/>\n\tmso-para-margin-top:0cm;<br \/>\n\tmso-para-margin-right:0cm;<br \/>\n\tmso-para-margin-bottom:8.0pt;<br \/>\n\tmso-para-margin-left:0cm;<br \/>\n\tline-height:107%;<br \/>\n\tmso-pagination:widow-orphan;<br \/>\n\tfont-size:11.0pt;<br \/>\n\tfont-family:&#8221;Calibri&#8221;,sans-serif;<br \/>\n\tmso-ascii-font-family:Calibri;<br \/>\n\tmso-ascii-theme-font:minor-latin;<br \/>\n\tmso-hansi-font-family:Calibri;<br \/>\n\tmso-hansi-theme-font:minor-latin;<br \/>\n\tmso-bidi-font-family:&#8221;Times New Roman&#8221;;<br \/>\n\tmso-bidi-theme-font:minor-bidi;<br \/>\n\tmso-fareast-language:EN-US;}<\/p>\n","protected":false},"featured_media":1723,"comment_status":"open","ping_status":"closed","template":"","meta":[],"yoast_head":"<!-- This site is optimized with the Yoast SEO plugin v15.6.2 - https:\/\/yoast.com\/wordpress\/plugins\/seo\/ -->\n<title>CADEIRA IZZI FIXA KIT APROXIMA\u00c7\u00c3O BASE S ESTR. PRETA C E. PRETO - KIT C\/ 02 CADEIRAS - TEC MAC Office Center<\/title>\n<meta name=\"robots\" content=\"index, follow, max-snippet:-1, max-image-preview:large, max-video-preview:-1\" \/>\n<link rel=\"canonical\" href=\"https:\/\/tecmac.com.br\/index.php\/produto\/cadeira-izzi-fixa-kit-aproximacao-base-s-estr-preta-c-e-preto-kit-c-02-cadeiras\/\" \/>\n<meta property=\"og:locale\" content=\"pt_BR\" \/>\n<meta property=\"og:type\" content=\"article\" \/>\n<meta property=\"og:title\" content=\"CADEIRA IZZI FIXA KIT APROXIMA\u00c7\u00c3O BASE S ESTR. PRETA C E. PRETO - KIT C\/ 02 CADEIRAS - TEC MAC Office Center\" \/>\n<meta property=\"og:description\" content=\"Izzi Aproxima\u00e7\u00e3o S O design deve estar \u00e0 servi\u00e7o do conforto, seja no seu local de trabalho ou no seu lar. Com esse pensamento a Plaxmetal uniu toda sua experi\u00eancia para criar uma linha de cadeiras corporativas com requinte, qualidade e conforto. \u00a0 BASE EM &quot;S&quot; APROXIMA\u00c7\u00c3O NA COR PRETA REVESTIMENTO COURO ECOL\u00d3GICO (SINT\u00c9TICO) COR PRETO \u00a0 KIT COM 02 CADEIRAS \u00a0 \u00a0 \u00a0 Observa\u00e7\u00e3o:Produto desmontado. A montagem \u00e9 por conta e responsabilidade do comprador.       Normal  0     21     false  false  false   PT-BR  X-NONE  X-NONE                                                                                                                                                                                                                                                                                                                                                                                                                                                                                                                                                                                                                                       \/* Style Definitions *\/ table.MsoNormalTable {mso-style-name:&quot;Tabela normal&quot;; mso-tstyle-rowband-size:0; mso-tstyle-colband-size:0; mso-style-noshow:yes; mso-style-priority:99; mso-style-parent:&quot;&quot;; mso-padding-alt:0cm 5.4pt 0cm 5.4pt; mso-para-margin-top:0cm; mso-para-margin-right:0cm; mso-para-margin-bottom:8.0pt; mso-para-margin-left:0cm; line-height:107%; mso-pagination:widow-orphan; font-size:11.0pt; font-family:&quot;Calibri&quot;,sans-serif; mso-ascii-font-family:Calibri; mso-ascii-theme-font:minor-latin; mso-hansi-font-family:Calibri; mso-hansi-theme-font:minor-latin; mso-bidi-font-family:&quot;Times New Roman&quot;; mso-bidi-theme-font:minor-bidi; mso-fareast-language:EN-US;}\" \/>\n<meta property=\"og:url\" content=\"https:\/\/tecmac.com.br\/index.php\/produto\/cadeira-izzi-fixa-kit-aproximacao-base-s-estr-preta-c-e-preto-kit-c-02-cadeiras\/\" \/>\n<meta property=\"og:site_name\" content=\"TEC MAC Office Center\" \/>\n<meta property=\"og:image\" content=\"https:\/\/tecmac.com.br\/wp-content\/uploads\/2021\/01\/180_cadeira_izzi_fixa_continua_kit_com_2_unidades_312_1_20190120155438.jpg\" \/>\n\t<meta property=\"og:image:width\" content=\"180\" \/>\n\t<meta property=\"og:image:height\" content=\"180\" \/>\n<meta name=\"twitter:card\" content=\"summary_large_image\" \/>\n<script type=\"application\/ld+json\" class=\"yoast-schema-graph\">{\"@context\":\"https:\/\/schema.org\",\"@graph\":[{\"@type\":\"WebSite\",\"@id\":\"https:\/\/tecmac.com.br\/#website\",\"url\":\"https:\/\/tecmac.com.br\/\",\"name\":\"TEC MAC Office Center\",\"description\":\"H\\u00e1 32 anos agregando qualidade e desempenho aos escrit\\u00f3rios\",\"potentialAction\":[{\"@type\":\"SearchAction\",\"target\":\"https:\/\/tecmac.com.br\/?s={search_term_string}\",\"query-input\":\"required name=search_term_string\"}],\"inLanguage\":\"pt-BR\"},{\"@type\":\"ImageObject\",\"@id\":\"https:\/\/tecmac.com.br\/index.php\/produto\/cadeira-izzi-fixa-kit-aproximacao-base-s-estr-preta-c-e-preto-kit-c-02-cadeiras\/#primaryimage\",\"inLanguage\":\"pt-BR\",\"url\":\"https:\/\/tecmac.com.br\/wp-content\/uploads\/2021\/01\/180_cadeira_izzi_fixa_continua_kit_com_2_unidades_312_1_20190120155438.jpg\",\"width\":180,\"height\":180},{\"@type\":\"WebPage\",\"@id\":\"https:\/\/tecmac.com.br\/index.php\/produto\/cadeira-izzi-fixa-kit-aproximacao-base-s-estr-preta-c-e-preto-kit-c-02-cadeiras\/#webpage\",\"url\":\"https:\/\/tecmac.com.br\/index.php\/produto\/cadeira-izzi-fixa-kit-aproximacao-base-s-estr-preta-c-e-preto-kit-c-02-cadeiras\/\",\"name\":\"CADEIRA IZZI FIXA KIT APROXIMA\\u00c7\\u00c3O BASE S ESTR. PRETA C E. PRETO - KIT C\/ 02 CADEIRAS - TEC MAC Office Center\",\"isPartOf\":{\"@id\":\"https:\/\/tecmac.com.br\/#website\"},\"primaryImageOfPage\":{\"@id\":\"https:\/\/tecmac.com.br\/index.php\/produto\/cadeira-izzi-fixa-kit-aproximacao-base-s-estr-preta-c-e-preto-kit-c-02-cadeiras\/#primaryimage\"},\"datePublished\":\"2021-01-04T12:24:18+00:00\",\"dateModified\":\"2021-01-04T12:24:18+00:00\",\"inLanguage\":\"pt-BR\",\"potentialAction\":[{\"@type\":\"ReadAction\",\"target\":[\"https:\/\/tecmac.com.br\/index.php\/produto\/cadeira-izzi-fixa-kit-aproximacao-base-s-estr-preta-c-e-preto-kit-c-02-cadeiras\/\"]}]}]}<\/script>\n<!-- \/ Yoast SEO plugin. -->","_links":{"self":[{"href":"https:\/\/tecmac.com.br\/index.php\/wp-json\/wp\/v2\/product\/1725"}],"collection":[{"href":"https:\/\/tecmac.com.br\/index.php\/wp-json\/wp\/v2\/product"}],"about":[{"href":"https:\/\/tecmac.com.br\/index.php\/wp-json\/wp\/v2\/types\/product"}],"replies":[{"embeddable":true,"href":"https:\/\/tecmac.com.br\/index.php\/wp-json\/wp\/v2\/comments?post=1725"}],"wp:featuredmedia":[{"embeddable":true,"href":"https:\/\/tecmac.com.br\/index.php\/wp-json\/wp\/v2\/media\/1723"}],"wp:attachment":[{"href":"https:\/\/tecmac.com.br\/index.php\/wp-json\/wp\/v2\/media?parent=1725"}],"curies":[{"name":"wp","href":"https:\/\/api.w.org\/{rel}","templated":true}]}}