{"id":1737,"date":"2021-01-04T09:25:10","date_gmt":"2021-01-04T12:25:10","guid":{"rendered":"https:\/\/tecmac.com.br\/index.php\/produto\/cadeira-giratoria-job-diretor-fk-ergonomica-ce-frisokar\/"},"modified":"2021-01-04T09:40:56","modified_gmt":"2021-01-04T12:40:56","slug":"cadeira-giratoria-job-diretor-fk-ergonomica-ce-frisokar","status":"publish","type":"product","link":"https:\/\/tecmac.com.br\/index.php\/produto\/cadeira-giratoria-job-diretor-fk-ergonomica-ce-frisokar\/","title":{"rendered":"Cadeira Girat\u00f3ria Job Diretor Fk Ergon\u00f4mica Ce Frisokar"},"content":{"rendered":"","protected":false},"excerpt":{"rendered":"<p>Cadeira Girat\u00f3ria JOB Diretor FK Ergon\u00f4mica CE Preto<br \/>\u00a0<br \/>Descri\u00e7\u00e3o do produto:\u00a0A Cadeira Diretor Girat\u00f3ria JOB Ergon\u00f4mica &#8211; Espaldar Alto &#8211; conta com base com regul\u00e1gem assento e encosto preenchido por espuma injet\u00e1vel de qualidade, bra\u00e7os com altura ajust\u00e1veis e base back system que permite a regulagem da altura e a inclina\u00e7\u00e3o do encosto, garantindo conforto e ergonomia do produto.<br \/>\u00a0<br \/>Caracteristicas:<br \/>\u00a0<br \/>Espaldar Alto;<br \/>\u00a0<br \/>Estrutura produzido em madeira compensada anat\u00f4mica;<\/p>\n<p>Revestimento em couro ecol\u00f3gico (sint\u00e9tico) preto;<\/p>\n<p>Cadeira ergon\u00f4mica 100% nacional com todas as exig\u00eancias da norma NR17;<\/p>\n<p>Assento e encosto em espuma injetada de alta densidade;<\/p>\n<p>Bra\u00e7os com regulagem altura;<\/p>\n<p>Regulagem de altura do assento e encosto;<\/p>\n<p>Contra capa no assento e encosto em pilipropileno;<\/p>\n<p>Base girat\u00f3ria com regulagem de altura com pist\u00e3o a g\u00e1s, e regulagem no sentido vertical do encosto e com apoio lombar;<\/p>\n<p>Rodizio de nylon em PU de alta resist\u00eancia;<\/p>\n<p>Suporta at\u00e9 120 kg;<\/p>\n<p>Mecanismo Back system com 02 alavancas de regualagem\u00a0com movimento de inclina\u00e7\u00e3o;<\/p>\n<p>Produto enviado embalado com pl\u00e1stico e na caixa de papel\u00e3o;<br \/>\u00a0<br \/>Revestimento: Couro Sint\u00e9tico.<br \/>\u00a0<br \/>Cor Preta.<br \/>\u00a0<br \/>Observa\u00e7\u00f5es importantes:<\/p>\n<p>A montagem ser\u00e1 de responsabilidade do comprador;<\/p>\n","protected":false},"featured_media":0,"comment_status":"open","ping_status":"closed","template":"","meta":[],"yoast_head":"<!-- This site is optimized with the Yoast SEO plugin v15.6.2 - https:\/\/yoast.com\/wordpress\/plugins\/seo\/ -->\n<title>Cadeira Girat\u00f3ria Job Diretor Fk Ergon\u00f4mica Ce Frisokar - TEC MAC Office Center<\/title>\n<meta name=\"robots\" content=\"index, follow, max-snippet:-1, max-image-preview:large, max-video-preview:-1\" \/>\n<link rel=\"canonical\" href=\"https:\/\/tecmac.com.br\/index.php\/produto\/cadeira-giratoria-job-diretor-fk-ergonomica-ce-frisokar\/\" \/>\n<meta property=\"og:locale\" content=\"pt_BR\" \/>\n<meta property=\"og:type\" content=\"article\" \/>\n<meta property=\"og:title\" content=\"Cadeira Girat\u00f3ria Job Diretor Fk Ergon\u00f4mica Ce Frisokar - TEC MAC Office Center\" \/>\n<meta property=\"og:description\" content=\"Cadeira Girat\u00f3ria JOB Diretor FK Ergon\u00f4mica CE Preto\u00a0Descri\u00e7\u00e3o do produto:\u00a0A Cadeira Diretor Girat\u00f3ria JOB Ergon\u00f4mica - Espaldar Alto - conta com base com regul\u00e1gem assento e encosto preenchido por espuma injet\u00e1vel de qualidade, bra\u00e7os com altura ajust\u00e1veis e base back system que permite a regulagem da altura e a inclina\u00e7\u00e3o do encosto, garantindo conforto e ergonomia do produto.\u00a0Caracteristicas:\u00a0Espaldar Alto;\u00a0Estrutura produzido em madeira compensada anat\u00f4mica;Revestimento em couro ecol\u00f3gico (sint\u00e9tico) preto;Cadeira ergon\u00f4mica 100% nacional com todas as exig\u00eancias da norma NR17;Assento e encosto em espuma injetada de alta densidade;Bra\u00e7os com regulagem altura;Regulagem de altura do assento e encosto;Contra capa no assento e encosto em pilipropileno;Base girat\u00f3ria com regulagem de altura com pist\u00e3o a g\u00e1s, e regulagem no sentido vertical do encosto e com apoio lombar;Rodizio de nylon em PU de alta resist\u00eancia;Suporta at\u00e9 120 kg;Mecanismo Back system com 02 alavancas de regualagem\u00a0com movimento de inclina\u00e7\u00e3o;Produto enviado embalado com pl\u00e1stico e na caixa de papel\u00e3o;\u00a0Revestimento: Couro Sint\u00e9tico.\u00a0Cor Preta.\u00a0Observa\u00e7\u00f5es importantes:A montagem ser\u00e1 de responsabilidade do comprador;\" \/>\n<meta property=\"og:url\" content=\"https:\/\/tecmac.com.br\/index.php\/produto\/cadeira-giratoria-job-diretor-fk-ergonomica-ce-frisokar\/\" \/>\n<meta property=\"og:site_name\" content=\"TEC MAC Office Center\" \/>\n<meta property=\"article:modified_time\" content=\"2021-01-04T12:40:56+00:00\" \/>\n<meta name=\"twitter:card\" content=\"summary_large_image\" \/>\n<script type=\"application\/ld+json\" class=\"yoast-schema-graph\">{\"@context\":\"https:\/\/schema.org\",\"@graph\":[{\"@type\":\"WebSite\",\"@id\":\"https:\/\/tecmac.com.br\/#website\",\"url\":\"https:\/\/tecmac.com.br\/\",\"name\":\"TEC MAC Office Center\",\"description\":\"H\\u00e1 32 anos agregando qualidade e desempenho aos escrit\\u00f3rios\",\"potentialAction\":[{\"@type\":\"SearchAction\",\"target\":\"https:\/\/tecmac.com.br\/?s={search_term_string}\",\"query-input\":\"required name=search_term_string\"}],\"inLanguage\":\"pt-BR\"},{\"@type\":\"WebPage\",\"@id\":\"https:\/\/tecmac.com.br\/index.php\/produto\/cadeira-giratoria-job-diretor-fk-ergonomica-ce-frisokar\/#webpage\",\"url\":\"https:\/\/tecmac.com.br\/index.php\/produto\/cadeira-giratoria-job-diretor-fk-ergonomica-ce-frisokar\/\",\"name\":\"Cadeira Girat\\u00f3ria Job Diretor Fk Ergon\\u00f4mica Ce Frisokar - TEC MAC Office Center\",\"isPartOf\":{\"@id\":\"https:\/\/tecmac.com.br\/#website\"},\"datePublished\":\"2021-01-04T12:25:10+00:00\",\"dateModified\":\"2021-01-04T12:40:56+00:00\",\"inLanguage\":\"pt-BR\",\"potentialAction\":[{\"@type\":\"ReadAction\",\"target\":[\"https:\/\/tecmac.com.br\/index.php\/produto\/cadeira-giratoria-job-diretor-fk-ergonomica-ce-frisokar\/\"]}]}]}<\/script>\n<!-- \/ Yoast SEO plugin. -->","_links":{"self":[{"href":"https:\/\/tecmac.com.br\/index.php\/wp-json\/wp\/v2\/product\/1737"}],"collection":[{"href":"https:\/\/tecmac.com.br\/index.php\/wp-json\/wp\/v2\/product"}],"about":[{"href":"https:\/\/tecmac.com.br\/index.php\/wp-json\/wp\/v2\/types\/product"}],"replies":[{"embeddable":true,"href":"https:\/\/tecmac.com.br\/index.php\/wp-json\/wp\/v2\/comments?post=1737"}],"wp:attachment":[{"href":"https:\/\/tecmac.com.br\/index.php\/wp-json\/wp\/v2\/media?parent=1737"}],"curies":[{"name":"wp","href":"https:\/\/api.w.org\/{rel}","templated":true}]}}