{"id":1738,"date":"2021-01-04T09:25:20","date_gmt":"2021-01-04T12:25:20","guid":{"rendered":"https:\/\/tecmac.com.br\/index.php\/produto\/cadeira-giratoria-ergonomica-fk-paris-tecido-preto\/"},"modified":"2021-01-04T09:25:20","modified_gmt":"2021-01-04T12:25:20","slug":"cadeira-giratoria-ergonomica-fk-paris-tecido-preto","status":"publish","type":"product","link":"https:\/\/tecmac.com.br\/index.php\/produto\/cadeira-giratoria-ergonomica-fk-paris-tecido-preto\/","title":{"rendered":"Cadeira Girat\u00f3ria Ergon\u00f4mica Fk Paris Tecido Preto"},"content":{"rendered":"","protected":false},"excerpt":{"rendered":"<p>Cadeira Girat\u00f3ria Ergon\u00f4mica Fk Paris Tecido Preto Espaldar Alto<br \/>\u00a0<br \/>Espaldar alto<br \/>Assento e encosto com capa protetora em polipropileno<br \/>Espuma injetada soft<br \/>Base ergon\u00f4mica com duas alavancas de regulagem<br \/>Pist\u00e3o \u00e0 g\u00e1s<br \/>Bra\u00e7os tipo digitador com regulagem de altura<br \/>Revestimento em tecido<br \/>Cor Preta<br \/>Produto Desmontado sendo a montagem por conta do cliente<br \/>\u00a0<\/p>\n","protected":false},"featured_media":0,"comment_status":"open","ping_status":"closed","template":"","meta":[],"yoast_head":"<!-- This site is optimized with the Yoast SEO plugin v15.6.2 - https:\/\/yoast.com\/wordpress\/plugins\/seo\/ -->\n<title>Cadeira Girat\u00f3ria Ergon\u00f4mica Fk Paris Tecido Preto - TEC MAC Office Center<\/title>\n<meta name=\"robots\" content=\"index, follow, max-snippet:-1, max-image-preview:large, max-video-preview:-1\" \/>\n<link rel=\"canonical\" href=\"https:\/\/tecmac.com.br\/index.php\/produto\/cadeira-giratoria-ergonomica-fk-paris-tecido-preto\/\" \/>\n<meta property=\"og:locale\" content=\"pt_BR\" \/>\n<meta property=\"og:type\" content=\"article\" \/>\n<meta property=\"og:title\" content=\"Cadeira Girat\u00f3ria Ergon\u00f4mica Fk Paris Tecido Preto - TEC MAC Office Center\" \/>\n<meta property=\"og:description\" content=\"Cadeira Girat\u00f3ria Ergon\u00f4mica Fk Paris Tecido Preto Espaldar Alto\u00a0Espaldar altoAssento e encosto com capa protetora em polipropilenoEspuma injetada softBase ergon\u00f4mica com duas alavancas de regulagemPist\u00e3o \u00e0 g\u00e1sBra\u00e7os tipo digitador com regulagem de alturaRevestimento em tecidoCor PretaProduto Desmontado sendo a montagem por conta do cliente\u00a0\" \/>\n<meta property=\"og:url\" content=\"https:\/\/tecmac.com.br\/index.php\/produto\/cadeira-giratoria-ergonomica-fk-paris-tecido-preto\/\" \/>\n<meta property=\"og:site_name\" content=\"TEC MAC Office Center\" \/>\n<meta name=\"twitter:card\" content=\"summary_large_image\" \/>\n<script type=\"application\/ld+json\" class=\"yoast-schema-graph\">{\"@context\":\"https:\/\/schema.org\",\"@graph\":[{\"@type\":\"WebSite\",\"@id\":\"https:\/\/tecmac.com.br\/#website\",\"url\":\"https:\/\/tecmac.com.br\/\",\"name\":\"TEC MAC Office Center\",\"description\":\"H\\u00e1 32 anos agregando qualidade e desempenho aos escrit\\u00f3rios\",\"potentialAction\":[{\"@type\":\"SearchAction\",\"target\":\"https:\/\/tecmac.com.br\/?s={search_term_string}\",\"query-input\":\"required name=search_term_string\"}],\"inLanguage\":\"pt-BR\"},{\"@type\":\"WebPage\",\"@id\":\"https:\/\/tecmac.com.br\/index.php\/produto\/cadeira-giratoria-ergonomica-fk-paris-tecido-preto\/#webpage\",\"url\":\"https:\/\/tecmac.com.br\/index.php\/produto\/cadeira-giratoria-ergonomica-fk-paris-tecido-preto\/\",\"name\":\"Cadeira Girat\\u00f3ria Ergon\\u00f4mica Fk Paris Tecido Preto - TEC MAC Office Center\",\"isPartOf\":{\"@id\":\"https:\/\/tecmac.com.br\/#website\"},\"datePublished\":\"2021-01-04T12:25:20+00:00\",\"dateModified\":\"2021-01-04T12:25:20+00:00\",\"inLanguage\":\"pt-BR\",\"potentialAction\":[{\"@type\":\"ReadAction\",\"target\":[\"https:\/\/tecmac.com.br\/index.php\/produto\/cadeira-giratoria-ergonomica-fk-paris-tecido-preto\/\"]}]}]}<\/script>\n<!-- \/ Yoast SEO plugin. -->","_links":{"self":[{"href":"https:\/\/tecmac.com.br\/index.php\/wp-json\/wp\/v2\/product\/1738"}],"collection":[{"href":"https:\/\/tecmac.com.br\/index.php\/wp-json\/wp\/v2\/product"}],"about":[{"href":"https:\/\/tecmac.com.br\/index.php\/wp-json\/wp\/v2\/types\/product"}],"replies":[{"embeddable":true,"href":"https:\/\/tecmac.com.br\/index.php\/wp-json\/wp\/v2\/comments?post=1738"}],"wp:attachment":[{"href":"https:\/\/tecmac.com.br\/index.php\/wp-json\/wp\/v2\/media?parent=1738"}],"curies":[{"name":"wp","href":"https:\/\/api.w.org\/{rel}","templated":true}]}}