{"id":1744,"date":"2021-01-04T09:25:53","date_gmt":"2021-01-04T12:25:53","guid":{"rendered":"https:\/\/tecmac.com.br\/index.php\/produto\/poltrona-presidente-brizza-encosto-tela-back-sisten\/"},"modified":"2021-01-14T16:26:14","modified_gmt":"2021-01-14T19:26:14","slug":"poltrona-presidente-brizza-encosto-tela-back-sisten","status":"publish","type":"product","link":"https:\/\/tecmac.com.br\/index.php\/produto\/poltrona-presidente-brizza-encosto-tela-back-sisten\/","title":{"rendered":"Poltrona Presidente Brizza &#8211; Encosto Tela Back Sisten"},"content":{"rendered":"","protected":false},"excerpt":{"rendered":"<p>&#8211; Poltrona Presidente Brizza<\/p>\n<p>&#8211; Assento Com Espuma Injetada<\/p>\n<p>&#8211; Base Girat\u00f3ria Em Alum\u00ednio- Sistema Syncron De Regul\u00e1gem Com 02 Alavancas De Altura E Inclina\u00e7\u00e3o.<\/p>\n<p>&#8211; Regulagem De Altura Pist\u00e3o \u00c1 G\u00e0s<\/p>\n<p>&#8211; Encosto Revestido Em Tela Preta<\/p>\n<p>&#8211; Revestimento Em Tecido Em Polipropileno Ou Couro Ecologico<\/p>\n<p>&#8211; Bra\u00e7os Em Ppcom Regulagem De Altura<\/p>\n<p>&#8211; Imagens Meramente Ilustrativas<\/p>\n<p>&#8211; Montagem Feita Pelo Cliente<\/p>\n<p>&#8211; Acompanha Manual De Montagem<\/p>\n<p>&#8211; Garantia De 1 Ano<\/p>\n<p>&#8211; Os Produtos Plaxmetal S\u00e3o Projetados Tendo Com Princ\u00edpio B\u00e1sico A Harmonia Entre Forma E Fun\u00e7\u00e3o, Buscando Sempre Estabelecer A Rela\u00e7\u00e3o Perfeita Entre Design, Conforto E Qualidade. Desenvolvemos Op\u00e7\u00f5es Para Atender \u00c1s Necessidades Espec\u00edficas De Cada Cliente Plaxmetal.<\/p>\n<p>Todas as informa\u00e7\u00f5es divulgadas s\u00e3o de responsabilidade do fabricante\/fornecedor.<br \/>Imagens Meramente Ilustrativas.<br \/>Verifique com os fabricantes do produto e de seus componentes eventuais limita\u00e7\u00f5es \u00e0 utiliza\u00e7\u00e3o de todos os recursos e funcionalidades.<br \/>N\u00e3o nos responsabilizamos pela montagem\/instala\u00e7\u00e3o dos produtos.<\/p>\n","protected":false},"featured_media":0,"comment_status":"open","ping_status":"closed","template":"","meta":[],"yoast_head":"<!-- This site is optimized with the Yoast SEO plugin v15.6.2 - https:\/\/yoast.com\/wordpress\/plugins\/seo\/ -->\n<title>Poltrona Presidente Brizza - Encosto Tela Back Sisten - TEC MAC Office Center<\/title>\n<meta name=\"robots\" content=\"index, follow, max-snippet:-1, max-image-preview:large, max-video-preview:-1\" \/>\n<link rel=\"canonical\" href=\"https:\/\/tecmac.com.br\/index.php\/produto\/poltrona-presidente-brizza-encosto-tela-back-sisten\/\" \/>\n<meta property=\"og:locale\" content=\"pt_BR\" \/>\n<meta property=\"og:type\" content=\"article\" \/>\n<meta property=\"og:title\" content=\"Poltrona Presidente Brizza - Encosto Tela Back Sisten - TEC MAC Office Center\" \/>\n<meta property=\"og:description\" content=\"- Poltrona Presidente Brizza - Assento Com Espuma Injetada - Base Girat\u00f3ria Em Alum\u00ednio- Sistema Syncron De Regul\u00e1gem Com 02 Alavancas De Altura E Inclina\u00e7\u00e3o. - Regulagem De Altura Pist\u00e3o \u00c1 G\u00e0s - Encosto Revestido Em Tela Preta - Revestimento Em Tecido Em Polipropileno Ou Couro Ecologico - Bra\u00e7os Em Ppcom Regulagem De Altura - Imagens Meramente Ilustrativas - Montagem Feita Pelo Cliente - Acompanha Manual De Montagem - Garantia De 1 Ano - Os Produtos Plaxmetal S\u00e3o Projetados Tendo Com Princ\u00edpio B\u00e1sico A Harmonia Entre Forma E Fun\u00e7\u00e3o, Buscando Sempre Estabelecer A Rela\u00e7\u00e3o Perfeita Entre Design, Conforto E Qualidade. Desenvolvemos Op\u00e7\u00f5es Para Atender \u00c1s Necessidades Espec\u00edficas De Cada Cliente Plaxmetal. Todas as informa\u00e7\u00f5es divulgadas s\u00e3o de responsabilidade do fabricante\/fornecedor.Imagens Meramente Ilustrativas.Verifique com os fabricantes do produto e de seus componentes eventuais limita\u00e7\u00f5es \u00e0 utiliza\u00e7\u00e3o de todos os recursos e funcionalidades.N\u00e3o nos responsabilizamos pela montagem\/instala\u00e7\u00e3o dos produtos.\" \/>\n<meta property=\"og:url\" content=\"https:\/\/tecmac.com.br\/index.php\/produto\/poltrona-presidente-brizza-encosto-tela-back-sisten\/\" \/>\n<meta property=\"og:site_name\" content=\"TEC MAC Office Center\" \/>\n<meta property=\"article:modified_time\" content=\"2021-01-14T19:26:14+00:00\" \/>\n<meta name=\"twitter:card\" content=\"summary_large_image\" \/>\n<script type=\"application\/ld+json\" class=\"yoast-schema-graph\">{\"@context\":\"https:\/\/schema.org\",\"@graph\":[{\"@type\":\"WebSite\",\"@id\":\"https:\/\/tecmac.com.br\/#website\",\"url\":\"https:\/\/tecmac.com.br\/\",\"name\":\"TEC MAC Office Center\",\"description\":\"H\\u00e1 32 anos agregando qualidade e desempenho aos escrit\\u00f3rios\",\"potentialAction\":[{\"@type\":\"SearchAction\",\"target\":\"https:\/\/tecmac.com.br\/?s={search_term_string}\",\"query-input\":\"required name=search_term_string\"}],\"inLanguage\":\"pt-BR\"},{\"@type\":\"WebPage\",\"@id\":\"https:\/\/tecmac.com.br\/index.php\/produto\/poltrona-presidente-brizza-encosto-tela-back-sisten\/#webpage\",\"url\":\"https:\/\/tecmac.com.br\/index.php\/produto\/poltrona-presidente-brizza-encosto-tela-back-sisten\/\",\"name\":\"Poltrona Presidente Brizza - Encosto Tela Back Sisten - TEC MAC Office Center\",\"isPartOf\":{\"@id\":\"https:\/\/tecmac.com.br\/#website\"},\"datePublished\":\"2021-01-04T12:25:53+00:00\",\"dateModified\":\"2021-01-14T19:26:14+00:00\",\"inLanguage\":\"pt-BR\",\"potentialAction\":[{\"@type\":\"ReadAction\",\"target\":[\"https:\/\/tecmac.com.br\/index.php\/produto\/poltrona-presidente-brizza-encosto-tela-back-sisten\/\"]}]}]}<\/script>\n<!-- \/ Yoast SEO plugin. -->","_links":{"self":[{"href":"https:\/\/tecmac.com.br\/index.php\/wp-json\/wp\/v2\/product\/1744"}],"collection":[{"href":"https:\/\/tecmac.com.br\/index.php\/wp-json\/wp\/v2\/product"}],"about":[{"href":"https:\/\/tecmac.com.br\/index.php\/wp-json\/wp\/v2\/types\/product"}],"replies":[{"embeddable":true,"href":"https:\/\/tecmac.com.br\/index.php\/wp-json\/wp\/v2\/comments?post=1744"}],"wp:attachment":[{"href":"https:\/\/tecmac.com.br\/index.php\/wp-json\/wp\/v2\/media?parent=1744"}],"curies":[{"name":"wp","href":"https:\/\/api.w.org\/{rel}","templated":true}]}}