{"id":1745,"date":"2021-01-04T09:26:00","date_gmt":"2021-01-04T12:26:00","guid":{"rendered":"https:\/\/tecmac.com.br\/index.php\/produto\/cadeira-giratoria-job-executiva-ergonomica-escritorio-tecido-preto-frisokar\/"},"modified":"2021-01-04T09:26:00","modified_gmt":"2021-01-04T12:26:00","slug":"cadeira-giratoria-job-executiva-ergonomica-escritorio-tecido-preto-frisokar","status":"publish","type":"product","link":"https:\/\/tecmac.com.br\/index.php\/produto\/cadeira-giratoria-job-executiva-ergonomica-escritorio-tecido-preto-frisokar\/","title":{"rendered":"Cadeira Girat\u00f3ria Job Executiva Ergonomica Escrit\u00f3rio Tecido Preto Frisokar"},"content":{"rendered":"","protected":false},"excerpt":{"rendered":"<p>PPI1<\/p>\n<p><strong>Descri\u00e7\u00e3o do produto:\u00a0<\/strong>A cadeira executiva girat\u00f3ria JOB conta com base com regul\u00e1gem assento e encosto preenchido por espuma injet\u00e1vel de qualidade, bra\u00e7os com altura ajust\u00e1veis e base black sistem quem permite a regulagem da altura e a inclina\u00e7\u00e3o para tr\u00e1s, garantindo conforto e qualidade do produto.<\/p>\n<\/p>\n<p><strong>Caracteristicas:<\/strong><\/p>\n<\/p>\n<p>Estrutura produzido em madeira compensada anat\u00f4mica;<\/p>\n<p>Revestimento em tecido suede preto de qualidade;<\/p>\n<p>Cadeira ergon\u00f4mica 100% nacional com todas as exig\u00eancias da norma NR17;<\/p>\n<p>Assento e encosto em espuma injetada de alta densidade;<\/p>\n<p>Bra\u00e7os com regulagem altura;<\/p>\n<p>Regulagem de altura do assento e encosto;<\/p>\n<p>Contra capa no assento e encosto em pilipropileno;<\/p>\n<p>Base girat\u00f3ria com regulagem de altura com pist\u00e3o a g\u00e1s, e regulagem no sentido vertical do encosto e com apoio lombar;<\/p>\n<p>Rodizio de nylon em PU de alta resist\u00eancia;<\/p>\n<p>Suporta at\u00e9 120 kg;<\/p>\n<p>Mecanismo Back system com 02 alavancas de regualagem\u00a0com movimento de inclina\u00e7\u00e3o;<\/p>\n<p>Produto enviado embalado com pl\u00e1stico e na caixa de papel\u00e3o;<\/p>\n<\/p>\n<p>\u00a0<\/p>\n<\/p>\n<p><strong>Dimens\u00f5es do produto (L x A x P)<\/strong><\/p>\n<p>62\u00a0x 102\u00a0x 60\u00a0cm\u00a0<\/p>\n<p><strong>Medidas internas\u00a0<\/strong><strong>(L x A x P)<\/strong><\/p>\n<p>Profundidade assento: 47cm<\/p>\n<p>Largura assento: 48 cm<\/p>\n<p>Altura encosto: 53 cm<\/p>\n<\/p>\n<p>\u00a0<\/p>\n<\/p>\n<p><strong>Observa\u00e7\u00f5es importantes:<\/strong><\/p>\n<p>A montagem ser\u00e1 de responsabilidade do comprador;<\/p>\n<p>Responsabilizamo-nos pela entrega em todo territ\u00f3rio nacional, at\u00e9 onde as rodovias alcan\u00e7am, entregas fluviais ou a\u00e9reas devem ser cotadas a parte;<\/p>\n<p>As imagens s\u00e3o ilustrativas, n\u00e3o acompanham objetos de decora\u00e7\u00e3o e eletr\u00f4nicos;<\/p>\n<p>N\u00e3o nos responsabilizamos, no ato da entrega, por subir escadas\/elevadores ou transporte por guincho em apartamentos.<\/p>\n<p>Eventuais despesas s\u00e3o de responsabilidade do comprador;<\/p>\n<p>Confira as dimens\u00f5es do produto e certifique-se de que passar\u00e1 normalmente por supostos elevadores, portas, escadas e\/ou corredores de sua resid\u00eancia;<\/p>\n<p>Para mais informa\u00e7\u00f5es, acesse nossa Central de Atendimento.<\/p>\n<p>\u00a0<\/p>\n","protected":false},"featured_media":0,"comment_status":"open","ping_status":"closed","template":"","meta":[],"yoast_head":"<!-- This site is optimized with the Yoast SEO plugin v15.6.2 - https:\/\/yoast.com\/wordpress\/plugins\/seo\/ -->\n<title>Cadeira Girat\u00f3ria Job Executiva Ergonomica Escrit\u00f3rio Tecido Preto Frisokar - TEC MAC Office Center<\/title>\n<meta name=\"robots\" content=\"index, follow, max-snippet:-1, max-image-preview:large, max-video-preview:-1\" \/>\n<link rel=\"canonical\" href=\"https:\/\/tecmac.com.br\/index.php\/produto\/cadeira-giratoria-job-executiva-ergonomica-escritorio-tecido-preto-frisokar\/\" \/>\n<meta property=\"og:locale\" content=\"pt_BR\" \/>\n<meta property=\"og:type\" content=\"article\" \/>\n<meta property=\"og:title\" content=\"Cadeira Girat\u00f3ria Job Executiva Ergonomica Escrit\u00f3rio Tecido Preto Frisokar - TEC MAC Office Center\" \/>\n<meta property=\"og:description\" content=\"PPI1 Descri\u00e7\u00e3o do produto:\u00a0A cadeira executiva girat\u00f3ria JOB conta com base com regul\u00e1gem assento e encosto preenchido por espuma injet\u00e1vel de qualidade, bra\u00e7os com altura ajust\u00e1veis e base black sistem quem permite a regulagem da altura e a inclina\u00e7\u00e3o para tr\u00e1s, garantindo conforto e qualidade do produto. Caracteristicas: Estrutura produzido em madeira compensada anat\u00f4mica;Revestimento em tecido suede preto de qualidade;Cadeira ergon\u00f4mica 100% nacional com todas as exig\u00eancias da norma NR17;Assento e encosto em espuma injetada de alta densidade;Bra\u00e7os com regulagem altura;Regulagem de altura do assento e encosto;Contra capa no assento e encosto em pilipropileno;Base girat\u00f3ria com regulagem de altura com pist\u00e3o a g\u00e1s, e regulagem no sentido vertical do encosto e com apoio lombar;Rodizio de nylon em PU de alta resist\u00eancia;Suporta at\u00e9 120 kg;Mecanismo Back system com 02 alavancas de regualagem\u00a0com movimento de inclina\u00e7\u00e3o;Produto enviado embalado com pl\u00e1stico e na caixa de papel\u00e3o; \u00a0 Dimens\u00f5es do produto (L x A x P)62\u00a0x 102\u00a0x 60\u00a0cm\u00a0Medidas internas\u00a0(L x A x P)Profundidade assento: 47cmLargura assento: 48 cmAltura encosto: 53 cm \u00a0 Observa\u00e7\u00f5es importantes:A montagem ser\u00e1 de responsabilidade do comprador;Responsabilizamo-nos pela entrega em todo territ\u00f3rio nacional, at\u00e9 onde as rodovias alcan\u00e7am, entregas fluviais ou a\u00e9reas devem ser cotadas a parte;As imagens s\u00e3o ilustrativas, n\u00e3o acompanham objetos de decora\u00e7\u00e3o e eletr\u00f4nicos;N\u00e3o nos responsabilizamos, no ato da entrega, por subir escadas\/elevadores ou transporte por guincho em apartamentos.Eventuais despesas s\u00e3o de responsabilidade do comprador;Confira as dimens\u00f5es do produto e certifique-se de que passar\u00e1 normalmente por supostos elevadores, portas, escadas e\/ou corredores de sua resid\u00eancia;Para mais informa\u00e7\u00f5es, acesse nossa Central de Atendimento. \u00a0\" \/>\n<meta property=\"og:url\" content=\"https:\/\/tecmac.com.br\/index.php\/produto\/cadeira-giratoria-job-executiva-ergonomica-escritorio-tecido-preto-frisokar\/\" \/>\n<meta property=\"og:site_name\" content=\"TEC MAC Office Center\" \/>\n<meta name=\"twitter:card\" content=\"summary_large_image\" \/>\n<script type=\"application\/ld+json\" class=\"yoast-schema-graph\">{\"@context\":\"https:\/\/schema.org\",\"@graph\":[{\"@type\":\"WebSite\",\"@id\":\"https:\/\/tecmac.com.br\/#website\",\"url\":\"https:\/\/tecmac.com.br\/\",\"name\":\"TEC MAC Office Center\",\"description\":\"H\\u00e1 32 anos agregando qualidade e desempenho aos escrit\\u00f3rios\",\"potentialAction\":[{\"@type\":\"SearchAction\",\"target\":\"https:\/\/tecmac.com.br\/?s={search_term_string}\",\"query-input\":\"required name=search_term_string\"}],\"inLanguage\":\"pt-BR\"},{\"@type\":\"WebPage\",\"@id\":\"https:\/\/tecmac.com.br\/index.php\/produto\/cadeira-giratoria-job-executiva-ergonomica-escritorio-tecido-preto-frisokar\/#webpage\",\"url\":\"https:\/\/tecmac.com.br\/index.php\/produto\/cadeira-giratoria-job-executiva-ergonomica-escritorio-tecido-preto-frisokar\/\",\"name\":\"Cadeira Girat\\u00f3ria Job Executiva Ergonomica Escrit\\u00f3rio Tecido Preto Frisokar - TEC MAC Office Center\",\"isPartOf\":{\"@id\":\"https:\/\/tecmac.com.br\/#website\"},\"datePublished\":\"2021-01-04T12:26:00+00:00\",\"dateModified\":\"2021-01-04T12:26:00+00:00\",\"inLanguage\":\"pt-BR\",\"potentialAction\":[{\"@type\":\"ReadAction\",\"target\":[\"https:\/\/tecmac.com.br\/index.php\/produto\/cadeira-giratoria-job-executiva-ergonomica-escritorio-tecido-preto-frisokar\/\"]}]}]}<\/script>\n<!-- \/ Yoast SEO plugin. -->","_links":{"self":[{"href":"https:\/\/tecmac.com.br\/index.php\/wp-json\/wp\/v2\/product\/1745"}],"collection":[{"href":"https:\/\/tecmac.com.br\/index.php\/wp-json\/wp\/v2\/product"}],"about":[{"href":"https:\/\/tecmac.com.br\/index.php\/wp-json\/wp\/v2\/types\/product"}],"replies":[{"embeddable":true,"href":"https:\/\/tecmac.com.br\/index.php\/wp-json\/wp\/v2\/comments?post=1745"}],"wp:attachment":[{"href":"https:\/\/tecmac.com.br\/index.php\/wp-json\/wp\/v2\/media?parent=1745"}],"curies":[{"name":"wp","href":"https:\/\/api.w.org\/{rel}","templated":true}]}}