{"id":1746,"date":"2021-01-04T09:26:10","date_gmt":"2021-01-04T12:26:10","guid":{"rendered":"https:\/\/tecmac.com.br\/index.php\/produto\/cadeira-giratoria-backita-ergonomica-ergo-plus-plaxmetal\/"},"modified":"2021-01-04T09:52:48","modified_gmt":"2021-01-04T12:52:48","slug":"cadeira-giratoria-backita-ergonomica-ergo-plus-plaxmetal","status":"publish","type":"product","link":"https:\/\/tecmac.com.br\/index.php\/produto\/cadeira-giratoria-backita-ergonomica-ergo-plus-plaxmetal\/","title":{"rendered":"CADEIRA GIRAT\u00d3RIA BACKITA ERGON\u00d4MICA ERGO PLUS PLAXMETAL"},"content":{"rendered":"","protected":false},"excerpt":{"rendered":"<p><strong>Cadeira Girat\u00f3ria Ergon\u00f4mica Plax Backita Ergo Plus Tecido Preta<\/strong><\/p>\n<p><strong>\u00a0<\/strong><\/p>\n<p>Espaldar m\u00e9dio<\/p>\n<p>Assento e Encosto espuma injetada e contra capa protetora em polipropileno<\/p>\n<p>Base Backita ergon\u00f4mica com duas regulagens<\/p>\n<p>Pist\u00e3o \u00e0 g\u00e1s<\/p>\n<p>Bra\u00e7os tipo digitador com regulagem<\/p>\n<p>Revestimento em tecido<\/p>\n<p>Cor preta<\/p>\n<p>Produto desmontado sendo a montagem por conta do cliente<\/p>\n<p>Imagem ilustrativa do modelo, cor conforme descritivo (Tecido Preto)<\/p>\n","protected":false},"featured_media":0,"comment_status":"open","ping_status":"closed","template":"","meta":[],"yoast_head":"<!-- This site is optimized with the Yoast SEO plugin v15.6.2 - https:\/\/yoast.com\/wordpress\/plugins\/seo\/ -->\n<title>CADEIRA GIRAT\u00d3RIA BACKITA ERGON\u00d4MICA ERGO PLUS PLAXMETAL - TEC MAC Office Center<\/title>\n<meta name=\"robots\" content=\"index, follow, max-snippet:-1, max-image-preview:large, max-video-preview:-1\" \/>\n<link rel=\"canonical\" href=\"https:\/\/tecmac.com.br\/index.php\/produto\/cadeira-giratoria-backita-ergonomica-ergo-plus-plaxmetal\/\" \/>\n<meta property=\"og:locale\" content=\"pt_BR\" \/>\n<meta property=\"og:type\" content=\"article\" \/>\n<meta property=\"og:title\" content=\"CADEIRA GIRAT\u00d3RIA BACKITA ERGON\u00d4MICA ERGO PLUS PLAXMETAL - TEC MAC Office Center\" \/>\n<meta property=\"og:description\" content=\"Cadeira Girat\u00f3ria Ergon\u00f4mica Plax Backita Ergo Plus Tecido Preta \u00a0 Espaldar m\u00e9dio Assento e Encosto espuma injetada e contra capa protetora em polipropileno Base Backita ergon\u00f4mica com duas regulagens Pist\u00e3o \u00e0 g\u00e1s Bra\u00e7os tipo digitador com regulagem Revestimento em tecido Cor preta Produto desmontado sendo a montagem por conta do cliente Imagem ilustrativa do modelo, cor conforme descritivo (Tecido Preto)\" \/>\n<meta property=\"og:url\" content=\"https:\/\/tecmac.com.br\/index.php\/produto\/cadeira-giratoria-backita-ergonomica-ergo-plus-plaxmetal\/\" \/>\n<meta property=\"og:site_name\" content=\"TEC MAC Office Center\" \/>\n<meta property=\"article:modified_time\" content=\"2021-01-04T12:52:48+00:00\" \/>\n<meta name=\"twitter:card\" content=\"summary_large_image\" \/>\n<script type=\"application\/ld+json\" class=\"yoast-schema-graph\">{\"@context\":\"https:\/\/schema.org\",\"@graph\":[{\"@type\":\"WebSite\",\"@id\":\"https:\/\/tecmac.com.br\/#website\",\"url\":\"https:\/\/tecmac.com.br\/\",\"name\":\"TEC MAC Office Center\",\"description\":\"H\\u00e1 32 anos agregando qualidade e desempenho aos escrit\\u00f3rios\",\"potentialAction\":[{\"@type\":\"SearchAction\",\"target\":\"https:\/\/tecmac.com.br\/?s={search_term_string}\",\"query-input\":\"required name=search_term_string\"}],\"inLanguage\":\"pt-BR\"},{\"@type\":\"WebPage\",\"@id\":\"https:\/\/tecmac.com.br\/index.php\/produto\/cadeira-giratoria-backita-ergonomica-ergo-plus-plaxmetal\/#webpage\",\"url\":\"https:\/\/tecmac.com.br\/index.php\/produto\/cadeira-giratoria-backita-ergonomica-ergo-plus-plaxmetal\/\",\"name\":\"CADEIRA GIRAT\\u00d3RIA BACKITA ERGON\\u00d4MICA ERGO PLUS PLAXMETAL - TEC MAC Office Center\",\"isPartOf\":{\"@id\":\"https:\/\/tecmac.com.br\/#website\"},\"datePublished\":\"2021-01-04T12:26:10+00:00\",\"dateModified\":\"2021-01-04T12:52:48+00:00\",\"inLanguage\":\"pt-BR\",\"potentialAction\":[{\"@type\":\"ReadAction\",\"target\":[\"https:\/\/tecmac.com.br\/index.php\/produto\/cadeira-giratoria-backita-ergonomica-ergo-plus-plaxmetal\/\"]}]}]}<\/script>\n<!-- \/ Yoast SEO plugin. -->","_links":{"self":[{"href":"https:\/\/tecmac.com.br\/index.php\/wp-json\/wp\/v2\/product\/1746"}],"collection":[{"href":"https:\/\/tecmac.com.br\/index.php\/wp-json\/wp\/v2\/product"}],"about":[{"href":"https:\/\/tecmac.com.br\/index.php\/wp-json\/wp\/v2\/types\/product"}],"replies":[{"embeddable":true,"href":"https:\/\/tecmac.com.br\/index.php\/wp-json\/wp\/v2\/comments?post=1746"}],"wp:attachment":[{"href":"https:\/\/tecmac.com.br\/index.php\/wp-json\/wp\/v2\/media?parent=1746"}],"curies":[{"name":"wp","href":"https:\/\/api.w.org\/{rel}","templated":true}]}}