{"id":1757,"date":"2021-01-04T09:26:46","date_gmt":"2021-01-04T12:26:46","guid":{"rendered":"https:\/\/tecmac.com.br\/index.php\/produto\/cadeira-brizza-girat-tela-pres-c-back-systen-c-apoio-lombar-e-cabeca-plaxmetal\/"},"modified":"2021-01-14T16:26:14","modified_gmt":"2021-01-14T19:26:14","slug":"cadeira-brizza-girat-tela-pres-c-back-systen-c-apoio-lombar-e-cabeca-plaxmetal","status":"publish","type":"product","link":"https:\/\/tecmac.com.br\/index.php\/produto\/cadeira-brizza-girat-tela-pres-c-back-systen-c-apoio-lombar-e-cabeca-plaxmetal\/","title":{"rendered":"CADEIRA BRIZZA GIRAT. TELA PRES. C\/ BACK SYSTEN C\/APOIO LOMBAR E CABE\u00c7A PLAXMETAL"},"content":{"rendered":"","protected":false},"excerpt":{"rendered":"<p>CADEIRA BRIZZA TELA PRESIDENTE C\/ BACK SYSTEN C\/BR.DIG. E APOIO P\/CABE\u00c7A PLAXMETAL<\/p>\n<p>\u00a0<\/p>\n<p>Cadeira girat\u00f3ria presidente Brizza Tela bra\u00e7os Digitador Regulavel com apoio de cabe\u00e7a e Relax<\/p>\n<p>A cadeira girat\u00f3ria presidente Brizza tela com bra\u00e7o e Relax, tem seu assento produzido em espuma anat\u00f4mica injetada de alta densidade revestida em couro ecol\u00f3gico, seu encosto e encosto de cabe\u00e7a em tela 100% poli\u00e9ster.A cadeira possui uma base com sistema de regulagem de altura a g\u00e1s e sistema Relax, 1 par de bra\u00e7os regul\u00e1vel em 3 dimens\u00f5es, com estrela diretor a\u00e7o capa refor\u00e7ada, rod\u00edzios Pu que n\u00e3o agridem o piso. Esse produto possui sistema de encaixe de pe\u00e7as que facilitam sua manuten\u00e7\u00e3o caso necess\u00e1rio.<\/p>\n<p>\u00a0<\/p>\n<p>A linha de cadeiras Brizza Tela da Calldan Design M\u00f3veis \u00e9 um produto 100% nacional.Nossa empresa est\u00e1 sempre buscando comercializar produtos que atendem todas as normas t\u00e9cnicas e tend\u00eancias do mercado<\/p>\n<p>\u00a0<\/p>\n<p>&#8211; Material\/Composi\u00e7\u00e3o do Assento: Madeira multi laminada e espuma com densidade controlada<\/p>\n<p>&#8211; Revestimento do Assento: J.Serrano<\/p>\n<p>&#8211; Material\/Composi\u00e7\u00e3o do Encosto: Nylon<\/p>\n<p>&#8211; Material\/Composi\u00e7\u00e3o do Bra\u00e7o: Polipropileno<\/p>\n<p>&#8211; Material\/Composi\u00e7\u00e3o da Base: A\u00e7o com capa protetora em polipropileno<\/p>\n<p>&#8211; Material\/Composi\u00e7\u00e3o do Rod\u00edzio: Rod\u00edzio Pl\u00e1stico<\/p>\n<p>&#8211; Material\/Composi\u00e7\u00e3o da Estrutura: Polipropileno<\/p>\n<p>&#8211; Reclin\u00e1vel: Sim<\/p>\n<p>&#8211; Regulagem de Altura: Pist\u00e3o a g\u00e1s<\/p>\n<p>&#8211; Mecanismo: Relax<\/p>\n<p>&#8211; Dimens\u00f5es do Encosto: 56cm x 43cm (A x L)<\/p>\n<p>&#8211; Dimens\u00f5es do Assento: 50cm x 45cm (L x P)<\/p>\n<p>&#8211; Peso Suportado: 110 kg<\/p>\n<p>&#8211; Peso l\u00edquido aproximado do produto (kg): 17,50kg<\/p>\n<p>&#8211; Embalagem: 01 pe\u00e7a por caixa<\/p>\n<p>&#8211; Conte\u00fado da Embalagem: 01 Cadeira com acess\u00f3rios para montagem e manual de instru\u00e7\u00f5es<\/p>\n<p>&#8211; Garantia do Fornecedor: 01 Ano contra defeitos de fabrica\u00e7\u00e3o<\/p>\n<p>&#8211; Fornecedor: Calldan Design M\u00f3veis<\/p>\n<p>&#8211; Ferramentas necess\u00e1rias (n\u00e3o inclu\u00eddas): Chave de fenda\/Philips<\/p>\n<p>&#8211; N\u00e3o nos responsabilizamos pela montagem\/instala\u00e7\u00e3o de produtos<\/p>\n<p>\u00a0<\/p>\n<p>\u00a0<\/p>\n<p>A linha Brizza Tela foi desenvolvida para ambientes corporativos e home office.<\/p>\n<p>Al\u00e9m do conforto, proporciona harmonia e leveza para seu ambiente.<\/p>\n<p>A Poltrona Brizza Tela possui base girat\u00f3ria, mecanismo back system II (permite regulagem de altura da lombar e inclina\u00e7\u00e3o do encosto), bra\u00e7os regul\u00e1veis e pist\u00e3o a g\u00e1s para regulagem de altura da cadeira.<\/p>\n<p>Medidas<\/p>\n<p>A Poltrona Briza Tela tem 1,22 m de altura por 66 cm de largura e 62 cm de profundidade.<\/p>\n<p>Peso<\/p>\n<p>A Poltrona Briza Tela pesa cerca de 17 kg.<\/p>\n<p>Esta poltrona tem capacidade para suportar at\u00e9 120 kg.<\/p>\n<p>\u00a0<\/p>\n<p>\u00a0<\/p>\n<p class=\"MsoNormal\">Observa\u00e7\u00e3o:<br \/>Produto desmontado. A montagem \u00e9 por conta e responsabilidade do comprador.<\/p>\n<p>\u00a0<\/p>\n","protected":false},"featured_media":1753,"comment_status":"open","ping_status":"closed","template":"","meta":[],"yoast_head":"<!-- This site is optimized with the Yoast SEO plugin v15.6.2 - https:\/\/yoast.com\/wordpress\/plugins\/seo\/ -->\n<title>CADEIRA BRIZZA GIRAT. TELA PRES. C\/ BACK SYSTEN C\/APOIO LOMBAR E CABE\u00c7A PLAXMETAL - TEC MAC Office Center<\/title>\n<meta name=\"robots\" content=\"index, follow, max-snippet:-1, max-image-preview:large, max-video-preview:-1\" \/>\n<link rel=\"canonical\" href=\"https:\/\/tecmac.com.br\/index.php\/produto\/cadeira-brizza-girat-tela-pres-c-back-systen-c-apoio-lombar-e-cabeca-plaxmetal\/\" \/>\n<meta property=\"og:locale\" content=\"pt_BR\" \/>\n<meta property=\"og:type\" content=\"article\" \/>\n<meta property=\"og:title\" content=\"CADEIRA BRIZZA GIRAT. TELA PRES. C\/ BACK SYSTEN C\/APOIO LOMBAR E CABE\u00c7A PLAXMETAL - TEC MAC Office Center\" \/>\n<meta property=\"og:description\" content=\"CADEIRA BRIZZA TELA PRESIDENTE C\/ BACK SYSTEN C\/BR.DIG. E APOIO P\/CABE\u00c7A PLAXMETAL \u00a0 Cadeira girat\u00f3ria presidente Brizza Tela bra\u00e7os Digitador Regulavel com apoio de cabe\u00e7a e Relax A cadeira girat\u00f3ria presidente Brizza tela com bra\u00e7o e Relax, tem seu assento produzido em espuma anat\u00f4mica injetada de alta densidade revestida em couro ecol\u00f3gico, seu encosto e encosto de cabe\u00e7a em tela 100% poli\u00e9ster.A cadeira possui uma base com sistema de regulagem de altura a g\u00e1s e sistema Relax, 1 par de bra\u00e7os regul\u00e1vel em 3 dimens\u00f5es, com estrela diretor a\u00e7o capa refor\u00e7ada, rod\u00edzios Pu que n\u00e3o agridem o piso. Esse produto possui sistema de encaixe de pe\u00e7as que facilitam sua manuten\u00e7\u00e3o caso necess\u00e1rio. \u00a0 A linha de cadeiras Brizza Tela da Calldan Design M\u00f3veis \u00e9 um produto 100% nacional.Nossa empresa est\u00e1 sempre buscando comercializar produtos que atendem todas as normas t\u00e9cnicas e tend\u00eancias do mercado \u00a0 - Material\/Composi\u00e7\u00e3o do Assento: Madeira multi laminada e espuma com densidade controlada - Revestimento do Assento: J.Serrano - Material\/Composi\u00e7\u00e3o do Encosto: Nylon - Material\/Composi\u00e7\u00e3o do Bra\u00e7o: Polipropileno - Material\/Composi\u00e7\u00e3o da Base: A\u00e7o com capa protetora em polipropileno - Material\/Composi\u00e7\u00e3o do Rod\u00edzio: Rod\u00edzio Pl\u00e1stico - Material\/Composi\u00e7\u00e3o da Estrutura: Polipropileno - Reclin\u00e1vel: Sim - Regulagem de Altura: Pist\u00e3o a g\u00e1s - Mecanismo: Relax - Dimens\u00f5es do Encosto: 56cm x 43cm (A x L) - Dimens\u00f5es do Assento: 50cm x 45cm (L x P) - Peso Suportado: 110 kg - Peso l\u00edquido aproximado do produto (kg): 17,50kg - Embalagem: 01 pe\u00e7a por caixa - Conte\u00fado da Embalagem: 01 Cadeira com acess\u00f3rios para montagem e manual de instru\u00e7\u00f5es - Garantia do Fornecedor: 01 Ano contra defeitos de fabrica\u00e7\u00e3o - Fornecedor: Calldan Design M\u00f3veis - Ferramentas necess\u00e1rias (n\u00e3o inclu\u00eddas): Chave de fenda\/Philips - N\u00e3o nos responsabilizamos pela montagem\/instala\u00e7\u00e3o de produtos \u00a0 \u00a0 A linha Brizza Tela foi desenvolvida para ambientes corporativos e home office. Al\u00e9m do conforto, proporciona harmonia e leveza para seu ambiente. A Poltrona Brizza Tela possui base girat\u00f3ria, mecanismo back system II (permite regulagem de altura da lombar e inclina\u00e7\u00e3o do encosto), bra\u00e7os regul\u00e1veis e pist\u00e3o a g\u00e1s para regulagem de altura da cadeira. Medidas A Poltrona Briza Tela tem 1,22 m de altura por 66 cm de largura e 62 cm de profundidade. Peso A Poltrona Briza Tela pesa cerca de 17 kg. Esta poltrona tem capacidade para suportar at\u00e9 120 kg. \u00a0 \u00a0 Observa\u00e7\u00e3o:Produto desmontado. A montagem \u00e9 por conta e responsabilidade do comprador. \u00a0\" \/>\n<meta property=\"og:url\" content=\"https:\/\/tecmac.com.br\/index.php\/produto\/cadeira-brizza-girat-tela-pres-c-back-systen-c-apoio-lombar-e-cabeca-plaxmetal\/\" \/>\n<meta property=\"og:site_name\" content=\"TEC MAC Office Center\" \/>\n<meta property=\"article:modified_time\" content=\"2021-01-14T19:26:14+00:00\" \/>\n<meta property=\"og:image\" content=\"https:\/\/tecmac.com.br\/wp-content\/uploads\/2021\/01\/41144123_1SZ.jpg\" \/>\n\t<meta property=\"og:image:width\" content=\"1000\" \/>\n\t<meta property=\"og:image:height\" content=\"1000\" \/>\n<meta name=\"twitter:card\" content=\"summary_large_image\" \/>\n<script type=\"application\/ld+json\" class=\"yoast-schema-graph\">{\"@context\":\"https:\/\/schema.org\",\"@graph\":[{\"@type\":\"WebSite\",\"@id\":\"https:\/\/tecmac.com.br\/#website\",\"url\":\"https:\/\/tecmac.com.br\/\",\"name\":\"TEC MAC Office Center\",\"description\":\"H\\u00e1 32 anos agregando qualidade e desempenho aos escrit\\u00f3rios\",\"potentialAction\":[{\"@type\":\"SearchAction\",\"target\":\"https:\/\/tecmac.com.br\/?s={search_term_string}\",\"query-input\":\"required name=search_term_string\"}],\"inLanguage\":\"pt-BR\"},{\"@type\":\"ImageObject\",\"@id\":\"https:\/\/tecmac.com.br\/index.php\/produto\/cadeira-brizza-girat-tela-pres-c-back-systen-c-apoio-lombar-e-cabeca-plaxmetal\/#primaryimage\",\"inLanguage\":\"pt-BR\",\"url\":\"https:\/\/tecmac.com.br\/wp-content\/uploads\/2021\/01\/41144123_1SZ.jpg\",\"width\":1000,\"height\":1000},{\"@type\":\"WebPage\",\"@id\":\"https:\/\/tecmac.com.br\/index.php\/produto\/cadeira-brizza-girat-tela-pres-c-back-systen-c-apoio-lombar-e-cabeca-plaxmetal\/#webpage\",\"url\":\"https:\/\/tecmac.com.br\/index.php\/produto\/cadeira-brizza-girat-tela-pres-c-back-systen-c-apoio-lombar-e-cabeca-plaxmetal\/\",\"name\":\"CADEIRA BRIZZA GIRAT. TELA PRES. C\/ BACK SYSTEN C\/APOIO LOMBAR E CABE\\u00c7A PLAXMETAL - TEC MAC Office Center\",\"isPartOf\":{\"@id\":\"https:\/\/tecmac.com.br\/#website\"},\"primaryImageOfPage\":{\"@id\":\"https:\/\/tecmac.com.br\/index.php\/produto\/cadeira-brizza-girat-tela-pres-c-back-systen-c-apoio-lombar-e-cabeca-plaxmetal\/#primaryimage\"},\"datePublished\":\"2021-01-04T12:26:46+00:00\",\"dateModified\":\"2021-01-14T19:26:14+00:00\",\"inLanguage\":\"pt-BR\",\"potentialAction\":[{\"@type\":\"ReadAction\",\"target\":[\"https:\/\/tecmac.com.br\/index.php\/produto\/cadeira-brizza-girat-tela-pres-c-back-systen-c-apoio-lombar-e-cabeca-plaxmetal\/\"]}]}]}<\/script>\n<!-- \/ Yoast SEO plugin. -->","_links":{"self":[{"href":"https:\/\/tecmac.com.br\/index.php\/wp-json\/wp\/v2\/product\/1757"}],"collection":[{"href":"https:\/\/tecmac.com.br\/index.php\/wp-json\/wp\/v2\/product"}],"about":[{"href":"https:\/\/tecmac.com.br\/index.php\/wp-json\/wp\/v2\/types\/product"}],"replies":[{"embeddable":true,"href":"https:\/\/tecmac.com.br\/index.php\/wp-json\/wp\/v2\/comments?post=1757"}],"wp:featuredmedia":[{"embeddable":true,"href":"https:\/\/tecmac.com.br\/index.php\/wp-json\/wp\/v2\/media\/1753"}],"wp:attachment":[{"href":"https:\/\/tecmac.com.br\/index.php\/wp-json\/wp\/v2\/media?parent=1757"}],"curies":[{"name":"wp","href":"https:\/\/api.w.org\/{rel}","templated":true}]}}