{"id":1765,"date":"2021-01-04T09:27:13","date_gmt":"2021-01-04T12:27:13","guid":{"rendered":"https:\/\/tecmac.com.br\/index.php\/produto\/cadeira-para-escritorio-giratoria-sky\/"},"modified":"2021-01-04T10:15:47","modified_gmt":"2021-01-04T13:15:47","slug":"cadeira-para-escritorio-giratoria-sky","status":"publish","type":"product","link":"https:\/\/tecmac.com.br\/index.php\/produto\/cadeira-para-escritorio-giratoria-sky\/","title":{"rendered":"Cadeira Para Escrit\u00f3rio Girat\u00f3ria Sky"},"content":{"rendered":"","protected":false},"excerpt":{"rendered":"<p>CADEIRA PARA ESCRIT\u00d3RIO GIRAT\u00d3RIA SKY<\/p>\n<p>Capas do assento e encosto injetadas em PP, madeira compensada no assento e no encosto para os chassis estruturais.\u00a0<\/p>\n<p>Espumas do assento e encosto injetadas em poliuretano flex\u00edvel de alta densidade e alta resili\u00eancia.\u00a0<\/p>\n<p>Mecanismo Evolution de duas alavancas com movimento de inclina\u00e7\u00e3o\/contato permanente do encosto.\u00a0<\/p>\n<p>Coluna a g\u00e1s, em conformidade DIN 4550, com curso de 120 mm para ajuste de altura do assento, com telesc\u00f3pio para prote\u00e7\u00e3o e acabamento.<\/p>\n<p>Base em nylon com fibra de vidro e di\u00e2metro de 630 mm. Rod\u00edzio em nylon com pista em PU.<\/p>\n<p>Bra\u00e7os com altura regul\u00e1vel, estruturados em chapa de a\u00e7o, com carenagem em polipropileno e apoio superior injetado e PU skin.<\/p>\n<p>Fura\u00e7\u00e3o do mecanismo: 160 x 200 mmFura\u00e7\u00e3o do compensado de assento: 160 x 200 mm (mecanismo) e 55 x 55 mm \u2013 triangular (para bra\u00e7os)<\/p>\n<p>Cor das pe\u00e7as met\u00e1licas e pl\u00e1sticas de acabamento: Preto<\/p>\n","protected":false},"featured_media":1761,"comment_status":"open","ping_status":"closed","template":"","meta":[],"yoast_head":"<!-- This site is optimized with the Yoast SEO plugin v15.6.2 - https:\/\/yoast.com\/wordpress\/plugins\/seo\/ -->\n<title>Cadeira Para Escrit\u00f3rio Girat\u00f3ria Sky - TEC MAC Office Center<\/title>\n<meta name=\"robots\" content=\"index, follow, max-snippet:-1, max-image-preview:large, max-video-preview:-1\" \/>\n<link rel=\"canonical\" href=\"https:\/\/tecmac.com.br\/index.php\/produto\/cadeira-para-escritorio-giratoria-sky\/\" \/>\n<meta property=\"og:locale\" content=\"pt_BR\" \/>\n<meta property=\"og:type\" content=\"article\" \/>\n<meta property=\"og:title\" content=\"Cadeira Para Escrit\u00f3rio Girat\u00f3ria Sky - TEC MAC Office Center\" \/>\n<meta property=\"og:description\" content=\"CADEIRA PARA ESCRIT\u00d3RIO GIRAT\u00d3RIA SKY Capas do assento e encosto injetadas em PP, madeira compensada no assento e no encosto para os chassis estruturais.\u00a0 Espumas do assento e encosto injetadas em poliuretano flex\u00edvel de alta densidade e alta resili\u00eancia.\u00a0 Mecanismo Evolution de duas alavancas com movimento de inclina\u00e7\u00e3o\/contato permanente do encosto.\u00a0 Coluna a g\u00e1s, em conformidade DIN 4550, com curso de 120 mm para ajuste de altura do assento, com telesc\u00f3pio para prote\u00e7\u00e3o e acabamento. Base em nylon com fibra de vidro e di\u00e2metro de 630 mm. Rod\u00edzio em nylon com pista em PU. Bra\u00e7os com altura regul\u00e1vel, estruturados em chapa de a\u00e7o, com carenagem em polipropileno e apoio superior injetado e PU skin. Fura\u00e7\u00e3o do mecanismo: 160 x 200 mmFura\u00e7\u00e3o do compensado de assento: 160 x 200 mm (mecanismo) e 55 x 55 mm \u2013 triangular (para bra\u00e7os) Cor das pe\u00e7as met\u00e1licas e pl\u00e1sticas de acabamento: Preto\" \/>\n<meta property=\"og:url\" content=\"https:\/\/tecmac.com.br\/index.php\/produto\/cadeira-para-escritorio-giratoria-sky\/\" \/>\n<meta property=\"og:site_name\" content=\"TEC MAC Office Center\" \/>\n<meta property=\"article:modified_time\" content=\"2021-01-04T13:15:47+00:00\" \/>\n<meta property=\"og:image\" content=\"https:\/\/tecmac.com.br\/wp-content\/uploads\/2021\/01\/32241101_1SZ.jpg\" \/>\n\t<meta property=\"og:image:width\" content=\"1000\" \/>\n\t<meta property=\"og:image:height\" content=\"1000\" \/>\n<meta name=\"twitter:card\" content=\"summary_large_image\" \/>\n<script type=\"application\/ld+json\" class=\"yoast-schema-graph\">{\"@context\":\"https:\/\/schema.org\",\"@graph\":[{\"@type\":\"WebSite\",\"@id\":\"https:\/\/tecmac.com.br\/#website\",\"url\":\"https:\/\/tecmac.com.br\/\",\"name\":\"TEC MAC Office Center\",\"description\":\"H\\u00e1 32 anos agregando qualidade e desempenho aos escrit\\u00f3rios\",\"potentialAction\":[{\"@type\":\"SearchAction\",\"target\":\"https:\/\/tecmac.com.br\/?s={search_term_string}\",\"query-input\":\"required name=search_term_string\"}],\"inLanguage\":\"pt-BR\"},{\"@type\":\"ImageObject\",\"@id\":\"https:\/\/tecmac.com.br\/index.php\/produto\/cadeira-para-escritorio-giratoria-sky\/#primaryimage\",\"inLanguage\":\"pt-BR\",\"url\":\"https:\/\/tecmac.com.br\/wp-content\/uploads\/2021\/01\/32241101_1SZ.jpg\",\"width\":1000,\"height\":1000},{\"@type\":\"WebPage\",\"@id\":\"https:\/\/tecmac.com.br\/index.php\/produto\/cadeira-para-escritorio-giratoria-sky\/#webpage\",\"url\":\"https:\/\/tecmac.com.br\/index.php\/produto\/cadeira-para-escritorio-giratoria-sky\/\",\"name\":\"Cadeira Para Escrit\\u00f3rio Girat\\u00f3ria Sky - TEC MAC Office Center\",\"isPartOf\":{\"@id\":\"https:\/\/tecmac.com.br\/#website\"},\"primaryImageOfPage\":{\"@id\":\"https:\/\/tecmac.com.br\/index.php\/produto\/cadeira-para-escritorio-giratoria-sky\/#primaryimage\"},\"datePublished\":\"2021-01-04T12:27:13+00:00\",\"dateModified\":\"2021-01-04T13:15:47+00:00\",\"inLanguage\":\"pt-BR\",\"potentialAction\":[{\"@type\":\"ReadAction\",\"target\":[\"https:\/\/tecmac.com.br\/index.php\/produto\/cadeira-para-escritorio-giratoria-sky\/\"]}]}]}<\/script>\n<!-- \/ Yoast SEO plugin. -->","_links":{"self":[{"href":"https:\/\/tecmac.com.br\/index.php\/wp-json\/wp\/v2\/product\/1765"}],"collection":[{"href":"https:\/\/tecmac.com.br\/index.php\/wp-json\/wp\/v2\/product"}],"about":[{"href":"https:\/\/tecmac.com.br\/index.php\/wp-json\/wp\/v2\/types\/product"}],"replies":[{"embeddable":true,"href":"https:\/\/tecmac.com.br\/index.php\/wp-json\/wp\/v2\/comments?post=1765"}],"wp:featuredmedia":[{"embeddable":true,"href":"https:\/\/tecmac.com.br\/index.php\/wp-json\/wp\/v2\/media\/1761"}],"wp:attachment":[{"href":"https:\/\/tecmac.com.br\/index.php\/wp-json\/wp\/v2\/media?parent=1765"}],"curies":[{"name":"wp","href":"https:\/\/api.w.org\/{rel}","templated":true}]}}