{"id":1766,"date":"2021-01-04T09:27:18","date_gmt":"2021-01-04T12:27:18","guid":{"rendered":"https:\/\/tecmac.com.br\/index.php\/produto\/cadeira-job-giratoria-executiva-c-br-dig-ergonomica-fk\/"},"modified":"2021-01-04T09:53:06","modified_gmt":"2021-01-04T12:53:06","slug":"cadeira-job-giratoria-executiva-c-br-dig-ergonomica-fk","status":"publish","type":"product","link":"https:\/\/tecmac.com.br\/index.php\/produto\/cadeira-job-giratoria-executiva-c-br-dig-ergonomica-fk\/","title":{"rendered":"CADEIRA JOB GIRAT\u00d3RIA EXECUTIVA C\/BR DIG. ERGON\u00d4MICA FK"},"content":{"rendered":"<p>FK<\/p>\n","protected":false},"excerpt":{"rendered":"<p><strong>CADEIRA JOB GIRAT\u00d3RIA EXECUTIVA C\/BR DIG. ERGON\u00d4MICA FK<\/strong><\/p>\n<p>\u00a0<\/p>\n<p><strong>Descri\u00e7\u00e3o do produto:\u00a0<\/strong>A cadeira executiva girat\u00f3ria JOB conta com base com regul\u00e1gem assento e encosto preenchido por espuma injet\u00e1vel de qualidade, bra\u00e7os com altura ajust\u00e1veis e base black sistem quem permite a regulagem da altura e a inclina\u00e7\u00e3o para tr\u00e1s, garantindo conforto e qualidade do produto.<\/p>\n<p>\u00a0<\/p>\n<p><strong>Caracteristicas:<\/strong><\/p>\n<p>\u00a0<\/p>\n<p>Estrutura produzido em madeira compensada anat\u00f4mica;<\/p>\n<p>RevestimentoS: Tecido Poliester ou Couro Sint\u00e9tico (C.E. &#8211; Couro Ecol\u00f3gico);<\/p>\n<p>Cadeira ergon\u00f4mica 100% nacional com todas as exig\u00eancias da norma NR17;<\/p>\n<p>Assento e encosto em espuma injetada de alta densidade;<\/p>\n<p>Bra\u00e7os com regulagem altura;<\/p>\n<p>Regulagem de altura do assento e encosto;<\/p>\n<p>Contra capa no assento e encosto em polipropileno;<\/p>\n<p>Base girat\u00f3ria com regulagem de altura com pist\u00e3o a g\u00e1s, e regulagem no sentido vertical do encosto e com apoio lombar;<\/p>\n<p>Rodizio de nylon em PU de alta resist\u00eancia;<\/p>\n<p>Suporta at\u00e9 120 kg;<\/p>\n<p>Mecanismo Back system com 02 alavancas de regualagem\u00a0com movimento de inclina\u00e7\u00e3o;<\/p>\n<p>Produto enviado embalado com pl\u00e1stico e na caixa de papel\u00e3o;<\/p>\n<p>\u00a0<\/p>\n<p>Revestimento de acordo com a escolha: Tecido Poliester ou Couro Sint\u00e9tico.<\/p>\n<p>\u00a0<\/p>\n<p>Cor Preta.<\/p>\n<p>\u00a0<\/p>\n<p><strong>Observa\u00e7\u00f5es importantes:<\/strong><\/p>\n<p>A montagem ser\u00e1 de responsabilidade do comprador;<\/p>\n","protected":false},"featured_media":0,"comment_status":"open","ping_status":"closed","template":"","meta":[],"yoast_head":"<!-- This site is optimized with the Yoast SEO plugin v15.6.2 - https:\/\/yoast.com\/wordpress\/plugins\/seo\/ -->\n<title>CADEIRA JOB GIRAT\u00d3RIA EXECUTIVA C\/BR DIG. ERGON\u00d4MICA FK - TEC MAC Office Center<\/title>\n<meta name=\"robots\" content=\"index, follow, max-snippet:-1, max-image-preview:large, max-video-preview:-1\" \/>\n<link rel=\"canonical\" href=\"https:\/\/tecmac.com.br\/index.php\/produto\/cadeira-job-giratoria-executiva-c-br-dig-ergonomica-fk\/\" \/>\n<meta property=\"og:locale\" content=\"pt_BR\" \/>\n<meta property=\"og:type\" content=\"article\" \/>\n<meta property=\"og:title\" content=\"CADEIRA JOB GIRAT\u00d3RIA EXECUTIVA C\/BR DIG. ERGON\u00d4MICA FK - TEC MAC Office Center\" \/>\n<meta property=\"og:description\" content=\"CADEIRA JOB GIRAT\u00d3RIA EXECUTIVA C\/BR DIG. ERGON\u00d4MICA FK \u00a0 Descri\u00e7\u00e3o do produto:\u00a0A cadeira executiva girat\u00f3ria JOB conta com base com regul\u00e1gem assento e encosto preenchido por espuma injet\u00e1vel de qualidade, bra\u00e7os com altura ajust\u00e1veis e base black sistem quem permite a regulagem da altura e a inclina\u00e7\u00e3o para tr\u00e1s, garantindo conforto e qualidade do produto. \u00a0 Caracteristicas: \u00a0 Estrutura produzido em madeira compensada anat\u00f4mica;RevestimentoS: Tecido Poliester ou Couro Sint\u00e9tico (C.E. - Couro Ecol\u00f3gico);Cadeira ergon\u00f4mica 100% nacional com todas as exig\u00eancias da norma NR17;Assento e encosto em espuma injetada de alta densidade;Bra\u00e7os com regulagem altura;Regulagem de altura do assento e encosto;Contra capa no assento e encosto em polipropileno;Base girat\u00f3ria com regulagem de altura com pist\u00e3o a g\u00e1s, e regulagem no sentido vertical do encosto e com apoio lombar;Rodizio de nylon em PU de alta resist\u00eancia;Suporta at\u00e9 120 kg;Mecanismo Back system com 02 alavancas de regualagem\u00a0com movimento de inclina\u00e7\u00e3o;Produto enviado embalado com pl\u00e1stico e na caixa de papel\u00e3o; \u00a0 Revestimento de acordo com a escolha: Tecido Poliester ou Couro Sint\u00e9tico. \u00a0 Cor Preta. \u00a0 Observa\u00e7\u00f5es importantes:A montagem ser\u00e1 de responsabilidade do comprador;\" \/>\n<meta property=\"og:url\" content=\"https:\/\/tecmac.com.br\/index.php\/produto\/cadeira-job-giratoria-executiva-c-br-dig-ergonomica-fk\/\" \/>\n<meta property=\"og:site_name\" content=\"TEC MAC Office Center\" \/>\n<meta property=\"article:modified_time\" content=\"2021-01-04T12:53:06+00:00\" \/>\n<meta name=\"twitter:card\" content=\"summary_large_image\" \/>\n<script type=\"application\/ld+json\" class=\"yoast-schema-graph\">{\"@context\":\"https:\/\/schema.org\",\"@graph\":[{\"@type\":\"WebSite\",\"@id\":\"https:\/\/tecmac.com.br\/#website\",\"url\":\"https:\/\/tecmac.com.br\/\",\"name\":\"TEC MAC Office Center\",\"description\":\"H\\u00e1 32 anos agregando qualidade e desempenho aos escrit\\u00f3rios\",\"potentialAction\":[{\"@type\":\"SearchAction\",\"target\":\"https:\/\/tecmac.com.br\/?s={search_term_string}\",\"query-input\":\"required name=search_term_string\"}],\"inLanguage\":\"pt-BR\"},{\"@type\":\"WebPage\",\"@id\":\"https:\/\/tecmac.com.br\/index.php\/produto\/cadeira-job-giratoria-executiva-c-br-dig-ergonomica-fk\/#webpage\",\"url\":\"https:\/\/tecmac.com.br\/index.php\/produto\/cadeira-job-giratoria-executiva-c-br-dig-ergonomica-fk\/\",\"name\":\"CADEIRA JOB GIRAT\\u00d3RIA EXECUTIVA C\/BR DIG. ERGON\\u00d4MICA FK - TEC MAC Office Center\",\"isPartOf\":{\"@id\":\"https:\/\/tecmac.com.br\/#website\"},\"datePublished\":\"2021-01-04T12:27:18+00:00\",\"dateModified\":\"2021-01-04T12:53:06+00:00\",\"inLanguage\":\"pt-BR\",\"potentialAction\":[{\"@type\":\"ReadAction\",\"target\":[\"https:\/\/tecmac.com.br\/index.php\/produto\/cadeira-job-giratoria-executiva-c-br-dig-ergonomica-fk\/\"]}]}]}<\/script>\n<!-- \/ Yoast SEO plugin. -->","_links":{"self":[{"href":"https:\/\/tecmac.com.br\/index.php\/wp-json\/wp\/v2\/product\/1766"}],"collection":[{"href":"https:\/\/tecmac.com.br\/index.php\/wp-json\/wp\/v2\/product"}],"about":[{"href":"https:\/\/tecmac.com.br\/index.php\/wp-json\/wp\/v2\/types\/product"}],"replies":[{"embeddable":true,"href":"https:\/\/tecmac.com.br\/index.php\/wp-json\/wp\/v2\/comments?post=1766"}],"wp:attachment":[{"href":"https:\/\/tecmac.com.br\/index.php\/wp-json\/wp\/v2\/media?parent=1766"}],"curies":[{"name":"wp","href":"https:\/\/api.w.org\/{rel}","templated":true}]}}