{"id":1770,"date":"2021-01-04T09:27:28","date_gmt":"2021-01-04T12:27:28","guid":{"rendered":"https:\/\/tecmac.com.br\/index.php\/produto\/cadeira-giratoria-beezi-preto\/"},"modified":"2021-01-04T09:27:28","modified_gmt":"2021-01-04T12:27:28","slug":"cadeira-giratoria-beezi-preto","status":"publish","type":"product","link":"https:\/\/tecmac.com.br\/index.php\/produto\/cadeira-giratoria-beezi-preto\/","title":{"rendered":"Cadeira Girat\u00f3ria Beezi Preto"},"content":{"rendered":"","protected":false},"excerpt":{"rendered":"<p>A Versatilidade Da Linha Beezi Traduzida Nas Diferentes Configura\u00e7\u00f5es Assumidas, Proporciona Conforto Ao Usu\u00e1rio Em Ambientes De Trabalho E Bem-Estar Nos Momentos De Relaxamento. <\/p>\n<p>\u00a0&#8211; Assento Anat\u00f4mico Com Espuja Injeta <\/p>\n<p>&#8211; Encosto Anat\u00f4mico Confeccionado Em Polipropileno <\/p>\n<p>&#8211; Regulagem De Altura Com Sistema De Pist\u00e3o A G\u00e1s <\/p>\n<p>&#8211; Regulagem De Inclina\u00e7\u00e3o Do Encosto Com Sistema Relax <\/p>\n<p>&#8211; Base Girat\u00f3ria Preta Com Rodizios <\/p>\n<p>&#8211; Estrutura Com Bra\u00e7os Fixos Preta. <\/p>\n<p>\u00a0 <\/p>\n<p>\u00a0 Imagens Meramente Ilustrativas <br \/>Acompanha Manual De Montagem <br \/>A Montagem \u00c9 Feita Pelo Cliente.<\/p>\n","protected":false},"featured_media":0,"comment_status":"open","ping_status":"closed","template":"","meta":[],"yoast_head":"<!-- This site is optimized with the Yoast SEO plugin v15.6.2 - https:\/\/yoast.com\/wordpress\/plugins\/seo\/ -->\n<title>Cadeira Girat\u00f3ria Beezi Preto - TEC MAC Office Center<\/title>\n<meta name=\"robots\" content=\"index, follow, max-snippet:-1, max-image-preview:large, max-video-preview:-1\" \/>\n<link rel=\"canonical\" href=\"https:\/\/tecmac.com.br\/index.php\/produto\/cadeira-giratoria-beezi-preto\/\" \/>\n<meta property=\"og:locale\" content=\"pt_BR\" \/>\n<meta property=\"og:type\" content=\"article\" \/>\n<meta property=\"og:title\" content=\"Cadeira Girat\u00f3ria Beezi Preto - TEC MAC Office Center\" \/>\n<meta property=\"og:description\" content=\"A Versatilidade Da Linha Beezi Traduzida Nas Diferentes Configura\u00e7\u00f5es Assumidas, Proporciona Conforto Ao Usu\u00e1rio Em Ambientes De Trabalho E Bem-Estar Nos Momentos De Relaxamento. \u00a0- Assento Anat\u00f4mico Com Espuja Injeta - Encosto Anat\u00f4mico Confeccionado Em Polipropileno - Regulagem De Altura Com Sistema De Pist\u00e3o A G\u00e1s - Regulagem De Inclina\u00e7\u00e3o Do Encosto Com Sistema Relax - Base Girat\u00f3ria Preta Com Rodizios - Estrutura Com Bra\u00e7os Fixos Preta. \u00a0 \u00a0 Imagens Meramente Ilustrativas Acompanha Manual De Montagem A Montagem \u00c9 Feita Pelo Cliente.\" \/>\n<meta property=\"og:url\" content=\"https:\/\/tecmac.com.br\/index.php\/produto\/cadeira-giratoria-beezi-preto\/\" \/>\n<meta property=\"og:site_name\" content=\"TEC MAC Office Center\" \/>\n<meta name=\"twitter:card\" content=\"summary_large_image\" \/>\n<script type=\"application\/ld+json\" class=\"yoast-schema-graph\">{\"@context\":\"https:\/\/schema.org\",\"@graph\":[{\"@type\":\"WebSite\",\"@id\":\"https:\/\/tecmac.com.br\/#website\",\"url\":\"https:\/\/tecmac.com.br\/\",\"name\":\"TEC MAC Office Center\",\"description\":\"H\\u00e1 32 anos agregando qualidade e desempenho aos escrit\\u00f3rios\",\"potentialAction\":[{\"@type\":\"SearchAction\",\"target\":\"https:\/\/tecmac.com.br\/?s={search_term_string}\",\"query-input\":\"required name=search_term_string\"}],\"inLanguage\":\"pt-BR\"},{\"@type\":\"WebPage\",\"@id\":\"https:\/\/tecmac.com.br\/index.php\/produto\/cadeira-giratoria-beezi-preto\/#webpage\",\"url\":\"https:\/\/tecmac.com.br\/index.php\/produto\/cadeira-giratoria-beezi-preto\/\",\"name\":\"Cadeira Girat\\u00f3ria Beezi Preto - TEC MAC Office Center\",\"isPartOf\":{\"@id\":\"https:\/\/tecmac.com.br\/#website\"},\"datePublished\":\"2021-01-04T12:27:28+00:00\",\"dateModified\":\"2021-01-04T12:27:28+00:00\",\"inLanguage\":\"pt-BR\",\"potentialAction\":[{\"@type\":\"ReadAction\",\"target\":[\"https:\/\/tecmac.com.br\/index.php\/produto\/cadeira-giratoria-beezi-preto\/\"]}]}]}<\/script>\n<!-- \/ Yoast SEO plugin. -->","_links":{"self":[{"href":"https:\/\/tecmac.com.br\/index.php\/wp-json\/wp\/v2\/product\/1770"}],"collection":[{"href":"https:\/\/tecmac.com.br\/index.php\/wp-json\/wp\/v2\/product"}],"about":[{"href":"https:\/\/tecmac.com.br\/index.php\/wp-json\/wp\/v2\/types\/product"}],"replies":[{"embeddable":true,"href":"https:\/\/tecmac.com.br\/index.php\/wp-json\/wp\/v2\/comments?post=1770"}],"wp:attachment":[{"href":"https:\/\/tecmac.com.br\/index.php\/wp-json\/wp\/v2\/media?parent=1770"}],"curies":[{"name":"wp","href":"https:\/\/api.w.org\/{rel}","templated":true}]}}