{"id":1771,"date":"2021-01-04T09:27:34","date_gmt":"2021-01-04T12:27:34","guid":{"rendered":"https:\/\/tecmac.com.br\/index.php\/produto\/cadeira-giratoria-ergonomica-backita\/"},"modified":"2021-01-04T09:42:11","modified_gmt":"2021-01-04T12:42:11","slug":"cadeira-giratoria-ergonomica-backita","status":"publish","type":"product","link":"https:\/\/tecmac.com.br\/index.php\/produto\/cadeira-giratoria-ergonomica-backita\/","title":{"rendered":"Cadeira Girat\u00f3ria Ergon\u00f4mica Backita"},"content":{"rendered":"<p>PLAXMETAL<\/p>\n","protected":false},"excerpt":{"rendered":"<p>A linha de cadeiras estofadas operacionais Plaxmetal proporciona conforto ao usu\u00e1rio, e se adapta perfeitamente \u00e0 diferentes ambientes e postos de trabalho. <\/p>\n<p>A linha apresenta caracter\u00edsticas e acabamentos que evidenciam a qualidade dos produtos Plaxmetal, e a preocupa\u00e7\u00e3o com o conforto e o bem-estar de cada um de seus clientes. <\/p>\n<p>&#8211; Espuma injetada densidade 45 <\/p>\n<p>&#8211; Op\u00e7\u00e3o de revestimento em Couro Ecol\u00f3gico ou Tecido Polister<\/p>\n","protected":false},"featured_media":0,"comment_status":"open","ping_status":"closed","template":"","meta":[],"yoast_head":"<!-- This site is optimized with the Yoast SEO plugin v15.6.2 - https:\/\/yoast.com\/wordpress\/plugins\/seo\/ -->\n<title>Cadeira Girat\u00f3ria Ergon\u00f4mica Backita - TEC MAC Office Center<\/title>\n<meta name=\"robots\" content=\"index, follow, max-snippet:-1, max-image-preview:large, max-video-preview:-1\" \/>\n<link rel=\"canonical\" href=\"https:\/\/tecmac.com.br\/index.php\/produto\/cadeira-giratoria-ergonomica-backita\/\" \/>\n<meta property=\"og:locale\" content=\"pt_BR\" \/>\n<meta property=\"og:type\" content=\"article\" \/>\n<meta property=\"og:title\" content=\"Cadeira Girat\u00f3ria Ergon\u00f4mica Backita - TEC MAC Office Center\" \/>\n<meta property=\"og:description\" content=\"A linha de cadeiras estofadas operacionais Plaxmetal proporciona conforto ao usu\u00e1rio, e se adapta perfeitamente \u00e0 diferentes ambientes e postos de trabalho. A linha apresenta caracter\u00edsticas e acabamentos que evidenciam a qualidade dos produtos Plaxmetal, e a preocupa\u00e7\u00e3o com o conforto e o bem-estar de cada um de seus clientes. - Espuma injetada densidade 45 - Op\u00e7\u00e3o de revestimento em Couro Ecol\u00f3gico ou Tecido Polister\" \/>\n<meta property=\"og:url\" content=\"https:\/\/tecmac.com.br\/index.php\/produto\/cadeira-giratoria-ergonomica-backita\/\" \/>\n<meta property=\"og:site_name\" content=\"TEC MAC Office Center\" \/>\n<meta property=\"article:modified_time\" content=\"2021-01-04T12:42:11+00:00\" \/>\n<meta name=\"twitter:card\" content=\"summary_large_image\" \/>\n<script type=\"application\/ld+json\" class=\"yoast-schema-graph\">{\"@context\":\"https:\/\/schema.org\",\"@graph\":[{\"@type\":\"WebSite\",\"@id\":\"https:\/\/tecmac.com.br\/#website\",\"url\":\"https:\/\/tecmac.com.br\/\",\"name\":\"TEC MAC Office Center\",\"description\":\"H\\u00e1 32 anos agregando qualidade e desempenho aos escrit\\u00f3rios\",\"potentialAction\":[{\"@type\":\"SearchAction\",\"target\":\"https:\/\/tecmac.com.br\/?s={search_term_string}\",\"query-input\":\"required name=search_term_string\"}],\"inLanguage\":\"pt-BR\"},{\"@type\":\"WebPage\",\"@id\":\"https:\/\/tecmac.com.br\/index.php\/produto\/cadeira-giratoria-ergonomica-backita\/#webpage\",\"url\":\"https:\/\/tecmac.com.br\/index.php\/produto\/cadeira-giratoria-ergonomica-backita\/\",\"name\":\"Cadeira Girat\\u00f3ria Ergon\\u00f4mica Backita - TEC MAC Office Center\",\"isPartOf\":{\"@id\":\"https:\/\/tecmac.com.br\/#website\"},\"datePublished\":\"2021-01-04T12:27:34+00:00\",\"dateModified\":\"2021-01-04T12:42:11+00:00\",\"inLanguage\":\"pt-BR\",\"potentialAction\":[{\"@type\":\"ReadAction\",\"target\":[\"https:\/\/tecmac.com.br\/index.php\/produto\/cadeira-giratoria-ergonomica-backita\/\"]}]}]}<\/script>\n<!-- \/ Yoast SEO plugin. -->","_links":{"self":[{"href":"https:\/\/tecmac.com.br\/index.php\/wp-json\/wp\/v2\/product\/1771"}],"collection":[{"href":"https:\/\/tecmac.com.br\/index.php\/wp-json\/wp\/v2\/product"}],"about":[{"href":"https:\/\/tecmac.com.br\/index.php\/wp-json\/wp\/v2\/types\/product"}],"replies":[{"embeddable":true,"href":"https:\/\/tecmac.com.br\/index.php\/wp-json\/wp\/v2\/comments?post=1771"}],"wp:attachment":[{"href":"https:\/\/tecmac.com.br\/index.php\/wp-json\/wp\/v2\/media?parent=1771"}],"curies":[{"name":"wp","href":"https:\/\/api.w.org\/{rel}","templated":true}]}}