{"id":1772,"date":"2021-01-04T09:27:41","date_gmt":"2021-01-04T12:27:41","guid":{"rendered":"https:\/\/tecmac.com.br\/index.php\/produto\/cadeira-giratoria-paris-ergonomica-espaldar-alto-fk\/"},"modified":"2021-01-06T13:54:08","modified_gmt":"2021-01-06T16:54:08","slug":"cadeira-giratoria-paris-ergonomica-espaldar-alto-fk","status":"publish","type":"product","link":"https:\/\/tecmac.com.br\/index.php\/produto\/cadeira-giratoria-paris-ergonomica-espaldar-alto-fk\/","title":{"rendered":"CADEIRA GIRAT\u00d3RIA PARIS ERGON\u00d4MICA ESPALDAR ALTO FK"},"content":{"rendered":"","protected":false},"excerpt":{"rendered":"<p><strong>CADEIRA GIRAT\u00d3RIA PARIS ERGON\u00d4MICA ESPALDAR ALTO FK<\/strong><\/p>\n<p>\u00a0<\/p>\n<p><strong>Cadeira Girat\u00f3ria Ergon\u00f4mica Fk Paris Espaldar Alto <\/strong><strong>Tecido Preto<\/strong><\/p>\n<p>Assento e encosto com capa protetora em polipropileno<\/p>\n<p>Espuma injetada soft<\/p>\n<p>Base ergon\u00f4mica com duas alavancas de regulagem<\/p>\n<p>Pist\u00e3o \u00e0 g\u00e1s<\/p>\n<p>Bra\u00e7os tipo digitador com regulagem de altura<\/p>\n<p>Revestimentos: Tecido ou Couro Ecol\u00f3gico (C.E.) mat. sint\u00e9tico.<\/p>\n<p>Cor Preta<\/p>\n<p>Produto Desmontado sendo a montagem por conta do cliente<\/p>\n","protected":false},"featured_media":0,"comment_status":"open","ping_status":"closed","template":"","meta":[],"yoast_head":"<!-- This site is optimized with the Yoast SEO plugin v15.6.2 - https:\/\/yoast.com\/wordpress\/plugins\/seo\/ -->\n<title>CADEIRA GIRAT\u00d3RIA PARIS ERGON\u00d4MICA ESPALDAR ALTO FK - TEC MAC Office Center<\/title>\n<meta name=\"robots\" content=\"index, follow, max-snippet:-1, max-image-preview:large, max-video-preview:-1\" \/>\n<link rel=\"canonical\" href=\"https:\/\/tecmac.com.br\/index.php\/produto\/cadeira-giratoria-paris-ergonomica-espaldar-alto-fk\/\" \/>\n<meta property=\"og:locale\" content=\"pt_BR\" \/>\n<meta property=\"og:type\" content=\"article\" \/>\n<meta property=\"og:title\" content=\"CADEIRA GIRAT\u00d3RIA PARIS ERGON\u00d4MICA ESPALDAR ALTO FK - TEC MAC Office Center\" \/>\n<meta property=\"og:description\" content=\"CADEIRA GIRAT\u00d3RIA PARIS ERGON\u00d4MICA ESPALDAR ALTO FK \u00a0 Cadeira Girat\u00f3ria Ergon\u00f4mica Fk Paris Espaldar Alto Tecido Preto Assento e encosto com capa protetora em polipropileno Espuma injetada soft Base ergon\u00f4mica com duas alavancas de regulagem Pist\u00e3o \u00e0 g\u00e1s Bra\u00e7os tipo digitador com regulagem de altura Revestimentos: Tecido ou Couro Ecol\u00f3gico (C.E.) mat. sint\u00e9tico. Cor Preta Produto Desmontado sendo a montagem por conta do cliente\" \/>\n<meta property=\"og:url\" content=\"https:\/\/tecmac.com.br\/index.php\/produto\/cadeira-giratoria-paris-ergonomica-espaldar-alto-fk\/\" \/>\n<meta property=\"og:site_name\" content=\"TEC MAC Office Center\" \/>\n<meta property=\"article:modified_time\" content=\"2021-01-06T16:54:08+00:00\" \/>\n<meta name=\"twitter:card\" content=\"summary_large_image\" \/>\n<script type=\"application\/ld+json\" class=\"yoast-schema-graph\">{\"@context\":\"https:\/\/schema.org\",\"@graph\":[{\"@type\":\"WebSite\",\"@id\":\"https:\/\/tecmac.com.br\/#website\",\"url\":\"https:\/\/tecmac.com.br\/\",\"name\":\"TEC MAC Office Center\",\"description\":\"H\\u00e1 32 anos agregando qualidade e desempenho aos escrit\\u00f3rios\",\"potentialAction\":[{\"@type\":\"SearchAction\",\"target\":\"https:\/\/tecmac.com.br\/?s={search_term_string}\",\"query-input\":\"required name=search_term_string\"}],\"inLanguage\":\"pt-BR\"},{\"@type\":\"WebPage\",\"@id\":\"https:\/\/tecmac.com.br\/index.php\/produto\/cadeira-giratoria-paris-ergonomica-espaldar-alto-fk\/#webpage\",\"url\":\"https:\/\/tecmac.com.br\/index.php\/produto\/cadeira-giratoria-paris-ergonomica-espaldar-alto-fk\/\",\"name\":\"CADEIRA GIRAT\\u00d3RIA PARIS ERGON\\u00d4MICA ESPALDAR ALTO FK - TEC MAC Office Center\",\"isPartOf\":{\"@id\":\"https:\/\/tecmac.com.br\/#website\"},\"datePublished\":\"2021-01-04T12:27:41+00:00\",\"dateModified\":\"2021-01-06T16:54:08+00:00\",\"inLanguage\":\"pt-BR\",\"potentialAction\":[{\"@type\":\"ReadAction\",\"target\":[\"https:\/\/tecmac.com.br\/index.php\/produto\/cadeira-giratoria-paris-ergonomica-espaldar-alto-fk\/\"]}]}]}<\/script>\n<!-- \/ Yoast SEO plugin. -->","_links":{"self":[{"href":"https:\/\/tecmac.com.br\/index.php\/wp-json\/wp\/v2\/product\/1772"}],"collection":[{"href":"https:\/\/tecmac.com.br\/index.php\/wp-json\/wp\/v2\/product"}],"about":[{"href":"https:\/\/tecmac.com.br\/index.php\/wp-json\/wp\/v2\/types\/product"}],"replies":[{"embeddable":true,"href":"https:\/\/tecmac.com.br\/index.php\/wp-json\/wp\/v2\/comments?post=1772"}],"wp:attachment":[{"href":"https:\/\/tecmac.com.br\/index.php\/wp-json\/wp\/v2\/media?parent=1772"}],"curies":[{"name":"wp","href":"https:\/\/api.w.org\/{rel}","templated":true}]}}