{"id":1777,"date":"2021-01-04T09:27:54","date_gmt":"2021-01-04T12:27:54","guid":{"rendered":"https:\/\/tecmac.com.br\/index.php\/produto\/bracos-digitador-c-regulagem-botao-preto-fk\/"},"modified":"2021-01-13T09:50:53","modified_gmt":"2021-01-13T12:50:53","slug":"bracos-digitador-c-regulagem-botao-preto-fk","status":"publish","type":"product","link":"https:\/\/tecmac.com.br\/index.php\/produto\/bracos-digitador-c-regulagem-botao-preto-fk\/","title":{"rendered":"BRA\u00c7OS DIGITADOR C\/ REGULAGEM BOT\u00c3O PRETO FK"},"content":{"rendered":"","protected":false},"excerpt":{"rendered":"<p>BRA\u00c7OS DIGITADOR C\/ REGULAGEM BOT\u00c3O PRETO FK<\/p>\n<p>\u00a0<\/p>\n<p>Par de Bra\u00e7os Digitador com Regulagem Bot\u00e3o FK<br \/>\u00a0<br \/>Pe\u00e7a para reposi\u00e7\u00e3o ou instala\u00e7\u00e3o em cadeira de escrit\u00f3rio com fura\u00e7\u00e3o compat\u00edvel com o padr\u00e3o FK.<br \/>\u00a0<br \/>Bra\u00e7os com regulagem de altura, ajust\u00e1veis em at\u00e9 07 posi\u00e7\u00f5es por meio de acionamento de bot\u00e3o, confeccionado em a\u00e7o com espessura de 4,75mm, com vinco e pintura a p\u00f3. Carenagem de acabamento e apoia bra\u00e7o em polipropileno medindo 250mm de comprimento x 75mm de largura.<\/p>\n<p>\u00a0<\/p>\n<p>Cor: Preto<br \/>\u00a0<br \/>\u00a0<br \/>OBS: Produto desmontado. N\u00e3o inclui nenhum tipo de montagem ou servi\u00e7o.<\/p>\n","protected":false},"featured_media":1776,"comment_status":"open","ping_status":"closed","template":"","meta":[],"yoast_head":"<!-- This site is optimized with the Yoast SEO plugin v15.6.2 - https:\/\/yoast.com\/wordpress\/plugins\/seo\/ -->\n<title>BRA\u00c7OS DIGITADOR C\/ REGULAGEM BOT\u00c3O PRETO FK - TEC MAC Office Center<\/title>\n<meta name=\"robots\" content=\"index, follow, max-snippet:-1, max-image-preview:large, max-video-preview:-1\" \/>\n<link rel=\"canonical\" href=\"https:\/\/tecmac.com.br\/index.php\/produto\/bracos-digitador-c-regulagem-botao-preto-fk\/\" \/>\n<meta property=\"og:locale\" content=\"pt_BR\" \/>\n<meta property=\"og:type\" content=\"article\" \/>\n<meta property=\"og:title\" content=\"BRA\u00c7OS DIGITADOR C\/ REGULAGEM BOT\u00c3O PRETO FK - TEC MAC Office Center\" \/>\n<meta property=\"og:description\" content=\"BRA\u00c7OS DIGITADOR C\/ REGULAGEM BOT\u00c3O PRETO FK \u00a0 Par de Bra\u00e7os Digitador com Regulagem Bot\u00e3o FK\u00a0Pe\u00e7a para reposi\u00e7\u00e3o ou instala\u00e7\u00e3o em cadeira de escrit\u00f3rio com fura\u00e7\u00e3o compat\u00edvel com o padr\u00e3o FK.\u00a0Bra\u00e7os com regulagem de altura, ajust\u00e1veis em at\u00e9 07 posi\u00e7\u00f5es por meio de acionamento de bot\u00e3o, confeccionado em a\u00e7o com espessura de 4,75mm, com vinco e pintura a p\u00f3. Carenagem de acabamento e apoia bra\u00e7o em polipropileno medindo 250mm de comprimento x 75mm de largura. \u00a0 Cor: Preto\u00a0\u00a0OBS: Produto desmontado. N\u00e3o inclui nenhum tipo de montagem ou servi\u00e7o.\" \/>\n<meta property=\"og:url\" content=\"https:\/\/tecmac.com.br\/index.php\/produto\/bracos-digitador-c-regulagem-botao-preto-fk\/\" \/>\n<meta property=\"og:site_name\" content=\"TEC MAC Office Center\" \/>\n<meta property=\"article:modified_time\" content=\"2021-01-13T12:50:53+00:00\" \/>\n<meta property=\"og:image\" content=\"https:\/\/tecmac.com.br\/wp-content\/uploads\/2021\/01\/1faeeb_fa1d40ec90784b938ece38c5d58b68b3.jpg\" \/>\n\t<meta property=\"og:image:width\" content=\"600\" \/>\n\t<meta property=\"og:image:height\" content=\"600\" \/>\n<meta name=\"twitter:card\" content=\"summary_large_image\" \/>\n<script type=\"application\/ld+json\" class=\"yoast-schema-graph\">{\"@context\":\"https:\/\/schema.org\",\"@graph\":[{\"@type\":\"WebSite\",\"@id\":\"https:\/\/tecmac.com.br\/#website\",\"url\":\"https:\/\/tecmac.com.br\/\",\"name\":\"TEC MAC Office Center\",\"description\":\"H\\u00e1 32 anos agregando qualidade e desempenho aos escrit\\u00f3rios\",\"potentialAction\":[{\"@type\":\"SearchAction\",\"target\":\"https:\/\/tecmac.com.br\/?s={search_term_string}\",\"query-input\":\"required name=search_term_string\"}],\"inLanguage\":\"pt-BR\"},{\"@type\":\"ImageObject\",\"@id\":\"https:\/\/tecmac.com.br\/index.php\/produto\/bracos-digitador-c-regulagem-botao-preto-fk\/#primaryimage\",\"inLanguage\":\"pt-BR\",\"url\":\"https:\/\/tecmac.com.br\/wp-content\/uploads\/2021\/01\/1faeeb_fa1d40ec90784b938ece38c5d58b68b3.jpg\",\"width\":600,\"height\":600},{\"@type\":\"WebPage\",\"@id\":\"https:\/\/tecmac.com.br\/index.php\/produto\/bracos-digitador-c-regulagem-botao-preto-fk\/#webpage\",\"url\":\"https:\/\/tecmac.com.br\/index.php\/produto\/bracos-digitador-c-regulagem-botao-preto-fk\/\",\"name\":\"BRA\\u00c7OS DIGITADOR C\/ REGULAGEM BOT\\u00c3O PRETO FK - TEC MAC Office Center\",\"isPartOf\":{\"@id\":\"https:\/\/tecmac.com.br\/#website\"},\"primaryImageOfPage\":{\"@id\":\"https:\/\/tecmac.com.br\/index.php\/produto\/bracos-digitador-c-regulagem-botao-preto-fk\/#primaryimage\"},\"datePublished\":\"2021-01-04T12:27:54+00:00\",\"dateModified\":\"2021-01-13T12:50:53+00:00\",\"inLanguage\":\"pt-BR\",\"potentialAction\":[{\"@type\":\"ReadAction\",\"target\":[\"https:\/\/tecmac.com.br\/index.php\/produto\/bracos-digitador-c-regulagem-botao-preto-fk\/\"]}]}]}<\/script>\n<!-- \/ Yoast SEO plugin. -->","_links":{"self":[{"href":"https:\/\/tecmac.com.br\/index.php\/wp-json\/wp\/v2\/product\/1777"}],"collection":[{"href":"https:\/\/tecmac.com.br\/index.php\/wp-json\/wp\/v2\/product"}],"about":[{"href":"https:\/\/tecmac.com.br\/index.php\/wp-json\/wp\/v2\/types\/product"}],"replies":[{"embeddable":true,"href":"https:\/\/tecmac.com.br\/index.php\/wp-json\/wp\/v2\/comments?post=1777"}],"wp:featuredmedia":[{"embeddable":true,"href":"https:\/\/tecmac.com.br\/index.php\/wp-json\/wp\/v2\/media\/1776"}],"wp:attachment":[{"href":"https:\/\/tecmac.com.br\/index.php\/wp-json\/wp\/v2\/media?parent=1777"}],"curies":[{"name":"wp","href":"https:\/\/api.w.org\/{rel}","templated":true}]}}