{"id":1779,"date":"2021-01-04T09:28:03","date_gmt":"2021-01-04T12:28:03","guid":{"rendered":"https:\/\/tecmac.com.br\/index.php\/produto\/rodizio-11mm-pp-kit-c-5-un-p-cadeira-giratoria-preto-fk\/"},"modified":"2021-01-18T09:05:00","modified_gmt":"2021-01-18T12:05:00","slug":"rodizio-11mm-pp-kit-c-5-un-p-cadeira-giratoria-preto-fk","status":"publish","type":"product","link":"https:\/\/tecmac.com.br\/index.php\/produto\/rodizio-11mm-pp-kit-c-5-un-p-cadeira-giratoria-preto-fk\/","title":{"rendered":"ROD\u00cdZIO 11MM PP KIT C\/ 5 UN. P\/ CADEIRA GIRAT\u00d3RIA PRETO FK"},"content":{"rendered":"","protected":false},"excerpt":{"rendered":"<p><strong>ROD\u00cdZIO 11MM PP KIT C\/ 5 UN. P\/ CADEIRA GIRAT\u00d3RIA PRETO FK<\/strong><\/p>\n<p>\u00a0<\/p>\n<p><strong>Rod\u00edzio para cadeira escrit\u00f3rio em PP kit com 5 unidades Preto<\/strong><\/p>\n<p><span style=\"color: #383838;font-family: Hind, sans-serif;font-size: 16px\">Montagem: O produto requer montagem, sugerimos que seja contratado algum profissional experiente de sua prefer\u00eancia. * o custo de montagem n\u00e3o est\u00e1 incluso na venda, ou, pre\u00e7o do produto e \u00e9 de inteira responsabilidade do cliente;<\/span><\/p>\n","protected":false},"featured_media":0,"comment_status":"open","ping_status":"closed","template":"","meta":[],"yoast_head":"<!-- This site is optimized with the Yoast SEO plugin v15.6.2 - https:\/\/yoast.com\/wordpress\/plugins\/seo\/ -->\n<title>ROD\u00cdZIO 11MM PP KIT C\/ 5 UN. P\/ CADEIRA GIRAT\u00d3RIA PRETO FK - TEC MAC Office Center<\/title>\n<meta name=\"robots\" content=\"index, follow, max-snippet:-1, max-image-preview:large, max-video-preview:-1\" \/>\n<link rel=\"canonical\" href=\"https:\/\/tecmac.com.br\/index.php\/produto\/rodizio-11mm-pp-kit-c-5-un-p-cadeira-giratoria-preto-fk\/\" \/>\n<meta property=\"og:locale\" content=\"pt_BR\" \/>\n<meta property=\"og:type\" content=\"article\" \/>\n<meta property=\"og:title\" content=\"ROD\u00cdZIO 11MM PP KIT C\/ 5 UN. P\/ CADEIRA GIRAT\u00d3RIA PRETO FK - TEC MAC Office Center\" \/>\n<meta property=\"og:description\" content=\"ROD\u00cdZIO 11MM PP KIT C\/ 5 UN. P\/ CADEIRA GIRAT\u00d3RIA PRETO FK \u00a0 Rod\u00edzio para cadeira escrit\u00f3rio em PP kit com 5 unidades Preto Montagem: O produto requer montagem, sugerimos que seja contratado algum profissional experiente de sua prefer\u00eancia. * o custo de montagem n\u00e3o est\u00e1 incluso na venda, ou, pre\u00e7o do produto e \u00e9 de inteira responsabilidade do cliente;\" \/>\n<meta property=\"og:url\" content=\"https:\/\/tecmac.com.br\/index.php\/produto\/rodizio-11mm-pp-kit-c-5-un-p-cadeira-giratoria-preto-fk\/\" \/>\n<meta property=\"og:site_name\" content=\"TEC MAC Office Center\" \/>\n<meta property=\"article:modified_time\" content=\"2021-01-18T12:05:00+00:00\" \/>\n<meta name=\"twitter:card\" content=\"summary_large_image\" \/>\n<script type=\"application\/ld+json\" class=\"yoast-schema-graph\">{\"@context\":\"https:\/\/schema.org\",\"@graph\":[{\"@type\":\"WebSite\",\"@id\":\"https:\/\/tecmac.com.br\/#website\",\"url\":\"https:\/\/tecmac.com.br\/\",\"name\":\"TEC MAC Office Center\",\"description\":\"H\\u00e1 32 anos agregando qualidade e desempenho aos escrit\\u00f3rios\",\"potentialAction\":[{\"@type\":\"SearchAction\",\"target\":\"https:\/\/tecmac.com.br\/?s={search_term_string}\",\"query-input\":\"required name=search_term_string\"}],\"inLanguage\":\"pt-BR\"},{\"@type\":\"WebPage\",\"@id\":\"https:\/\/tecmac.com.br\/index.php\/produto\/rodizio-11mm-pp-kit-c-5-un-p-cadeira-giratoria-preto-fk\/#webpage\",\"url\":\"https:\/\/tecmac.com.br\/index.php\/produto\/rodizio-11mm-pp-kit-c-5-un-p-cadeira-giratoria-preto-fk\/\",\"name\":\"ROD\\u00cdZIO 11MM PP KIT C\/ 5 UN. P\/ CADEIRA GIRAT\\u00d3RIA PRETO FK - TEC MAC Office Center\",\"isPartOf\":{\"@id\":\"https:\/\/tecmac.com.br\/#website\"},\"datePublished\":\"2021-01-04T12:28:03+00:00\",\"dateModified\":\"2021-01-18T12:05:00+00:00\",\"inLanguage\":\"pt-BR\",\"potentialAction\":[{\"@type\":\"ReadAction\",\"target\":[\"https:\/\/tecmac.com.br\/index.php\/produto\/rodizio-11mm-pp-kit-c-5-un-p-cadeira-giratoria-preto-fk\/\"]}]}]}<\/script>\n<!-- \/ Yoast SEO plugin. -->","_links":{"self":[{"href":"https:\/\/tecmac.com.br\/index.php\/wp-json\/wp\/v2\/product\/1779"}],"collection":[{"href":"https:\/\/tecmac.com.br\/index.php\/wp-json\/wp\/v2\/product"}],"about":[{"href":"https:\/\/tecmac.com.br\/index.php\/wp-json\/wp\/v2\/types\/product"}],"replies":[{"embeddable":true,"href":"https:\/\/tecmac.com.br\/index.php\/wp-json\/wp\/v2\/comments?post=1779"}],"wp:attachment":[{"href":"https:\/\/tecmac.com.br\/index.php\/wp-json\/wp\/v2\/media?parent=1779"}],"curies":[{"name":"wp","href":"https:\/\/api.w.org\/{rel}","templated":true}]}}