{"id":1783,"date":"2021-01-04T09:28:16","date_gmt":"2021-01-04T12:28:16","guid":{"rendered":"https:\/\/tecmac.com.br\/index.php\/produto\/assento-encosto-iso-pp-fk\/"},"modified":"2021-01-08T08:40:12","modified_gmt":"2021-01-08T11:40:12","slug":"assento-encosto-iso-pp-fk","status":"publish","type":"product","link":"https:\/\/tecmac.com.br\/index.php\/produto\/assento-encosto-iso-pp-fk\/","title":{"rendered":"ASSENTO ENCOSTO ISO PP FK"},"content":{"rendered":"","protected":false},"excerpt":{"rendered":"<p>ASSENTO ENCOSTO ISO PP FK<\/p>\n<p>\u00a0<\/p>\n<p>Montagem: O Produto Requer Montagem, Sugerimos Que Seja Contratado Algum Profissional Experiente De Sua Prefer\u00eancia. O Custo De Montagem N\u00e3o Est\u00e1 Incluso Na Venda, Ou, Pre\u00e7o Do Produto E \u00c9 De Inteira Responsabilidade Do Cliente<\/p>\n","protected":false},"featured_media":1781,"comment_status":"open","ping_status":"closed","template":"","meta":[],"yoast_head":"<!-- This site is optimized with the Yoast SEO plugin v15.6.2 - https:\/\/yoast.com\/wordpress\/plugins\/seo\/ -->\n<title>ASSENTO ENCOSTO ISO PP FK - TEC MAC Office Center<\/title>\n<meta name=\"robots\" content=\"index, follow, max-snippet:-1, max-image-preview:large, max-video-preview:-1\" \/>\n<link rel=\"canonical\" href=\"https:\/\/tecmac.com.br\/index.php\/produto\/assento-encosto-iso-pp-fk\/\" \/>\n<meta property=\"og:locale\" content=\"pt_BR\" \/>\n<meta property=\"og:type\" content=\"article\" \/>\n<meta property=\"og:title\" content=\"ASSENTO ENCOSTO ISO PP FK - TEC MAC Office Center\" \/>\n<meta property=\"og:description\" content=\"ASSENTO ENCOSTO ISO PP FK \u00a0 Montagem: O Produto Requer Montagem, Sugerimos Que Seja Contratado Algum Profissional Experiente De Sua Prefer\u00eancia. O Custo De Montagem N\u00e3o Est\u00e1 Incluso Na Venda, Ou, Pre\u00e7o Do Produto E \u00c9 De Inteira Responsabilidade Do Cliente\" \/>\n<meta property=\"og:url\" content=\"https:\/\/tecmac.com.br\/index.php\/produto\/assento-encosto-iso-pp-fk\/\" \/>\n<meta property=\"og:site_name\" content=\"TEC MAC Office Center\" \/>\n<meta property=\"article:modified_time\" content=\"2021-01-08T11:40:12+00:00\" \/>\n<meta property=\"og:image\" content=\"https:\/\/tecmac.com.br\/wp-content\/uploads\/2021\/01\/771ef4697ccbbd5f7fa407ff67934ea0.jpg\" \/>\n\t<meta property=\"og:image:width\" content=\"463\" \/>\n\t<meta property=\"og:image:height\" content=\"463\" \/>\n<meta name=\"twitter:card\" content=\"summary_large_image\" \/>\n<script type=\"application\/ld+json\" class=\"yoast-schema-graph\">{\"@context\":\"https:\/\/schema.org\",\"@graph\":[{\"@type\":\"WebSite\",\"@id\":\"https:\/\/tecmac.com.br\/#website\",\"url\":\"https:\/\/tecmac.com.br\/\",\"name\":\"TEC MAC Office Center\",\"description\":\"H\\u00e1 32 anos agregando qualidade e desempenho aos escrit\\u00f3rios\",\"potentialAction\":[{\"@type\":\"SearchAction\",\"target\":\"https:\/\/tecmac.com.br\/?s={search_term_string}\",\"query-input\":\"required name=search_term_string\"}],\"inLanguage\":\"pt-BR\"},{\"@type\":\"ImageObject\",\"@id\":\"https:\/\/tecmac.com.br\/index.php\/produto\/assento-encosto-iso-pp-fk\/#primaryimage\",\"inLanguage\":\"pt-BR\",\"url\":\"https:\/\/tecmac.com.br\/wp-content\/uploads\/2021\/01\/771ef4697ccbbd5f7fa407ff67934ea0.jpg\",\"width\":463,\"height\":463},{\"@type\":\"WebPage\",\"@id\":\"https:\/\/tecmac.com.br\/index.php\/produto\/assento-encosto-iso-pp-fk\/#webpage\",\"url\":\"https:\/\/tecmac.com.br\/index.php\/produto\/assento-encosto-iso-pp-fk\/\",\"name\":\"ASSENTO ENCOSTO ISO PP FK - TEC MAC Office Center\",\"isPartOf\":{\"@id\":\"https:\/\/tecmac.com.br\/#website\"},\"primaryImageOfPage\":{\"@id\":\"https:\/\/tecmac.com.br\/index.php\/produto\/assento-encosto-iso-pp-fk\/#primaryimage\"},\"datePublished\":\"2021-01-04T12:28:16+00:00\",\"dateModified\":\"2021-01-08T11:40:12+00:00\",\"inLanguage\":\"pt-BR\",\"potentialAction\":[{\"@type\":\"ReadAction\",\"target\":[\"https:\/\/tecmac.com.br\/index.php\/produto\/assento-encosto-iso-pp-fk\/\"]}]}]}<\/script>\n<!-- \/ Yoast SEO plugin. -->","_links":{"self":[{"href":"https:\/\/tecmac.com.br\/index.php\/wp-json\/wp\/v2\/product\/1783"}],"collection":[{"href":"https:\/\/tecmac.com.br\/index.php\/wp-json\/wp\/v2\/product"}],"about":[{"href":"https:\/\/tecmac.com.br\/index.php\/wp-json\/wp\/v2\/types\/product"}],"replies":[{"embeddable":true,"href":"https:\/\/tecmac.com.br\/index.php\/wp-json\/wp\/v2\/comments?post=1783"}],"wp:featuredmedia":[{"embeddable":true,"href":"https:\/\/tecmac.com.br\/index.php\/wp-json\/wp\/v2\/media\/1781"}],"wp:attachment":[{"href":"https:\/\/tecmac.com.br\/index.php\/wp-json\/wp\/v2\/media?parent=1783"}],"curies":[{"name":"wp","href":"https:\/\/api.w.org\/{rel}","templated":true}]}}