{"id":1793,"date":"2021-01-04T09:28:33","date_gmt":"2021-01-04T12:28:33","guid":{"rendered":"https:\/\/tecmac.com.br\/index.php\/produto\/pistao-coluna-gas-classe-3-com-curso-de-115mm\/"},"modified":"2021-01-19T18:28:13","modified_gmt":"2021-01-19T21:28:13","slug":"pistao-coluna-gas-classe-3-com-curso-de-115mm","status":"publish","type":"product","link":"https:\/\/tecmac.com.br\/index.php\/produto\/pistao-coluna-gas-classe-3-com-curso-de-115mm\/","title":{"rendered":"PIST\u00c3O COLUNA GAS CLASSE 3 COM CURSO DE 115MM"},"content":{"rendered":"","protected":false},"excerpt":{"rendered":"<p>Confeccionadas em a\u00e7o tubular NBR6591 Sae 1008\/1010 \u2013 Bfdq \u2013 50,80 x 1,50 mm, com di\u00e2metro externo de 28 mm, com conifica\u00e7\u00e3o 1\u00b026`16 inferior ( Coluna ) e superior ( Pist\u00e3o) e curso 100mm e 130mm. Bucha guia do sistema girat\u00f3rio com regulagem com 100 mm de altura, injetada em Pom (Poli Oxi Metileno \u2013 Poliacetal Copol\u00edmero), com ajuste H7 (0,02 mm) , material este de alta resist\u00eancia ao desgaste e com lubrifica\u00e7\u00e3o pr\u00f3pria permitindo maior facilidade na regulagem de altura e suavidade no movimento girat\u00f3rio <\/p>\n<p>Pist\u00e3o a g\u00e1s provido de corpo met\u00e1lico em tubo de a\u00e7o \u00f828mm e conifica\u00e7\u00e3o 1\u00b026\u201916\u201d, usinado em retifica cil\u00edndrica com tratamento cromado Din 4550 classe 3, haste em a\u00e7o cil\u00edndrico com rolamento em a\u00e7o e amortecedor em Pvc, acoplada a coluna atrav\u00e9s de anel el\u00e1stico. Fosfatizada e pintada em tinta p\u00f3 ep\u00f3xi com camada de tinta da ordem de 80 a 120 \u00b5m ou cromada com camadas da ordem de 40 \u00b5m. O componente em quest\u00e3o atende aos requisitos da norma t\u00e9cnica Abnt Nbr 13962:2006- <\/p>\n<p>M\u00f3veis para Escrit\u00f3rio- Cadeiras -Requisitos e M\u00e9todos de Ensaio. <\/p>\n<p>montagem: O produto requer montagem, sugerimos que seja contratado algum profissional experiente de sua prefer\u00eancia. o custo de montagem n\u00e3o est\u00e1 incluso na venda, ou, pre\u00e7o do produto e \u00e9 de inteira responsabilidade do cliente<\/p>\n","protected":false},"featured_media":1789,"comment_status":"open","ping_status":"closed","template":"","meta":[],"yoast_head":"<!-- This site is optimized with the Yoast SEO plugin v15.6.2 - https:\/\/yoast.com\/wordpress\/plugins\/seo\/ -->\n<title>PIST\u00c3O COLUNA GAS CLASSE 3 COM CURSO DE 115MM - TEC MAC Office Center<\/title>\n<meta name=\"robots\" content=\"index, follow, max-snippet:-1, max-image-preview:large, max-video-preview:-1\" \/>\n<link rel=\"canonical\" href=\"https:\/\/tecmac.com.br\/index.php\/produto\/pistao-coluna-gas-classe-3-com-curso-de-115mm\/\" \/>\n<meta property=\"og:locale\" content=\"pt_BR\" \/>\n<meta property=\"og:type\" content=\"article\" \/>\n<meta property=\"og:title\" content=\"PIST\u00c3O COLUNA GAS CLASSE 3 COM CURSO DE 115MM - TEC MAC Office Center\" \/>\n<meta property=\"og:description\" content=\"Confeccionadas em a\u00e7o tubular NBR6591 Sae 1008\/1010 \u2013 Bfdq \u2013 50,80 x 1,50 mm, com di\u00e2metro externo de 28 mm, com conifica\u00e7\u00e3o 1\u00b026`16 inferior ( Coluna ) e superior ( Pist\u00e3o) e curso 100mm e 130mm. Bucha guia do sistema girat\u00f3rio com regulagem com 100 mm de altura, injetada em Pom (Poli Oxi Metileno \u2013 Poliacetal Copol\u00edmero), com ajuste H7 (0,02 mm) , material este de alta resist\u00eancia ao desgaste e com lubrifica\u00e7\u00e3o pr\u00f3pria permitindo maior facilidade na regulagem de altura e suavidade no movimento girat\u00f3rio Pist\u00e3o a g\u00e1s provido de corpo met\u00e1lico em tubo de a\u00e7o \u00f828mm e conifica\u00e7\u00e3o 1\u00b026\u201916\u201d, usinado em retifica cil\u00edndrica com tratamento cromado Din 4550 classe 3, haste em a\u00e7o cil\u00edndrico com rolamento em a\u00e7o e amortecedor em Pvc, acoplada a coluna atrav\u00e9s de anel el\u00e1stico. Fosfatizada e pintada em tinta p\u00f3 ep\u00f3xi com camada de tinta da ordem de 80 a 120 \u00b5m ou cromada com camadas da ordem de 40 \u00b5m. O componente em quest\u00e3o atende aos requisitos da norma t\u00e9cnica Abnt Nbr 13962:2006- M\u00f3veis para Escrit\u00f3rio- Cadeiras -Requisitos e M\u00e9todos de Ensaio. montagem: O produto requer montagem, sugerimos que seja contratado algum profissional experiente de sua prefer\u00eancia. o custo de montagem n\u00e3o est\u00e1 incluso na venda, ou, pre\u00e7o do produto e \u00e9 de inteira responsabilidade do cliente\" \/>\n<meta property=\"og:url\" content=\"https:\/\/tecmac.com.br\/index.php\/produto\/pistao-coluna-gas-classe-3-com-curso-de-115mm\/\" \/>\n<meta property=\"og:site_name\" content=\"TEC MAC Office Center\" \/>\n<meta property=\"article:modified_time\" content=\"2021-01-19T21:28:13+00:00\" \/>\n<meta property=\"og:image\" content=\"https:\/\/tecmac.com.br\/wp-content\/uploads\/2021\/01\/aa9adb59041cfdfe23db54ba0d6befdaebf89aca.jpg\" \/>\n\t<meta property=\"og:image:width\" content=\"640\" \/>\n\t<meta property=\"og:image:height\" content=\"640\" \/>\n<meta name=\"twitter:card\" content=\"summary_large_image\" \/>\n<script type=\"application\/ld+json\" class=\"yoast-schema-graph\">{\"@context\":\"https:\/\/schema.org\",\"@graph\":[{\"@type\":\"WebSite\",\"@id\":\"https:\/\/tecmac.com.br\/#website\",\"url\":\"https:\/\/tecmac.com.br\/\",\"name\":\"TEC MAC Office Center\",\"description\":\"H\\u00e1 32 anos agregando qualidade e desempenho aos escrit\\u00f3rios\",\"potentialAction\":[{\"@type\":\"SearchAction\",\"target\":\"https:\/\/tecmac.com.br\/?s={search_term_string}\",\"query-input\":\"required name=search_term_string\"}],\"inLanguage\":\"pt-BR\"},{\"@type\":\"ImageObject\",\"@id\":\"https:\/\/tecmac.com.br\/index.php\/produto\/pistao-coluna-gas-classe-3-com-curso-de-115mm\/#primaryimage\",\"inLanguage\":\"pt-BR\",\"url\":\"https:\/\/tecmac.com.br\/wp-content\/uploads\/2021\/01\/aa9adb59041cfdfe23db54ba0d6befdaebf89aca.jpg\",\"width\":640,\"height\":640},{\"@type\":\"WebPage\",\"@id\":\"https:\/\/tecmac.com.br\/index.php\/produto\/pistao-coluna-gas-classe-3-com-curso-de-115mm\/#webpage\",\"url\":\"https:\/\/tecmac.com.br\/index.php\/produto\/pistao-coluna-gas-classe-3-com-curso-de-115mm\/\",\"name\":\"PIST\\u00c3O COLUNA GAS CLASSE 3 COM CURSO DE 115MM - TEC MAC Office Center\",\"isPartOf\":{\"@id\":\"https:\/\/tecmac.com.br\/#website\"},\"primaryImageOfPage\":{\"@id\":\"https:\/\/tecmac.com.br\/index.php\/produto\/pistao-coluna-gas-classe-3-com-curso-de-115mm\/#primaryimage\"},\"datePublished\":\"2021-01-04T12:28:33+00:00\",\"dateModified\":\"2021-01-19T21:28:13+00:00\",\"inLanguage\":\"pt-BR\",\"potentialAction\":[{\"@type\":\"ReadAction\",\"target\":[\"https:\/\/tecmac.com.br\/index.php\/produto\/pistao-coluna-gas-classe-3-com-curso-de-115mm\/\"]}]}]}<\/script>\n<!-- \/ Yoast SEO plugin. -->","_links":{"self":[{"href":"https:\/\/tecmac.com.br\/index.php\/wp-json\/wp\/v2\/product\/1793"}],"collection":[{"href":"https:\/\/tecmac.com.br\/index.php\/wp-json\/wp\/v2\/product"}],"about":[{"href":"https:\/\/tecmac.com.br\/index.php\/wp-json\/wp\/v2\/types\/product"}],"replies":[{"embeddable":true,"href":"https:\/\/tecmac.com.br\/index.php\/wp-json\/wp\/v2\/comments?post=1793"}],"wp:featuredmedia":[{"embeddable":true,"href":"https:\/\/tecmac.com.br\/index.php\/wp-json\/wp\/v2\/media\/1789"}],"wp:attachment":[{"href":"https:\/\/tecmac.com.br\/index.php\/wp-json\/wp\/v2\/media?parent=1793"}],"curies":[{"name":"wp","href":"https:\/\/api.w.org\/{rel}","templated":true}]}}