{"id":1807,"date":"2021-01-04T10:04:15","date_gmt":"2021-01-04T13:04:15","guid":{"rendered":"https:\/\/tecmac.com.br\/index.php\/produto\/som-portatil-philco-ph61-com-cd-player-radio-fm-mp3-aux-in-cinza-preto\/"},"modified":"2021-01-04T10:16:16","modified_gmt":"2021-01-04T13:16:16","slug":"som-portatil-philco-ph61-com-cd-player-radio-fm-mp3-aux-in-cinza-preto","status":"publish","type":"product","link":"https:\/\/tecmac.com.br\/index.php\/produto\/som-portatil-philco-ph61-com-cd-player-radio-fm-mp3-aux-in-cinza-preto\/","title":{"rendered":"Som Port\u00e1til Philco Ph61 com CD Player R\u00e1dio FM MP3 AUX IN &#8211; Cinza\/Preto"},"content":{"rendered":"","protected":false},"excerpt":{"rendered":"<p>Ou\u00e7a suas m\u00fasicas com muito mais qualidade e alta fidelidade de \u00e1udio com o <b>Som Port\u00e1til Philco Ph61.<\/b> Perfeito para todos os tipos de eventos, \u00e9 um equipamento muito vers\u00e1til e pr\u00e1tico, com garantia de qualidade e desempenho, e um visual incompar\u00e1vel.<\/p>\n<p>Ele conta com r\u00e1dio FM est\u00e9reo, entrada auxiliar de \u00e1udio est\u00e9reo (P2), reproduz CD | CD-R\/RW, fun\u00e7\u00e3o Repeat, fun\u00e7\u00e3o Random, fun\u00e7\u00e3o Program e fun\u00e7\u00e3o BASS BOOST que refor\u00e7a os sons graves. Adquira agora mesmo o seu e conte com a qualidade de um produto Philco.<\/p>\n<p><b>Imagens Meramente Ilustrativas.<\/b><br \/>\n<b>Todas as Informa\u00e7\u00f5es divulgadas s\u00e3o de responsabilidade do Fabricante\/Fornecedor.<\/b><br \/>\n<b>Verifique com os fabricantes do produto e de seus componentes eventuais limita\u00e7\u00f5es \u00e0 utiliza\u00e7\u00e3o de todos os recursos e funcionalidades. <\/b><\/p>\n","protected":false},"featured_media":1803,"comment_status":"open","ping_status":"closed","template":"","meta":[],"yoast_head":"<!-- This site is optimized with the Yoast SEO plugin v15.6.2 - https:\/\/yoast.com\/wordpress\/plugins\/seo\/ -->\n<title>Som Port\u00e1til Philco Ph61 com CD Player R\u00e1dio FM MP3 AUX IN - Cinza\/Preto - TEC MAC Office Center<\/title>\n<meta name=\"robots\" content=\"index, follow, max-snippet:-1, max-image-preview:large, max-video-preview:-1\" \/>\n<link rel=\"canonical\" href=\"https:\/\/tecmac.com.br\/index.php\/produto\/som-portatil-philco-ph61-com-cd-player-radio-fm-mp3-aux-in-cinza-preto\/\" \/>\n<meta property=\"og:locale\" content=\"pt_BR\" \/>\n<meta property=\"og:type\" content=\"article\" \/>\n<meta property=\"og:title\" content=\"Som Port\u00e1til Philco Ph61 com CD Player R\u00e1dio FM MP3 AUX IN - Cinza\/Preto - TEC MAC Office Center\" \/>\n<meta property=\"og:description\" content=\"Ou\u00e7a suas m\u00fasicas com muito mais qualidade e alta fidelidade de \u00e1udio com o Som Port\u00e1til Philco Ph61. Perfeito para todos os tipos de eventos, \u00e9 um equipamento muito vers\u00e1til e pr\u00e1tico, com garantia de qualidade e desempenho, e um visual incompar\u00e1vel.Ele conta com r\u00e1dio FM est\u00e9reo, entrada auxiliar de \u00e1udio est\u00e9reo (P2), reproduz CD | CD-R\/RW, fun\u00e7\u00e3o Repeat, fun\u00e7\u00e3o Random, fun\u00e7\u00e3o Program e fun\u00e7\u00e3o BASS BOOST que refor\u00e7a os sons graves. Adquira agora mesmo o seu e conte com a qualidade de um produto Philco. Imagens Meramente Ilustrativas. Todas as Informa\u00e7\u00f5es divulgadas s\u00e3o de responsabilidade do Fabricante\/Fornecedor. Verifique com os fabricantes do produto e de seus componentes eventuais limita\u00e7\u00f5es \u00e0 utiliza\u00e7\u00e3o de todos os recursos e funcionalidades.\" \/>\n<meta property=\"og:url\" content=\"https:\/\/tecmac.com.br\/index.php\/produto\/som-portatil-philco-ph61-com-cd-player-radio-fm-mp3-aux-in-cinza-preto\/\" \/>\n<meta property=\"og:site_name\" content=\"TEC MAC Office Center\" \/>\n<meta property=\"article:modified_time\" content=\"2021-01-04T13:16:16+00:00\" \/>\n<meta property=\"og:image\" content=\"https:\/\/tecmac.com.br\/wp-content\/uploads\/2021\/01\/132221657SZ.jpg\" \/>\n\t<meta property=\"og:image:width\" content=\"1000\" \/>\n\t<meta property=\"og:image:height\" content=\"1000\" \/>\n<meta name=\"twitter:card\" content=\"summary_large_image\" \/>\n<script type=\"application\/ld+json\" class=\"yoast-schema-graph\">{\"@context\":\"https:\/\/schema.org\",\"@graph\":[{\"@type\":\"WebSite\",\"@id\":\"https:\/\/tecmac.com.br\/#website\",\"url\":\"https:\/\/tecmac.com.br\/\",\"name\":\"TEC MAC Office Center\",\"description\":\"H\\u00e1 32 anos agregando qualidade e desempenho aos escrit\\u00f3rios\",\"potentialAction\":[{\"@type\":\"SearchAction\",\"target\":\"https:\/\/tecmac.com.br\/?s={search_term_string}\",\"query-input\":\"required name=search_term_string\"}],\"inLanguage\":\"pt-BR\"},{\"@type\":\"ImageObject\",\"@id\":\"https:\/\/tecmac.com.br\/index.php\/produto\/som-portatil-philco-ph61-com-cd-player-radio-fm-mp3-aux-in-cinza-preto\/#primaryimage\",\"inLanguage\":\"pt-BR\",\"url\":\"https:\/\/tecmac.com.br\/wp-content\/uploads\/2021\/01\/132221657SZ.jpg\",\"width\":1000,\"height\":1000},{\"@type\":\"WebPage\",\"@id\":\"https:\/\/tecmac.com.br\/index.php\/produto\/som-portatil-philco-ph61-com-cd-player-radio-fm-mp3-aux-in-cinza-preto\/#webpage\",\"url\":\"https:\/\/tecmac.com.br\/index.php\/produto\/som-portatil-philco-ph61-com-cd-player-radio-fm-mp3-aux-in-cinza-preto\/\",\"name\":\"Som Port\\u00e1til Philco Ph61 com CD Player R\\u00e1dio FM MP3 AUX IN - Cinza\/Preto - TEC MAC Office Center\",\"isPartOf\":{\"@id\":\"https:\/\/tecmac.com.br\/#website\"},\"primaryImageOfPage\":{\"@id\":\"https:\/\/tecmac.com.br\/index.php\/produto\/som-portatil-philco-ph61-com-cd-player-radio-fm-mp3-aux-in-cinza-preto\/#primaryimage\"},\"datePublished\":\"2021-01-04T13:04:15+00:00\",\"dateModified\":\"2021-01-04T13:16:16+00:00\",\"inLanguage\":\"pt-BR\",\"potentialAction\":[{\"@type\":\"ReadAction\",\"target\":[\"https:\/\/tecmac.com.br\/index.php\/produto\/som-portatil-philco-ph61-com-cd-player-radio-fm-mp3-aux-in-cinza-preto\/\"]}]}]}<\/script>\n<!-- \/ Yoast SEO plugin. -->","_links":{"self":[{"href":"https:\/\/tecmac.com.br\/index.php\/wp-json\/wp\/v2\/product\/1807"}],"collection":[{"href":"https:\/\/tecmac.com.br\/index.php\/wp-json\/wp\/v2\/product"}],"about":[{"href":"https:\/\/tecmac.com.br\/index.php\/wp-json\/wp\/v2\/types\/product"}],"replies":[{"embeddable":true,"href":"https:\/\/tecmac.com.br\/index.php\/wp-json\/wp\/v2\/comments?post=1807"}],"wp:featuredmedia":[{"embeddable":true,"href":"https:\/\/tecmac.com.br\/index.php\/wp-json\/wp\/v2\/media\/1803"}],"wp:attachment":[{"href":"https:\/\/tecmac.com.br\/index.php\/wp-json\/wp\/v2\/media?parent=1807"}],"curies":[{"name":"wp","href":"https:\/\/api.w.org\/{rel}","templated":true}]}}