{"id":1808,"date":"2021-01-04T10:04:19","date_gmt":"2021-01-04T13:04:19","guid":{"rendered":"https:\/\/tecmac.com.br\/index.php\/produto\/liquidificador-cristal-britania-700w-preto-4-velocidades\/"},"modified":"2021-01-04T10:16:31","modified_gmt":"2021-01-04T13:16:31","slug":"liquidificador-cristal-britania-700w-preto-4-velocidades","status":"publish","type":"product","link":"https:\/\/tecmac.com.br\/index.php\/produto\/liquidificador-cristal-britania-700w-preto-4-velocidades\/","title":{"rendered":"Liquidificador Cristal Brit\u00e2nia 700W Preto 4 Velocidades"},"content":{"rendered":"","protected":false},"excerpt":{"rendered":"<p>O liquidificador Cristal da Brit\u00e2nia possui 4 varia\u00e7\u00e3o de velocidades para diferentes receitas: sucos, vitaminas, molhos, sopas etc. Fun\u00e7\u00e3o pulsar, autolimpeza &#8211; fun\u00e7\u00e3o pr\u00e1tica para facilitar limpeza. N\u00e3o precisa coar, possui filtro separa as sementes e o baga\u00e7o.<br \/> <br \/>\nVem com tampa com sobre tampa com orif\u00edcio de dosagem e possibilita a adi\u00e7\u00e3o dos ingredientes durante o preparo. Sua base \u00e9 antiderrapante, copo e tampa com trava, seguran\u00e7a durante o funcionamento.<\/p>\n<p><b>Imagem meramente ilustrativa<\/b><br \/><b>Todas as informa\u00e7\u00f5es divulgadas s\u00e3o de responsabilidade do fabricante\/fornecedor.<\/b><br \/>\n<b>Verifique com os fabricantes do produto e de seus componentes eventuais limita\u00e7\u00f5es \u00e0 utiliza\u00e7\u00e3o de todos os recursos e funcionalidades.<\/b><\/p>\n","protected":false},"featured_media":0,"comment_status":"open","ping_status":"closed","template":"","meta":[],"yoast_head":"<!-- This site is optimized with the Yoast SEO plugin v15.6.2 - https:\/\/yoast.com\/wordpress\/plugins\/seo\/ -->\n<title>Liquidificador Cristal Brit\u00e2nia 700W Preto 4 Velocidades - TEC MAC Office Center<\/title>\n<meta name=\"robots\" content=\"index, follow, max-snippet:-1, max-image-preview:large, max-video-preview:-1\" \/>\n<link rel=\"canonical\" href=\"https:\/\/tecmac.com.br\/index.php\/produto\/liquidificador-cristal-britania-700w-preto-4-velocidades\/\" \/>\n<meta property=\"og:locale\" content=\"pt_BR\" \/>\n<meta property=\"og:type\" content=\"article\" \/>\n<meta property=\"og:title\" content=\"Liquidificador Cristal Brit\u00e2nia 700W Preto 4 Velocidades - TEC MAC Office Center\" \/>\n<meta property=\"og:description\" content=\"O liquidificador Cristal da Brit\u00e2nia possui 4 varia\u00e7\u00e3o de velocidades para diferentes receitas: sucos, vitaminas, molhos, sopas etc. Fun\u00e7\u00e3o pulsar, autolimpeza - fun\u00e7\u00e3o pr\u00e1tica para facilitar limpeza. N\u00e3o precisa coar, possui filtro separa as sementes e o baga\u00e7o. Vem com tampa com sobre tampa com orif\u00edcio de dosagem e possibilita a adi\u00e7\u00e3o dos ingredientes durante o preparo. Sua base \u00e9 antiderrapante, copo e tampa com trava, seguran\u00e7a durante o funcionamento. Imagem meramente ilustrativaTodas as informa\u00e7\u00f5es divulgadas s\u00e3o de responsabilidade do fabricante\/fornecedor. Verifique com os fabricantes do produto e de seus componentes eventuais limita\u00e7\u00f5es \u00e0 utiliza\u00e7\u00e3o de todos os recursos e funcionalidades.\" \/>\n<meta property=\"og:url\" content=\"https:\/\/tecmac.com.br\/index.php\/produto\/liquidificador-cristal-britania-700w-preto-4-velocidades\/\" \/>\n<meta property=\"og:site_name\" content=\"TEC MAC Office Center\" \/>\n<meta property=\"article:modified_time\" content=\"2021-01-04T13:16:31+00:00\" \/>\n<meta name=\"twitter:card\" content=\"summary_large_image\" \/>\n<script type=\"application\/ld+json\" class=\"yoast-schema-graph\">{\"@context\":\"https:\/\/schema.org\",\"@graph\":[{\"@type\":\"WebSite\",\"@id\":\"https:\/\/tecmac.com.br\/#website\",\"url\":\"https:\/\/tecmac.com.br\/\",\"name\":\"TEC MAC Office Center\",\"description\":\"H\\u00e1 32 anos agregando qualidade e desempenho aos escrit\\u00f3rios\",\"potentialAction\":[{\"@type\":\"SearchAction\",\"target\":\"https:\/\/tecmac.com.br\/?s={search_term_string}\",\"query-input\":\"required name=search_term_string\"}],\"inLanguage\":\"pt-BR\"},{\"@type\":\"WebPage\",\"@id\":\"https:\/\/tecmac.com.br\/index.php\/produto\/liquidificador-cristal-britania-700w-preto-4-velocidades\/#webpage\",\"url\":\"https:\/\/tecmac.com.br\/index.php\/produto\/liquidificador-cristal-britania-700w-preto-4-velocidades\/\",\"name\":\"Liquidificador Cristal Brit\\u00e2nia 700W Preto 4 Velocidades - TEC MAC Office Center\",\"isPartOf\":{\"@id\":\"https:\/\/tecmac.com.br\/#website\"},\"datePublished\":\"2021-01-04T13:04:19+00:00\",\"dateModified\":\"2021-01-04T13:16:31+00:00\",\"inLanguage\":\"pt-BR\",\"potentialAction\":[{\"@type\":\"ReadAction\",\"target\":[\"https:\/\/tecmac.com.br\/index.php\/produto\/liquidificador-cristal-britania-700w-preto-4-velocidades\/\"]}]}]}<\/script>\n<!-- \/ Yoast SEO plugin. -->","_links":{"self":[{"href":"https:\/\/tecmac.com.br\/index.php\/wp-json\/wp\/v2\/product\/1808"}],"collection":[{"href":"https:\/\/tecmac.com.br\/index.php\/wp-json\/wp\/v2\/product"}],"about":[{"href":"https:\/\/tecmac.com.br\/index.php\/wp-json\/wp\/v2\/types\/product"}],"replies":[{"embeddable":true,"href":"https:\/\/tecmac.com.br\/index.php\/wp-json\/wp\/v2\/comments?post=1808"}],"wp:attachment":[{"href":"https:\/\/tecmac.com.br\/index.php\/wp-json\/wp\/v2\/media?parent=1808"}],"curies":[{"name":"wp","href":"https:\/\/api.w.org\/{rel}","templated":true}]}}