{"id":1809,"date":"2021-01-04T10:04:23","date_gmt":"2021-01-04T13:04:23","guid":{"rendered":"https:\/\/tecmac.com.br\/index.php\/produto\/batedeira-planetaria-philco-php500-turbo-pr-preto\/"},"modified":"2021-01-04T10:16:43","modified_gmt":"2021-01-04T13:16:43","slug":"batedeira-planetaria-philco-php500-turbo-pr-preto","status":"publish","type":"product","link":"https:\/\/tecmac.com.br\/index.php\/produto\/batedeira-planetaria-philco-php500-turbo-pr-preto\/","title":{"rendered":"Batedeira Planetaria Philco Php500 Turbo Pr &#8211; Preto"},"content":{"rendered":"","protected":false},"excerpt":{"rendered":"<p>#res{<br \/>\ndisplay:none;<br \/>\n}<br \/>\n\/*&#8212;-MEDIA QUERIES&#8212;&#8211;*\/<br \/>\n@media (max-width: 1000px){<br \/>\n#res{<br \/>\ndisplay:block;<br \/>\nwidth:100%;<br \/>\nmax-width:1000px;<br \/>\n}<br \/>\n#desk{<br \/>\ndisplay:none;<br \/>\n}<br \/>\n}<\/p>\n<p>Tigela com capacidade para 4L. Prepare grandes quantidades de uma s\u00f3 vez. Controle de Velocidade com 11 velocidades + Turbo. Varia\u00e7\u00e3o de velocidade para diferentes receitas. Batedor para claras em neve. Prepara de forma r\u00e1pida e eficiente claras em neve, chantili e maionese. Batedor para massas leves. Bate bolos, pudins, mousses e outros cremes. Batedor para massas pesadas. Ideal para preparar pizzas, panetones, p\u00e3es doces ou salgados. Tampa anti respingos. Mais praticidade e higiene na sua cozinha.<\/p>\n<p><b>Todas as informa\u00e7\u00f5es divulgadas s\u00e3o de responsabilidade do fabricante\/fornecedor.<\/b><\/p>\n<p><b>Verifique com os fabricantes do produto e de seus componentes eventuais limita\u00e7\u00f5es \u00e0 utiliza\u00e7\u00e3o de todos os recursos e funcionalidades.<\/b><\/p>\n<p><b>Imagens Meramente Ilustrativas.<\/b><\/p>\n","protected":false},"featured_media":0,"comment_status":"open","ping_status":"closed","template":"","meta":[],"yoast_head":"<!-- This site is optimized with the Yoast SEO plugin v15.6.2 - https:\/\/yoast.com\/wordpress\/plugins\/seo\/ -->\n<title>Batedeira Planetaria Philco Php500 Turbo Pr - Preto - TEC MAC Office Center<\/title>\n<meta name=\"robots\" content=\"index, follow, max-snippet:-1, max-image-preview:large, max-video-preview:-1\" \/>\n<link rel=\"canonical\" href=\"https:\/\/tecmac.com.br\/index.php\/produto\/batedeira-planetaria-philco-php500-turbo-pr-preto\/\" \/>\n<meta property=\"og:locale\" content=\"pt_BR\" \/>\n<meta property=\"og:type\" content=\"article\" \/>\n<meta property=\"og:title\" content=\"Batedeira Planetaria Philco Php500 Turbo Pr - Preto - TEC MAC Office Center\" \/>\n<meta property=\"og:description\" content=\"#res{ display:none; } \/*----MEDIA QUERIES-----*\/ @media (max-width: 1000px){ #res{ display:block; width:100%; max-width:1000px; } #desk{ display:none; } }   Tigela com capacidade para 4L. Prepare grandes quantidades de uma s\u00f3 vez. Controle de Velocidade com 11 velocidades + Turbo. Varia\u00e7\u00e3o de velocidade para diferentes receitas. Batedor para claras em neve. Prepara de forma r\u00e1pida e eficiente claras em neve, chantili e maionese. Batedor para massas leves. Bate bolos, pudins, mousses e outros cremes. Batedor para massas pesadas. Ideal para preparar pizzas, panetones, p\u00e3es doces ou salgados. Tampa anti respingos. Mais praticidade e higiene na sua cozinha.  Todas as informa\u00e7\u00f5es divulgadas s\u00e3o de responsabilidade do fabricante\/fornecedor. Verifique com os fabricantes do produto e de seus componentes eventuais limita\u00e7\u00f5es \u00e0 utiliza\u00e7\u00e3o de todos os recursos e funcionalidades. Imagens Meramente Ilustrativas.\" \/>\n<meta property=\"og:url\" content=\"https:\/\/tecmac.com.br\/index.php\/produto\/batedeira-planetaria-philco-php500-turbo-pr-preto\/\" \/>\n<meta property=\"og:site_name\" content=\"TEC MAC Office Center\" \/>\n<meta property=\"article:modified_time\" content=\"2021-01-04T13:16:43+00:00\" \/>\n<meta name=\"twitter:card\" content=\"summary_large_image\" \/>\n<script type=\"application\/ld+json\" class=\"yoast-schema-graph\">{\"@context\":\"https:\/\/schema.org\",\"@graph\":[{\"@type\":\"WebSite\",\"@id\":\"https:\/\/tecmac.com.br\/#website\",\"url\":\"https:\/\/tecmac.com.br\/\",\"name\":\"TEC MAC Office Center\",\"description\":\"H\\u00e1 32 anos agregando qualidade e desempenho aos escrit\\u00f3rios\",\"potentialAction\":[{\"@type\":\"SearchAction\",\"target\":\"https:\/\/tecmac.com.br\/?s={search_term_string}\",\"query-input\":\"required name=search_term_string\"}],\"inLanguage\":\"pt-BR\"},{\"@type\":\"WebPage\",\"@id\":\"https:\/\/tecmac.com.br\/index.php\/produto\/batedeira-planetaria-philco-php500-turbo-pr-preto\/#webpage\",\"url\":\"https:\/\/tecmac.com.br\/index.php\/produto\/batedeira-planetaria-philco-php500-turbo-pr-preto\/\",\"name\":\"Batedeira Planetaria Philco Php500 Turbo Pr - Preto - TEC MAC Office Center\",\"isPartOf\":{\"@id\":\"https:\/\/tecmac.com.br\/#website\"},\"datePublished\":\"2021-01-04T13:04:23+00:00\",\"dateModified\":\"2021-01-04T13:16:43+00:00\",\"inLanguage\":\"pt-BR\",\"potentialAction\":[{\"@type\":\"ReadAction\",\"target\":[\"https:\/\/tecmac.com.br\/index.php\/produto\/batedeira-planetaria-philco-php500-turbo-pr-preto\/\"]}]}]}<\/script>\n<!-- \/ Yoast SEO plugin. -->","_links":{"self":[{"href":"https:\/\/tecmac.com.br\/index.php\/wp-json\/wp\/v2\/product\/1809"}],"collection":[{"href":"https:\/\/tecmac.com.br\/index.php\/wp-json\/wp\/v2\/product"}],"about":[{"href":"https:\/\/tecmac.com.br\/index.php\/wp-json\/wp\/v2\/types\/product"}],"replies":[{"embeddable":true,"href":"https:\/\/tecmac.com.br\/index.php\/wp-json\/wp\/v2\/comments?post=1809"}],"wp:attachment":[{"href":"https:\/\/tecmac.com.br\/index.php\/wp-json\/wp\/v2\/media?parent=1809"}],"curies":[{"name":"wp","href":"https:\/\/api.w.org\/{rel}","templated":true}]}}