{"id":1811,"date":"2021-01-04T10:04:29","date_gmt":"2021-01-04T13:04:29","guid":{"rendered":"https:\/\/tecmac.com.br\/index.php\/produto\/ferro-a-vapor-britania-fb197a-com-base-antiaderente-azul\/"},"modified":"2021-01-04T10:17:08","modified_gmt":"2021-01-04T13:17:08","slug":"ferro-a-vapor-britania-fb197a-com-base-antiaderente-azul","status":"publish","type":"product","link":"https:\/\/tecmac.com.br\/index.php\/produto\/ferro-a-vapor-britania-fb197a-com-base-antiaderente-azul\/","title":{"rendered":"Ferro \u00e0 Vapor Brit\u00e2nia FB197A com Base Antiaderente Azul"},"content":{"rendered":"","protected":false},"excerpt":{"rendered":"<p>N\u00e3o sofra mais na hora de passar roupas! Com o Ferro \u00e0 Vapor Brit\u00e2nia FB197A suas roupas v\u00e3o ficar bem passadas com muito mais facilidade e praticidade. Desenvolvido com designer moderno e mais leve oferece resultados excelentes sem que voc\u00ea tenha que fazer muito esfor\u00e7o.<\/p>\n<p>Caracteristicas do Produto<\/p>\n<p>&#8211; Salva-bot\u00f5es em toda a base: Para n\u00e3o danificar bot\u00f5es e tecidos .<br \/>&#8211; Base antiaderente com sa\u00eddas de vapor: Super deslizante.<br \/>&#8211; Luz indicadora de funcionamento: Verificar quando o produto est\u00e1 ligado.<br \/>&#8211; Fun\u00e7\u00e3o spray: Ajuda na remo\u00e7\u00e3o de vincos.<br \/>&#8211; Seletor de temperatura:  Escolha a temperatura ideal para cada tipo de tecido.<br \/>&#8211; Cord\u00e3o el\u00e9trico girat\u00f3rio: Auxilia no seu manuseio.<\/p>\n<p><b>Imagens meramente ilustrativas.<\/b><br \/>\n<b>Todas as informa\u00e7\u00f5es divulgadas s\u00e3o de responsabilidade do Fabricante\/Fornecedor.<\/b><br \/>\n<b>Tome cuidado ao manusear o produto quando quente. Riscos de queimadura.<\/b><br \/>\n<b>Confira a voltagem selecionada antes de finalizar a compra.<\/b><\/p>\n","protected":false},"featured_media":0,"comment_status":"open","ping_status":"closed","template":"","meta":[],"yoast_head":"<!-- This site is optimized with the Yoast SEO plugin v15.6.2 - https:\/\/yoast.com\/wordpress\/plugins\/seo\/ -->\n<title>Ferro \u00e0 Vapor Brit\u00e2nia FB197A com Base Antiaderente Azul - TEC MAC Office Center<\/title>\n<meta name=\"robots\" content=\"index, follow, max-snippet:-1, max-image-preview:large, max-video-preview:-1\" \/>\n<link rel=\"canonical\" href=\"https:\/\/tecmac.com.br\/index.php\/produto\/ferro-a-vapor-britania-fb197a-com-base-antiaderente-azul\/\" \/>\n<meta property=\"og:locale\" content=\"pt_BR\" \/>\n<meta property=\"og:type\" content=\"article\" \/>\n<meta property=\"og:title\" content=\"Ferro \u00e0 Vapor Brit\u00e2nia FB197A com Base Antiaderente Azul - TEC MAC Office Center\" \/>\n<meta property=\"og:description\" content=\"N\u00e3o sofra mais na hora de passar roupas! Com o Ferro \u00e0 Vapor Brit\u00e2nia FB197A suas roupas v\u00e3o ficar bem passadas com muito mais facilidade e praticidade. Desenvolvido com designer moderno e mais leve oferece resultados excelentes sem que voc\u00ea tenha que fazer muito esfor\u00e7o.Caracteristicas do Produto- Salva-bot\u00f5es em toda a base: Para n\u00e3o danificar bot\u00f5es e tecidos .- Base antiaderente com sa\u00eddas de vapor: Super deslizante.- Luz indicadora de funcionamento: Verificar quando o produto est\u00e1 ligado.- Fun\u00e7\u00e3o spray: Ajuda na remo\u00e7\u00e3o de vincos.- Seletor de temperatura: Escolha a temperatura ideal para cada tipo de tecido.- Cord\u00e3o el\u00e9trico girat\u00f3rio: Auxilia no seu manuseio. Imagens meramente ilustrativas. Todas as informa\u00e7\u00f5es divulgadas s\u00e3o de responsabilidade do Fabricante\/Fornecedor. Tome cuidado ao manusear o produto quando quente. Riscos de queimadura. Confira a voltagem selecionada antes de finalizar a compra.\" \/>\n<meta property=\"og:url\" content=\"https:\/\/tecmac.com.br\/index.php\/produto\/ferro-a-vapor-britania-fb197a-com-base-antiaderente-azul\/\" \/>\n<meta property=\"og:site_name\" content=\"TEC MAC Office Center\" \/>\n<meta property=\"article:modified_time\" content=\"2021-01-04T13:17:08+00:00\" \/>\n<meta name=\"twitter:card\" content=\"summary_large_image\" \/>\n<script type=\"application\/ld+json\" class=\"yoast-schema-graph\">{\"@context\":\"https:\/\/schema.org\",\"@graph\":[{\"@type\":\"WebSite\",\"@id\":\"https:\/\/tecmac.com.br\/#website\",\"url\":\"https:\/\/tecmac.com.br\/\",\"name\":\"TEC MAC Office Center\",\"description\":\"H\\u00e1 32 anos agregando qualidade e desempenho aos escrit\\u00f3rios\",\"potentialAction\":[{\"@type\":\"SearchAction\",\"target\":\"https:\/\/tecmac.com.br\/?s={search_term_string}\",\"query-input\":\"required name=search_term_string\"}],\"inLanguage\":\"pt-BR\"},{\"@type\":\"WebPage\",\"@id\":\"https:\/\/tecmac.com.br\/index.php\/produto\/ferro-a-vapor-britania-fb197a-com-base-antiaderente-azul\/#webpage\",\"url\":\"https:\/\/tecmac.com.br\/index.php\/produto\/ferro-a-vapor-britania-fb197a-com-base-antiaderente-azul\/\",\"name\":\"Ferro \\u00e0 Vapor Brit\\u00e2nia FB197A com Base Antiaderente Azul - TEC MAC Office Center\",\"isPartOf\":{\"@id\":\"https:\/\/tecmac.com.br\/#website\"},\"datePublished\":\"2021-01-04T13:04:29+00:00\",\"dateModified\":\"2021-01-04T13:17:08+00:00\",\"inLanguage\":\"pt-BR\",\"potentialAction\":[{\"@type\":\"ReadAction\",\"target\":[\"https:\/\/tecmac.com.br\/index.php\/produto\/ferro-a-vapor-britania-fb197a-com-base-antiaderente-azul\/\"]}]}]}<\/script>\n<!-- \/ Yoast SEO plugin. -->","_links":{"self":[{"href":"https:\/\/tecmac.com.br\/index.php\/wp-json\/wp\/v2\/product\/1811"}],"collection":[{"href":"https:\/\/tecmac.com.br\/index.php\/wp-json\/wp\/v2\/product"}],"about":[{"href":"https:\/\/tecmac.com.br\/index.php\/wp-json\/wp\/v2\/types\/product"}],"replies":[{"embeddable":true,"href":"https:\/\/tecmac.com.br\/index.php\/wp-json\/wp\/v2\/comments?post=1811"}],"wp:attachment":[{"href":"https:\/\/tecmac.com.br\/index.php\/wp-json\/wp\/v2\/media?parent=1811"}],"curies":[{"name":"wp","href":"https:\/\/api.w.org\/{rel}","templated":true}]}}