{"id":1814,"date":"2021-01-04T10:06:53","date_gmt":"2021-01-04T13:06:53","guid":{"rendered":"https:\/\/tecmac.com.br\/index.php\/produto\/hd-ssd-240gb-g25-g26-sandisk\/"},"modified":"2021-01-04T10:17:14","modified_gmt":"2021-01-04T13:17:14","slug":"hd-ssd-240gb-g25-g26-sandisk","status":"publish","type":"product","link":"https:\/\/tecmac.com.br\/index.php\/produto\/hd-ssd-240gb-g25-g26-sandisk\/","title":{"rendered":"HD Ssd 240gb G25\/G26 Sandisk"},"content":{"rendered":"","protected":false},"excerpt":{"rendered":"<p><\/p>\n<p><\/p>\n<p><b>Caracter\u00edsticas:<\/b><\/p>\n<p>&#8211; Marca: Sandisk<\/p>\n<p>&#8211; Modelo: SDSSDA-240G-G26<\/p>\n<p><\/p>\n<p><b>Especifica\u00e7\u00f5es:<\/b><\/p>\n<p>&#8211; Capacidade: 240GB<\/p>\n<p>&#8211; Leituras: 530MB\/s\u00a0<\/p>\n<p>&#8211; Grava\u00e7\u00f5es: 440MB\/s\u00a0<\/p>\n<p>&#8211; Interface: SATA Revis\u00e3o 3.0 (6 Gb\/s)<\/p>\n<p>&#8211; Temperatura Operacional: 32 \u00baF a 158 \u00baF (0 \u00baC a 70 \u00baC)<\/p>\n<p>&#8211; Choque: Resistente a at\u00e9 1500 G<\/p>\n<p>&#8211; Vibra\u00e7\u00e3o: 5 gRMS, 10-2000 HZ \/ 4,9 gRMS, 7-800 HZ<\/p>\n<p><\/p>\n<p><b>Conte\u00fado da embalagem:\u00a0<\/b><\/p>\n<p>&#8211; 01 SSD Sandisk PLUS\u00a0<\/p>\n<p><b>Garantia<\/b><br \/>12 meses de garantia<\/p>\n<p><\/p>\n<p><\/p>\n","protected":false},"featured_media":0,"comment_status":"open","ping_status":"closed","template":"","meta":[],"yoast_head":"<!-- This site is optimized with the Yoast SEO plugin v15.6.2 - https:\/\/yoast.com\/wordpress\/plugins\/seo\/ -->\n<title>HD Ssd 240gb G25\/G26 Sandisk - TEC MAC Office Center<\/title>\n<meta name=\"robots\" content=\"index, follow, max-snippet:-1, max-image-preview:large, max-video-preview:-1\" \/>\n<link rel=\"canonical\" href=\"https:\/\/tecmac.com.br\/index.php\/produto\/hd-ssd-240gb-g25-g26-sandisk\/\" \/>\n<meta property=\"og:locale\" content=\"pt_BR\" \/>\n<meta property=\"og:type\" content=\"article\" \/>\n<meta property=\"og:title\" content=\"HD Ssd 240gb G25\/G26 Sandisk - TEC MAC Office Center\" \/>\n<meta property=\"og:description\" content=\"Caracter\u00edsticas:- Marca: Sandisk- Modelo: SDSSDA-240G-G26Especifica\u00e7\u00f5es:- Capacidade: 240GB- Leituras: 530MB\/s\u00a0- Grava\u00e7\u00f5es: 440MB\/s\u00a0- Interface: SATA Revis\u00e3o 3.0 (6 Gb\/s)- Temperatura Operacional: 32 \u00baF a 158 \u00baF (0 \u00baC a 70 \u00baC)- Choque: Resistente a at\u00e9 1500 G- Vibra\u00e7\u00e3o: 5 gRMS, 10-2000 HZ \/ 4,9 gRMS, 7-800 HZConte\u00fado da embalagem:\u00a0- 01 SSD Sandisk PLUS\u00a0Garantia12 meses de garantia\" \/>\n<meta property=\"og:url\" content=\"https:\/\/tecmac.com.br\/index.php\/produto\/hd-ssd-240gb-g25-g26-sandisk\/\" \/>\n<meta property=\"og:site_name\" content=\"TEC MAC Office Center\" \/>\n<meta property=\"article:modified_time\" content=\"2021-01-04T13:17:14+00:00\" \/>\n<meta name=\"twitter:card\" content=\"summary_large_image\" \/>\n<script type=\"application\/ld+json\" class=\"yoast-schema-graph\">{\"@context\":\"https:\/\/schema.org\",\"@graph\":[{\"@type\":\"WebSite\",\"@id\":\"https:\/\/tecmac.com.br\/#website\",\"url\":\"https:\/\/tecmac.com.br\/\",\"name\":\"TEC MAC Office Center\",\"description\":\"H\\u00e1 32 anos agregando qualidade e desempenho aos escrit\\u00f3rios\",\"potentialAction\":[{\"@type\":\"SearchAction\",\"target\":\"https:\/\/tecmac.com.br\/?s={search_term_string}\",\"query-input\":\"required name=search_term_string\"}],\"inLanguage\":\"pt-BR\"},{\"@type\":\"WebPage\",\"@id\":\"https:\/\/tecmac.com.br\/index.php\/produto\/hd-ssd-240gb-g25-g26-sandisk\/#webpage\",\"url\":\"https:\/\/tecmac.com.br\/index.php\/produto\/hd-ssd-240gb-g25-g26-sandisk\/\",\"name\":\"HD Ssd 240gb G25\/G26 Sandisk - TEC MAC Office Center\",\"isPartOf\":{\"@id\":\"https:\/\/tecmac.com.br\/#website\"},\"datePublished\":\"2021-01-04T13:06:53+00:00\",\"dateModified\":\"2021-01-04T13:17:14+00:00\",\"inLanguage\":\"pt-BR\",\"potentialAction\":[{\"@type\":\"ReadAction\",\"target\":[\"https:\/\/tecmac.com.br\/index.php\/produto\/hd-ssd-240gb-g25-g26-sandisk\/\"]}]}]}<\/script>\n<!-- \/ Yoast SEO plugin. -->","_links":{"self":[{"href":"https:\/\/tecmac.com.br\/index.php\/wp-json\/wp\/v2\/product\/1814"}],"collection":[{"href":"https:\/\/tecmac.com.br\/index.php\/wp-json\/wp\/v2\/product"}],"about":[{"href":"https:\/\/tecmac.com.br\/index.php\/wp-json\/wp\/v2\/types\/product"}],"replies":[{"embeddable":true,"href":"https:\/\/tecmac.com.br\/index.php\/wp-json\/wp\/v2\/comments?post=1814"}],"wp:attachment":[{"href":"https:\/\/tecmac.com.br\/index.php\/wp-json\/wp\/v2\/media?parent=1814"}],"curies":[{"name":"wp","href":"https:\/\/api.w.org\/{rel}","templated":true}]}}