{"id":1815,"date":"2021-01-04T10:06:56","date_gmt":"2021-01-04T13:06:56","guid":{"rendered":"https:\/\/tecmac.com.br\/index.php\/produto\/multifuncional-brother-laser-mono-dcp-l2540dw-duplex-rede-wireless\/"},"modified":"2021-01-04T10:17:22","modified_gmt":"2021-01-04T13:17:22","slug":"multifuncional-brother-laser-mono-dcp-l2540dw-duplex-rede-wireless","status":"publish","type":"product","link":"https:\/\/tecmac.com.br\/index.php\/produto\/multifuncional-brother-laser-mono-dcp-l2540dw-duplex-rede-wireless\/","title":{"rendered":"Multifuncional Brother LASER Mono DCP-L2540DW &#8211; DUPLEX, REDE, WIRELESS"},"content":{"rendered":"<p>BROTHER<\/p>\n","protected":false},"excerpt":{"rendered":"<p>Impress\u00e3o<\/p>\n<p>Tecnologia de Impress\u00e3o: Laser<\/p>\n<p>Mem\u00f3ria Padr\u00e3o: 32 MB<\/p>\n<p>Mem\u00f3ria Opcional: N\u00e3o<\/p>\n<p>Velocidade Maxima em Preto (ppm): 30 ppm<\/p>\n<p>Resolu\u00e7\u00e3o (m\u00e1xima) em dpi: 2400 x 600 dpi<\/p>\n<p>Capacidade da Bandeja de Papel: 250 folhas<\/p>\n<p>Emula\u00e7\u00e3o: PCL6 &amp; BR-Script3<\/p>\n<p>Volume M\u00e1ximo de Ciclo Mensal: 10.000 p\u00e1ginas<\/p>\n<p>C\u00f3pia<\/p>\n<p>C\u00f3pia de Identidade (ID Card): Sim<\/p>\n<p>Resolu\u00e7\u00e3o de C\u00f3pia (m\u00e1xima): 600 x 600 dpi<\/p>\n<p>Op\u00e7\u00f5es de C\u00f3pia: Ordenadas, N em 1, c\u00f3pias m\u00faltiplas (at\u00e9 99), c\u00f3pia de documentos de identidade<\/p>\n<p>Capacidade M\u00e1xima do ADF: 35 folhas<\/p>\n<p>Velocidade da C\u00f3pia em Preto: 30 cpm<\/p>\n<p>Amplia\u00e7\u00e3o \/ Redu\u00e7\u00e3o: 25% &#8211; 400%<\/p>\n<p>Agrupamento de C\u00f3pias (2 em 1): Sim<\/p>\n<p>Tamanho do Vidro de Exposi\u00e7\u00e3o: 21,6 x 27,9 cm (carta)<\/p>\n<p>Digitaliza\u00e7\u00e3o<\/p>\n<p>Tipo de Scanner: Mesa plana colorida com alimentador autom\u00e1tico de documentos (ADF)<\/p>\n<p>Formatos de Arquivo: TIFF \/ BMP \/ MAX \/ JPG \/ PDF \/ Secure PDF \/ PNG \/ XPS<\/p>\n<p>ADF: 35 folhas<\/p>\n<p>Resolu\u00e7\u00e3o Interpolada: At\u00e9 19200 x 19200 dpi<\/p>\n<p>Resolu\u00e7\u00e3o \u00d3ptica do Scanner: At\u00e9 600 x 2400 dpi<\/p>\n<p>Visualiza\u00e7\u00e3o e Software OCR: Scansoft PaperPort\u00ae SE with OCR for Windows\u00ae and Presto!\u00ae PageManager\u00ae for Mac\u00ae<\/p>\n<p>Digitaliza para: Email, Imagem, OCR, Arquivo, Microsoft\u00ae SharePoint\u00ae<\/p>\n<p>Outros<\/p>\n<p>Dimens\u00f5es do Equipamento sem caixa: 40,9 x 39,88 x 31,75 cm<\/p>\n<p>Modo Toner Save: Sim<\/p>\n<p>Consumo de Energia:Printing \/ Standy-by \/ Sleep: 510W \/ 60W \/ 5.3W<\/p>\n<p>Capacidade de Sa\u00edda do Papel: 100 folhas<\/p>\n<p>Garantia: Limitada de 1 ano<\/p>\n<p>Certifica\u00e7\u00e3o Energy Star: Sim<\/p>\n<p>Dimens\u00f5es do Equipamento com caixa: 56,65 x 51,82 x 43,43 cm<\/p>\n<p>Peso do Equipamento com caixa: 13,6 kg<\/p>\n<p>Peso do Equipamento sem caixa: 11,1 kg<\/p>\n<p>Visor LCD: 2 linhas<\/p>\n<p>Geral<\/p>\n<p>Interfaces: USB de alta velocidade, Ethernet, Wireless 802.11b\/g\/n<\/p>\n<p>Duplex: Sim<\/p>\n<p>Compatibilidade com Dispositivos M\u00f3veis: AirPrint, Google Cloud Print, Brother iPrint&amp;Scan, Cortado Workplace, Wi-Fi Direct\u00ae<\/p>\n<p>Ciclo Mensal Recomendado: 2.000 p\u00e1ginas<\/p>\n<p>Manuseio do Papel<\/p>\n<p>Tamanhos do Papel: A5 at\u00e9 Of\u00edcio<\/p>\n<p>Sistemas Operacionais Compat\u00edveis<\/p>\n<p>Windows \u00ae: Sim<\/p>\n<p>Mac \u00ae: Sim<\/p>\n<p><\/p>\n<p><\/p>\n","protected":false},"featured_media":0,"comment_status":"open","ping_status":"closed","template":"","meta":[],"yoast_head":"<!-- This site is optimized with the Yoast SEO plugin v15.6.2 - https:\/\/yoast.com\/wordpress\/plugins\/seo\/ -->\n<title>Multifuncional Brother LASER Mono DCP-L2540DW - DUPLEX, REDE, WIRELESS - TEC MAC Office Center<\/title>\n<meta name=\"robots\" content=\"index, follow, max-snippet:-1, max-image-preview:large, max-video-preview:-1\" \/>\n<link rel=\"canonical\" href=\"https:\/\/tecmac.com.br\/index.php\/produto\/multifuncional-brother-laser-mono-dcp-l2540dw-duplex-rede-wireless\/\" \/>\n<meta property=\"og:locale\" content=\"pt_BR\" \/>\n<meta property=\"og:type\" content=\"article\" \/>\n<meta property=\"og:title\" content=\"Multifuncional Brother LASER Mono DCP-L2540DW - DUPLEX, REDE, WIRELESS - TEC MAC Office Center\" \/>\n<meta property=\"og:description\" content=\"Impress\u00e3oTecnologia de Impress\u00e3o: LaserMem\u00f3ria Padr\u00e3o: 32 MBMem\u00f3ria Opcional: N\u00e3oVelocidade Maxima em Preto (ppm): 30 ppmResolu\u00e7\u00e3o (m\u00e1xima) em dpi: 2400 x 600 dpiCapacidade da Bandeja de Papel: 250 folhasEmula\u00e7\u00e3o: PCL6 &amp; BR-Script3Volume M\u00e1ximo de Ciclo Mensal: 10.000 p\u00e1ginasC\u00f3piaC\u00f3pia de Identidade (ID Card): SimResolu\u00e7\u00e3o de C\u00f3pia (m\u00e1xima): 600 x 600 dpiOp\u00e7\u00f5es de C\u00f3pia: Ordenadas, N em 1, c\u00f3pias m\u00faltiplas (at\u00e9 99), c\u00f3pia de documentos de identidadeCapacidade M\u00e1xima do ADF: 35 folhasVelocidade da C\u00f3pia em Preto: 30 cpmAmplia\u00e7\u00e3o \/ Redu\u00e7\u00e3o: 25% - 400%Agrupamento de C\u00f3pias (2 em 1): SimTamanho do Vidro de Exposi\u00e7\u00e3o: 21,6 x 27,9 cm (carta)Digitaliza\u00e7\u00e3oTipo de Scanner: Mesa plana colorida com alimentador autom\u00e1tico de documentos (ADF)Formatos de Arquivo: TIFF \/ BMP \/ MAX \/ JPG \/ PDF \/ Secure PDF \/ PNG \/ XPSADF: 35 folhasResolu\u00e7\u00e3o Interpolada: At\u00e9 19200 x 19200 dpiResolu\u00e7\u00e3o \u00d3ptica do Scanner: At\u00e9 600 x 2400 dpiVisualiza\u00e7\u00e3o e Software OCR: Scansoft PaperPort\u00ae SE with OCR for Windows\u00ae and Presto!\u00ae PageManager\u00ae for Mac\u00aeDigitaliza para: Email, Imagem, OCR, Arquivo, Microsoft\u00ae SharePoint\u00aeOutrosDimens\u00f5es do Equipamento sem caixa: 40,9 x 39,88 x 31,75 cmModo Toner Save: SimConsumo de Energia:Printing \/ Standy-by \/ Sleep: 510W \/ 60W \/ 5.3WCapacidade de Sa\u00edda do Papel: 100 folhasGarantia: Limitada de 1 anoCertifica\u00e7\u00e3o Energy Star: SimDimens\u00f5es do Equipamento com caixa: 56,65 x 51,82 x 43,43 cmPeso do Equipamento com caixa: 13,6 kgPeso do Equipamento sem caixa: 11,1 kgVisor LCD: 2 linhasGeralInterfaces: USB de alta velocidade, Ethernet, Wireless 802.11b\/g\/nDuplex: SimCompatibilidade com Dispositivos M\u00f3veis: AirPrint, Google Cloud Print, Brother iPrint&amp;Scan, Cortado Workplace, Wi-Fi Direct\u00aeCiclo Mensal Recomendado: 2.000 p\u00e1ginasManuseio do PapelTamanhos do Papel: A5 at\u00e9 Of\u00edcioSistemas Operacionais Compat\u00edveisWindows \u00ae: SimMac \u00ae: Sim\" \/>\n<meta property=\"og:url\" content=\"https:\/\/tecmac.com.br\/index.php\/produto\/multifuncional-brother-laser-mono-dcp-l2540dw-duplex-rede-wireless\/\" \/>\n<meta property=\"og:site_name\" content=\"TEC MAC Office Center\" \/>\n<meta property=\"article:modified_time\" content=\"2021-01-04T13:17:22+00:00\" \/>\n<meta name=\"twitter:card\" content=\"summary_large_image\" \/>\n<script type=\"application\/ld+json\" class=\"yoast-schema-graph\">{\"@context\":\"https:\/\/schema.org\",\"@graph\":[{\"@type\":\"WebSite\",\"@id\":\"https:\/\/tecmac.com.br\/#website\",\"url\":\"https:\/\/tecmac.com.br\/\",\"name\":\"TEC MAC Office Center\",\"description\":\"H\\u00e1 32 anos agregando qualidade e desempenho aos escrit\\u00f3rios\",\"potentialAction\":[{\"@type\":\"SearchAction\",\"target\":\"https:\/\/tecmac.com.br\/?s={search_term_string}\",\"query-input\":\"required name=search_term_string\"}],\"inLanguage\":\"pt-BR\"},{\"@type\":\"WebPage\",\"@id\":\"https:\/\/tecmac.com.br\/index.php\/produto\/multifuncional-brother-laser-mono-dcp-l2540dw-duplex-rede-wireless\/#webpage\",\"url\":\"https:\/\/tecmac.com.br\/index.php\/produto\/multifuncional-brother-laser-mono-dcp-l2540dw-duplex-rede-wireless\/\",\"name\":\"Multifuncional Brother LASER Mono DCP-L2540DW - DUPLEX, REDE, WIRELESS - TEC MAC Office Center\",\"isPartOf\":{\"@id\":\"https:\/\/tecmac.com.br\/#website\"},\"datePublished\":\"2021-01-04T13:06:56+00:00\",\"dateModified\":\"2021-01-04T13:17:22+00:00\",\"inLanguage\":\"pt-BR\",\"potentialAction\":[{\"@type\":\"ReadAction\",\"target\":[\"https:\/\/tecmac.com.br\/index.php\/produto\/multifuncional-brother-laser-mono-dcp-l2540dw-duplex-rede-wireless\/\"]}]}]}<\/script>\n<!-- \/ Yoast SEO plugin. -->","_links":{"self":[{"href":"https:\/\/tecmac.com.br\/index.php\/wp-json\/wp\/v2\/product\/1815"}],"collection":[{"href":"https:\/\/tecmac.com.br\/index.php\/wp-json\/wp\/v2\/product"}],"about":[{"href":"https:\/\/tecmac.com.br\/index.php\/wp-json\/wp\/v2\/types\/product"}],"replies":[{"embeddable":true,"href":"https:\/\/tecmac.com.br\/index.php\/wp-json\/wp\/v2\/comments?post=1815"}],"wp:attachment":[{"href":"https:\/\/tecmac.com.br\/index.php\/wp-json\/wp\/v2\/media?parent=1815"}],"curies":[{"name":"wp","href":"https:\/\/api.w.org\/{rel}","templated":true}]}}