{"id":1816,"date":"2021-01-04T10:07:00","date_gmt":"2021-01-04T13:07:00","guid":{"rendered":"https:\/\/tecmac.com.br\/index.php\/produto\/projetor-acer-x117h-3-600ansi-l-svga-hdmi-vga-usb\/"},"modified":"2021-01-04T10:17:27","modified_gmt":"2021-01-04T13:17:27","slug":"projetor-acer-x117h-3-600ansi-l-svga-hdmi-vga-usb","status":"publish","type":"product","link":"https:\/\/tecmac.com.br\/index.php\/produto\/projetor-acer-x117h-3-600ansi-l-svga-hdmi-vga-usb\/","title":{"rendered":"Projetor ACER X117H 3.600Ansi L. SVGA HDMI VGA USB"},"content":{"rendered":"<p>ACER<\/p>\n","protected":false},"excerpt":{"rendered":"<p>PROJETOR VERS\u00c1TIL E PODEROSO Acer X117H Brilho de 3.600 lumens \/ ColorBoost3D &amp; ColorSafe II \/ Contraste de 20.000:1 (Dynamic Black) \/ DLP 3D ready (preparado para 3D) \/ 10.000 horas de vida \u00fatil de l\u00e2mpada Principais Caracter\u00edsticas Caracter\u00edstica de exibi\u00e7\u00e3o \u00b7 SVGA (800 x 600) \u00b7 3.600 ANSI lumens \u00b7 20.000:1 (Dynamic Black) \u00b7 Acer ColorBoost3D \u00b7 Acer ColorSafe II \u00b7 HDMI 3D com 144Hz 24p Usabilidade aprimorada \u00b7 Alto falante integrado de 3W \u00b7 Retomada instant\u00e2nea \u00b7 Case de transporte \u00b7 Acer SmartFormat Flexibilidade de instala\u00e7\u00e3o \u00b7 Keystone vertical at\u00e9 40 graus Funcionalidade Eco-friendly \u00b7 Acer EcoProjection \u00b7 Tempo de vida \u00fatil da l\u00e2mpada de 10mil horas em ExtremeEco<\/p>\n<p><\/p>\n","protected":false},"featured_media":0,"comment_status":"open","ping_status":"closed","template":"","meta":[],"yoast_head":"<!-- This site is optimized with the Yoast SEO plugin v15.6.2 - https:\/\/yoast.com\/wordpress\/plugins\/seo\/ -->\n<title>Projetor ACER X117H 3.600Ansi L. SVGA HDMI VGA USB - TEC MAC Office Center<\/title>\n<meta name=\"robots\" content=\"index, follow, max-snippet:-1, max-image-preview:large, max-video-preview:-1\" \/>\n<link rel=\"canonical\" href=\"https:\/\/tecmac.com.br\/index.php\/produto\/projetor-acer-x117h-3-600ansi-l-svga-hdmi-vga-usb\/\" \/>\n<meta property=\"og:locale\" content=\"pt_BR\" \/>\n<meta property=\"og:type\" content=\"article\" \/>\n<meta property=\"og:title\" content=\"Projetor ACER X117H 3.600Ansi L. SVGA HDMI VGA USB - TEC MAC Office Center\" \/>\n<meta property=\"og:description\" content=\"PROJETOR VERS\u00c1TIL E PODEROSO Acer X117H Brilho de 3.600 lumens \/ ColorBoost3D &amp; ColorSafe II \/ Contraste de 20.000:1 (Dynamic Black) \/ DLP 3D ready (preparado para 3D) \/ 10.000 horas de vida \u00fatil de l\u00e2mpada Principais Caracter\u00edsticas Caracter\u00edstica de exibi\u00e7\u00e3o \u00b7 SVGA (800 x 600) \u00b7 3.600 ANSI lumens \u00b7 20.000:1 (Dynamic Black) \u00b7 Acer ColorBoost3D \u00b7 Acer ColorSafe II \u00b7 HDMI 3D com 144Hz 24p Usabilidade aprimorada \u00b7 Alto falante integrado de 3W \u00b7 Retomada instant\u00e2nea \u00b7 Case de transporte \u00b7 Acer SmartFormat Flexibilidade de instala\u00e7\u00e3o \u00b7 Keystone vertical at\u00e9 40 graus Funcionalidade Eco-friendly \u00b7 Acer EcoProjection \u00b7 Tempo de vida \u00fatil da l\u00e2mpada de 10mil horas em ExtremeEco\" \/>\n<meta property=\"og:url\" content=\"https:\/\/tecmac.com.br\/index.php\/produto\/projetor-acer-x117h-3-600ansi-l-svga-hdmi-vga-usb\/\" \/>\n<meta property=\"og:site_name\" content=\"TEC MAC Office Center\" \/>\n<meta property=\"article:modified_time\" content=\"2021-01-04T13:17:27+00:00\" \/>\n<meta name=\"twitter:card\" content=\"summary_large_image\" \/>\n<script type=\"application\/ld+json\" class=\"yoast-schema-graph\">{\"@context\":\"https:\/\/schema.org\",\"@graph\":[{\"@type\":\"WebSite\",\"@id\":\"https:\/\/tecmac.com.br\/#website\",\"url\":\"https:\/\/tecmac.com.br\/\",\"name\":\"TEC MAC Office Center\",\"description\":\"H\\u00e1 32 anos agregando qualidade e desempenho aos escrit\\u00f3rios\",\"potentialAction\":[{\"@type\":\"SearchAction\",\"target\":\"https:\/\/tecmac.com.br\/?s={search_term_string}\",\"query-input\":\"required name=search_term_string\"}],\"inLanguage\":\"pt-BR\"},{\"@type\":\"WebPage\",\"@id\":\"https:\/\/tecmac.com.br\/index.php\/produto\/projetor-acer-x117h-3-600ansi-l-svga-hdmi-vga-usb\/#webpage\",\"url\":\"https:\/\/tecmac.com.br\/index.php\/produto\/projetor-acer-x117h-3-600ansi-l-svga-hdmi-vga-usb\/\",\"name\":\"Projetor ACER X117H 3.600Ansi L. SVGA HDMI VGA USB - TEC MAC Office Center\",\"isPartOf\":{\"@id\":\"https:\/\/tecmac.com.br\/#website\"},\"datePublished\":\"2021-01-04T13:07:00+00:00\",\"dateModified\":\"2021-01-04T13:17:27+00:00\",\"inLanguage\":\"pt-BR\",\"potentialAction\":[{\"@type\":\"ReadAction\",\"target\":[\"https:\/\/tecmac.com.br\/index.php\/produto\/projetor-acer-x117h-3-600ansi-l-svga-hdmi-vga-usb\/\"]}]}]}<\/script>\n<!-- \/ Yoast SEO plugin. -->","_links":{"self":[{"href":"https:\/\/tecmac.com.br\/index.php\/wp-json\/wp\/v2\/product\/1816"}],"collection":[{"href":"https:\/\/tecmac.com.br\/index.php\/wp-json\/wp\/v2\/product"}],"about":[{"href":"https:\/\/tecmac.com.br\/index.php\/wp-json\/wp\/v2\/types\/product"}],"replies":[{"embeddable":true,"href":"https:\/\/tecmac.com.br\/index.php\/wp-json\/wp\/v2\/comments?post=1816"}],"wp:attachment":[{"href":"https:\/\/tecmac.com.br\/index.php\/wp-json\/wp\/v2\/media?parent=1816"}],"curies":[{"name":"wp","href":"https:\/\/api.w.org\/{rel}","templated":true}]}}