{"id":1819,"date":"2021-01-04T10:07:08","date_gmt":"2021-01-04T13:07:08","guid":{"rendered":"https:\/\/tecmac.com.br\/index.php\/produto\/filtro-de-linha-newlink-pe102-bivolt-com-6-tomadas-preto\/"},"modified":"2021-01-04T10:17:54","modified_gmt":"2021-01-04T13:17:54","slug":"filtro-de-linha-newlink-pe102-bivolt-com-6-tomadas-preto","status":"publish","type":"product","link":"https:\/\/tecmac.com.br\/index.php\/produto\/filtro-de-linha-newlink-pe102-bivolt-com-6-tomadas-preto\/","title":{"rendered":"Filtro De Linha Newlink PE102 Bivolt Com 6 Tomadas Preto"},"content":{"rendered":"","protected":false},"excerpt":{"rendered":"<p>Protege computadores, aparelhos de fax, impressoras, entre outros<br \/>6 entradas de energia (3 pinos)<br \/>Tomada de sa\u00edda de 3 pinos (novo padr\u00e3o brasileiro)<br \/>Fus\u00edvel de seguran\u00e7a<br \/>Extens\u00e3o do cabo: 0,8m<br \/>Bivolt<br \/>Bot\u00e3o liga\/desliga com LED<br \/>Energia dissipada: 85 joules<br \/>Corrente m\u00e1xima: 10A<\/p>\n","protected":false},"featured_media":0,"comment_status":"open","ping_status":"closed","template":"","meta":[],"yoast_head":"<!-- This site is optimized with the Yoast SEO plugin v15.6.2 - https:\/\/yoast.com\/wordpress\/plugins\/seo\/ -->\n<title>Filtro De Linha Newlink PE102 Bivolt Com 6 Tomadas Preto - TEC MAC Office Center<\/title>\n<meta name=\"robots\" content=\"index, follow, max-snippet:-1, max-image-preview:large, max-video-preview:-1\" \/>\n<link rel=\"canonical\" href=\"https:\/\/tecmac.com.br\/index.php\/produto\/filtro-de-linha-newlink-pe102-bivolt-com-6-tomadas-preto\/\" \/>\n<meta property=\"og:locale\" content=\"pt_BR\" \/>\n<meta property=\"og:type\" content=\"article\" \/>\n<meta property=\"og:title\" content=\"Filtro De Linha Newlink PE102 Bivolt Com 6 Tomadas Preto - TEC MAC Office Center\" \/>\n<meta property=\"og:description\" content=\"Protege computadores, aparelhos de fax, impressoras, entre outros6 entradas de energia (3 pinos)Tomada de sa\u00edda de 3 pinos (novo padr\u00e3o brasileiro)Fus\u00edvel de seguran\u00e7aExtens\u00e3o do cabo: 0,8mBivoltBot\u00e3o liga\/desliga com LEDEnergia dissipada: 85 joulesCorrente m\u00e1xima: 10A\" \/>\n<meta property=\"og:url\" content=\"https:\/\/tecmac.com.br\/index.php\/produto\/filtro-de-linha-newlink-pe102-bivolt-com-6-tomadas-preto\/\" \/>\n<meta property=\"og:site_name\" content=\"TEC MAC Office Center\" \/>\n<meta property=\"article:modified_time\" content=\"2021-01-04T13:17:54+00:00\" \/>\n<meta name=\"twitter:card\" content=\"summary_large_image\" \/>\n<script type=\"application\/ld+json\" class=\"yoast-schema-graph\">{\"@context\":\"https:\/\/schema.org\",\"@graph\":[{\"@type\":\"WebSite\",\"@id\":\"https:\/\/tecmac.com.br\/#website\",\"url\":\"https:\/\/tecmac.com.br\/\",\"name\":\"TEC MAC Office Center\",\"description\":\"H\\u00e1 32 anos agregando qualidade e desempenho aos escrit\\u00f3rios\",\"potentialAction\":[{\"@type\":\"SearchAction\",\"target\":\"https:\/\/tecmac.com.br\/?s={search_term_string}\",\"query-input\":\"required name=search_term_string\"}],\"inLanguage\":\"pt-BR\"},{\"@type\":\"WebPage\",\"@id\":\"https:\/\/tecmac.com.br\/index.php\/produto\/filtro-de-linha-newlink-pe102-bivolt-com-6-tomadas-preto\/#webpage\",\"url\":\"https:\/\/tecmac.com.br\/index.php\/produto\/filtro-de-linha-newlink-pe102-bivolt-com-6-tomadas-preto\/\",\"name\":\"Filtro De Linha Newlink PE102 Bivolt Com 6 Tomadas Preto - TEC MAC Office Center\",\"isPartOf\":{\"@id\":\"https:\/\/tecmac.com.br\/#website\"},\"datePublished\":\"2021-01-04T13:07:08+00:00\",\"dateModified\":\"2021-01-04T13:17:54+00:00\",\"inLanguage\":\"pt-BR\",\"potentialAction\":[{\"@type\":\"ReadAction\",\"target\":[\"https:\/\/tecmac.com.br\/index.php\/produto\/filtro-de-linha-newlink-pe102-bivolt-com-6-tomadas-preto\/\"]}]}]}<\/script>\n<!-- \/ Yoast SEO plugin. -->","_links":{"self":[{"href":"https:\/\/tecmac.com.br\/index.php\/wp-json\/wp\/v2\/product\/1819"}],"collection":[{"href":"https:\/\/tecmac.com.br\/index.php\/wp-json\/wp\/v2\/product"}],"about":[{"href":"https:\/\/tecmac.com.br\/index.php\/wp-json\/wp\/v2\/types\/product"}],"replies":[{"embeddable":true,"href":"https:\/\/tecmac.com.br\/index.php\/wp-json\/wp\/v2\/comments?post=1819"}],"wp:attachment":[{"href":"https:\/\/tecmac.com.br\/index.php\/wp-json\/wp\/v2\/media?parent=1819"}],"curies":[{"name":"wp","href":"https:\/\/api.w.org\/{rel}","templated":true}]}}