{"id":1820,"date":"2021-01-04T10:07:10","date_gmt":"2021-01-04T13:07:10","guid":{"rendered":"https:\/\/tecmac.com.br\/index.php\/produto\/notebook-acer-156-es1-572-3562-i3-6006u-4gb-1tb-w10-preto\/"},"modified":"2021-01-04T10:18:05","modified_gmt":"2021-01-04T13:18:05","slug":"notebook-acer-156-es1-572-3562-i3-6006u-4gb-1tb-w10-preto","status":"publish","type":"product","link":"https:\/\/tecmac.com.br\/index.php\/produto\/notebook-acer-156-es1-572-3562-i3-6006u-4gb-1tb-w10-preto\/","title":{"rendered":"Notebook Acer 15,6&#8243; ES1-572-3562 i3-6006U 4GB 1TB W10 Preto"},"content":{"rendered":"","protected":false},"excerpt":{"rendered":"<p>Notebook Acer 15,6&#8243;&#8221; ES1-572-3562 i3-6006U 4GB 1TB W10 Preto Produto: NX.GMFAL.006 Modelo: ES1-572-3562 Tela: 15.6&#8243;&#8221; HD LED LCD &#8211; Resolu\u00e7\u00e3o 1366 x 768 Mem\u00f3ria: 4 GB (1 x 4 GB) tipo DDR4 Frequ\u00eancia 1600 MHz Expans\u00edvel at\u00e9 16 GB (2 slots no total) Processador: Intel\u00ae Core? i3-6006U 2.00 GHz 3 MB Cache Disco R\u00edgido: 1 TB HD (5400 RPM) Sistema Operacional: Windows 10 Cor: Preto \u00c1udio: \u00c1udio de alta defini\u00e7\u00e3o, com dois alto-falantes est\u00e9reo Unidade \u00d3tica: N\u00e3o possui Leitor de Cart\u00f5es: N\u00e3o possui Teclado: Portugu\u00eas padr\u00e3o ABNT Teclado num\u00e9rico integrado Bluetooth: Bluetooth\u00ae 4.0 Webcam: Webcam HDAcer Crystal Eye com resolu\u00e7\u00e3o de 640 x 480 Tipo de Bateria: Bateria de 4 c\u00e9lulas (3220 mAh)<\/p>\n<p><\/p>\n","protected":false},"featured_media":0,"comment_status":"open","ping_status":"closed","template":"","meta":[],"yoast_head":"<!-- This site is optimized with the Yoast SEO plugin v15.6.2 - https:\/\/yoast.com\/wordpress\/plugins\/seo\/ -->\n<title>Notebook Acer 15,6&quot; ES1-572-3562 i3-6006U 4GB 1TB W10 Preto - TEC MAC Office Center<\/title>\n<meta name=\"robots\" content=\"index, follow, max-snippet:-1, max-image-preview:large, max-video-preview:-1\" \/>\n<link rel=\"canonical\" href=\"https:\/\/tecmac.com.br\/index.php\/produto\/notebook-acer-156-es1-572-3562-i3-6006u-4gb-1tb-w10-preto\/\" \/>\n<meta property=\"og:locale\" content=\"pt_BR\" \/>\n<meta property=\"og:type\" content=\"article\" \/>\n<meta property=\"og:title\" content=\"Notebook Acer 15,6&quot; ES1-572-3562 i3-6006U 4GB 1TB W10 Preto - TEC MAC Office Center\" \/>\n<meta property=\"og:description\" content=\"Notebook Acer 15,6&quot;&quot; ES1-572-3562 i3-6006U 4GB 1TB W10 Preto Produto: NX.GMFAL.006 Modelo: ES1-572-3562 Tela: 15.6&quot;&quot; HD LED LCD - Resolu\u00e7\u00e3o 1366 x 768 Mem\u00f3ria: 4 GB (1 x 4 GB) tipo DDR4 Frequ\u00eancia 1600 MHz Expans\u00edvel at\u00e9 16 GB (2 slots no total) Processador: Intel\u00ae Core? i3-6006U 2.00 GHz 3 MB Cache Disco R\u00edgido: 1 TB HD (5400 RPM) Sistema Operacional: Windows 10 Cor: Preto \u00c1udio: \u00c1udio de alta defini\u00e7\u00e3o, com dois alto-falantes est\u00e9reo Unidade \u00d3tica: N\u00e3o possui Leitor de Cart\u00f5es: N\u00e3o possui Teclado: Portugu\u00eas padr\u00e3o ABNT Teclado num\u00e9rico integrado Bluetooth: Bluetooth\u00ae 4.0 Webcam: Webcam HDAcer Crystal Eye com resolu\u00e7\u00e3o de 640 x 480 Tipo de Bateria: Bateria de 4 c\u00e9lulas (3220 mAh)\" \/>\n<meta property=\"og:url\" content=\"https:\/\/tecmac.com.br\/index.php\/produto\/notebook-acer-156-es1-572-3562-i3-6006u-4gb-1tb-w10-preto\/\" \/>\n<meta property=\"og:site_name\" content=\"TEC MAC Office Center\" \/>\n<meta property=\"article:modified_time\" content=\"2021-01-04T13:18:05+00:00\" \/>\n<meta name=\"twitter:card\" content=\"summary_large_image\" \/>\n<script type=\"application\/ld+json\" class=\"yoast-schema-graph\">{\"@context\":\"https:\/\/schema.org\",\"@graph\":[{\"@type\":\"WebSite\",\"@id\":\"https:\/\/tecmac.com.br\/#website\",\"url\":\"https:\/\/tecmac.com.br\/\",\"name\":\"TEC MAC Office Center\",\"description\":\"H\\u00e1 32 anos agregando qualidade e desempenho aos escrit\\u00f3rios\",\"potentialAction\":[{\"@type\":\"SearchAction\",\"target\":\"https:\/\/tecmac.com.br\/?s={search_term_string}\",\"query-input\":\"required name=search_term_string\"}],\"inLanguage\":\"pt-BR\"},{\"@type\":\"WebPage\",\"@id\":\"https:\/\/tecmac.com.br\/index.php\/produto\/notebook-acer-156-es1-572-3562-i3-6006u-4gb-1tb-w10-preto\/#webpage\",\"url\":\"https:\/\/tecmac.com.br\/index.php\/produto\/notebook-acer-156-es1-572-3562-i3-6006u-4gb-1tb-w10-preto\/\",\"name\":\"Notebook Acer 15,6\\\" ES1-572-3562 i3-6006U 4GB 1TB W10 Preto - TEC MAC Office Center\",\"isPartOf\":{\"@id\":\"https:\/\/tecmac.com.br\/#website\"},\"datePublished\":\"2021-01-04T13:07:10+00:00\",\"dateModified\":\"2021-01-04T13:18:05+00:00\",\"inLanguage\":\"pt-BR\",\"potentialAction\":[{\"@type\":\"ReadAction\",\"target\":[\"https:\/\/tecmac.com.br\/index.php\/produto\/notebook-acer-156-es1-572-3562-i3-6006u-4gb-1tb-w10-preto\/\"]}]}]}<\/script>\n<!-- \/ Yoast SEO plugin. -->","_links":{"self":[{"href":"https:\/\/tecmac.com.br\/index.php\/wp-json\/wp\/v2\/product\/1820"}],"collection":[{"href":"https:\/\/tecmac.com.br\/index.php\/wp-json\/wp\/v2\/product"}],"about":[{"href":"https:\/\/tecmac.com.br\/index.php\/wp-json\/wp\/v2\/types\/product"}],"replies":[{"embeddable":true,"href":"https:\/\/tecmac.com.br\/index.php\/wp-json\/wp\/v2\/comments?post=1820"}],"wp:attachment":[{"href":"https:\/\/tecmac.com.br\/index.php\/wp-json\/wp\/v2\/media?parent=1820"}],"curies":[{"name":"wp","href":"https:\/\/api.w.org\/{rel}","templated":true}]}}