{"id":1827,"date":"2021-01-04T10:11:28","date_gmt":"2021-01-04T13:11:28","guid":{"rendered":"https:\/\/tecmac.com.br\/index.php\/produto\/mouse-usb-optico-1000-dpi-tecknow\/"},"modified":"2021-01-13T09:18:00","modified_gmt":"2021-01-13T12:18:00","slug":"mouse-usb-optico-1000-dpi-tecknow","status":"publish","type":"product","link":"https:\/\/tecmac.com.br\/index.php\/produto\/mouse-usb-optico-1000-dpi-tecknow\/","title":{"rendered":"MOUSE USB \u00d3PTICO 1000 DPI TECKNOW"},"content":{"rendered":"<p>TecKnow<\/p>\n","protected":false},"excerpt":{"rendered":"<p><strong>MOUSE USB \u00d3PTICO 1000 DPI TECKNOW<\/strong><\/p>\n<p>\u00a0<\/p>\n<p><strong>MTK100<\/strong> <\/p>\n<p>Mouse \u00f3ptico cl\u00e1ssico <br \/>USB <br \/>3 bot\u00f5es, Sendo um scroll <br \/>Tecnologia: Micro Switch 3 Million Times <br \/>1000 DPI <br \/>Adapt\u00e1vel \u00e0s surpef\u00edcies <br \/>Scroll macio <br \/>Design Ergon\u00f4mico <br \/>Voltagem: 5V <br \/>Cabo: 1,3m de comprimento <br \/>Cor: preto\/prata <br \/>Compatibilidade: Windows XP, Vista, 7, 8, 10 e Mac OS\u00a0X 10.5 <br \/>\u00a0 <br \/>Desenho Erg\u00f4nomico\u00a0Mouse de formato elegante, combinado com linhas erg\u00f4nomicas em ambos os lados, para proporcionar conforto no encaixe da m\u00e3o.Tecnologia Free Code\u00a0Conex\u00e3o USB inteligente, livre de procedimentos complexos para configura\u00e7\u00e3o. Aprecia a experiencia.Super adapt\u00e1vel a superficies\u00a0N\u00e3o necessita o uso de mouse pad, podendo usar em diferentes tipos de superficie.Rolagem antiderrapante\u00a0Bot\u00e3o de rolagem antiderrapante, permitindo movimentos rapidos sem falhas.3 milh\u00f5es de toques\u00a0Padr\u00e3o de qualidade de 3 milh\u00f5es de toques, permitindo rapidez e durabilidade.Chip \u00f3ptico de alto padr\u00e3o\u00a0Com o chip de alta precis\u00e3o, se torna 2,5 x mais preciso que os mouses de chip convencional. Maior precis\u00e3o e facilidade de controle.<\/p>\n","protected":false},"featured_media":1823,"comment_status":"open","ping_status":"closed","template":"","meta":[],"yoast_head":"<!-- This site is optimized with the Yoast SEO plugin v15.6.2 - https:\/\/yoast.com\/wordpress\/plugins\/seo\/ -->\n<title>MOUSE USB \u00d3PTICO 1000 DPI TECKNOW - TEC MAC Office Center<\/title>\n<meta name=\"robots\" content=\"index, follow, max-snippet:-1, max-image-preview:large, max-video-preview:-1\" \/>\n<link rel=\"canonical\" href=\"https:\/\/tecmac.com.br\/index.php\/produto\/mouse-usb-optico-1000-dpi-tecknow\/\" \/>\n<meta property=\"og:locale\" content=\"pt_BR\" \/>\n<meta property=\"og:type\" content=\"article\" \/>\n<meta property=\"og:title\" content=\"MOUSE USB \u00d3PTICO 1000 DPI TECKNOW - TEC MAC Office Center\" \/>\n<meta property=\"og:description\" content=\"MOUSE USB \u00d3PTICO 1000 DPI TECKNOW \u00a0 MTK100 Mouse \u00f3ptico cl\u00e1ssico USB 3 bot\u00f5es, Sendo um scroll Tecnologia: Micro Switch 3 Million Times 1000 DPI Adapt\u00e1vel \u00e0s surpef\u00edcies Scroll macio Design Ergon\u00f4mico Voltagem: 5V Cabo: 1,3m de comprimento Cor: preto\/prata Compatibilidade: Windows XP, Vista, 7, 8, 10 e Mac OS\u00a0X 10.5 \u00a0 Desenho Erg\u00f4nomico\u00a0Mouse de formato elegante, combinado com linhas erg\u00f4nomicas em ambos os lados, para proporcionar conforto no encaixe da m\u00e3o.Tecnologia Free Code\u00a0Conex\u00e3o USB inteligente, livre de procedimentos complexos para configura\u00e7\u00e3o. Aprecia a experiencia.Super adapt\u00e1vel a superficies\u00a0N\u00e3o necessita o uso de mouse pad, podendo usar em diferentes tipos de superficie.Rolagem antiderrapante\u00a0Bot\u00e3o de rolagem antiderrapante, permitindo movimentos rapidos sem falhas.3 milh\u00f5es de toques\u00a0Padr\u00e3o de qualidade de 3 milh\u00f5es de toques, permitindo rapidez e durabilidade.Chip \u00f3ptico de alto padr\u00e3o\u00a0Com o chip de alta precis\u00e3o, se torna 2,5 x mais preciso que os mouses de chip convencional. Maior precis\u00e3o e facilidade de controle.\" \/>\n<meta property=\"og:url\" content=\"https:\/\/tecmac.com.br\/index.php\/produto\/mouse-usb-optico-1000-dpi-tecknow\/\" \/>\n<meta property=\"og:site_name\" content=\"TEC MAC Office Center\" \/>\n<meta property=\"article:modified_time\" content=\"2021-01-13T12:18:00+00:00\" \/>\n<meta property=\"og:image\" content=\"https:\/\/tecmac.com.br\/wp-content\/uploads\/2021\/01\/big_op589_e2_95_a3_c3_92_c2_a9_c2_b5_c3_8a_e2_94_82_c3_ba_c2_bf_e2_96_91_e2_95_90_e2_95_ac_c2_b8_e2_96_971-c51f18b0c3048e0c1c15231193547613-480-0.jpg\" \/>\n\t<meta property=\"og:image:width\" content=\"480\" \/>\n\t<meta property=\"og:image:height\" content=\"442\" \/>\n<meta name=\"twitter:card\" content=\"summary_large_image\" \/>\n<script type=\"application\/ld+json\" class=\"yoast-schema-graph\">{\"@context\":\"https:\/\/schema.org\",\"@graph\":[{\"@type\":\"WebSite\",\"@id\":\"https:\/\/tecmac.com.br\/#website\",\"url\":\"https:\/\/tecmac.com.br\/\",\"name\":\"TEC MAC Office Center\",\"description\":\"H\\u00e1 32 anos agregando qualidade e desempenho aos escrit\\u00f3rios\",\"potentialAction\":[{\"@type\":\"SearchAction\",\"target\":\"https:\/\/tecmac.com.br\/?s={search_term_string}\",\"query-input\":\"required name=search_term_string\"}],\"inLanguage\":\"pt-BR\"},{\"@type\":\"ImageObject\",\"@id\":\"https:\/\/tecmac.com.br\/index.php\/produto\/mouse-usb-optico-1000-dpi-tecknow\/#primaryimage\",\"inLanguage\":\"pt-BR\",\"url\":\"https:\/\/tecmac.com.br\/wp-content\/uploads\/2021\/01\/big_op589_e2_95_a3_c3_92_c2_a9_c2_b5_c3_8a_e2_94_82_c3_ba_c2_bf_e2_96_91_e2_95_90_e2_95_ac_c2_b8_e2_96_971-c51f18b0c3048e0c1c15231193547613-480-0.jpg\",\"width\":480,\"height\":442},{\"@type\":\"WebPage\",\"@id\":\"https:\/\/tecmac.com.br\/index.php\/produto\/mouse-usb-optico-1000-dpi-tecknow\/#webpage\",\"url\":\"https:\/\/tecmac.com.br\/index.php\/produto\/mouse-usb-optico-1000-dpi-tecknow\/\",\"name\":\"MOUSE USB \\u00d3PTICO 1000 DPI TECKNOW - TEC MAC Office Center\",\"isPartOf\":{\"@id\":\"https:\/\/tecmac.com.br\/#website\"},\"primaryImageOfPage\":{\"@id\":\"https:\/\/tecmac.com.br\/index.php\/produto\/mouse-usb-optico-1000-dpi-tecknow\/#primaryimage\"},\"datePublished\":\"2021-01-04T13:11:28+00:00\",\"dateModified\":\"2021-01-13T12:18:00+00:00\",\"inLanguage\":\"pt-BR\",\"potentialAction\":[{\"@type\":\"ReadAction\",\"target\":[\"https:\/\/tecmac.com.br\/index.php\/produto\/mouse-usb-optico-1000-dpi-tecknow\/\"]}]}]}<\/script>\n<!-- \/ Yoast SEO plugin. -->","_links":{"self":[{"href":"https:\/\/tecmac.com.br\/index.php\/wp-json\/wp\/v2\/product\/1827"}],"collection":[{"href":"https:\/\/tecmac.com.br\/index.php\/wp-json\/wp\/v2\/product"}],"about":[{"href":"https:\/\/tecmac.com.br\/index.php\/wp-json\/wp\/v2\/types\/product"}],"replies":[{"embeddable":true,"href":"https:\/\/tecmac.com.br\/index.php\/wp-json\/wp\/v2\/comments?post=1827"}],"wp:featuredmedia":[{"embeddable":true,"href":"https:\/\/tecmac.com.br\/index.php\/wp-json\/wp\/v2\/media\/1823"}],"wp:attachment":[{"href":"https:\/\/tecmac.com.br\/index.php\/wp-json\/wp\/v2\/media?parent=1827"}],"curies":[{"name":"wp","href":"https:\/\/api.w.org\/{rel}","templated":true}]}}