{"id":1832,"date":"2021-01-04T10:11:34","date_gmt":"2021-01-04T13:11:34","guid":{"rendered":"https:\/\/tecmac.com.br\/index.php\/produto\/teclado-usb-slim-abnt2-107-teclas-preto-tecknow\/"},"modified":"2021-01-18T10:09:13","modified_gmt":"2021-01-18T13:09:13","slug":"teclado-usb-slim-abnt2-107-teclas-preto-tecknow","status":"publish","type":"product","link":"https:\/\/tecmac.com.br\/index.php\/produto\/teclado-usb-slim-abnt2-107-teclas-preto-tecknow\/","title":{"rendered":"TECLADO USB SLIM ABNT2 107 TECLAS PRETO TECKNOW"},"content":{"rendered":"","protected":false},"excerpt":{"rendered":"<div class=\"description user-content m-top\">\n<p style=\"margin: 0px 0px 3px;font-size: 16px;font-family: Hind, sans-serif\"><strong>TECLADO USB SLIM ABNT2 107 TECLAS PRETO TECKNOW<\/strong><\/p>\n<p style=\"margin: 0px 0px 3px;font-size: 16px;font-family: Hind, sans-serif\">\u00a0<\/p>\n<p style=\"margin: 0px 0px 3px;font-size: 16px;font-family: Hind, sans-serif\"><strong>TTK500<\/strong><\/p>\n<ul>\n<li style=\"color: #383838;font-family: Hind, sans-serif;font-size: 16px\">Teclado padr\u00e3o<\/li>\n<li style=\"color: #383838;font-family: Hind, sans-serif;font-size: 16px\">USB<\/li>\n<li style=\"color: #383838;font-family: Hind, sans-serif;font-size: 16px\">ABNT2<\/li>\n<li style=\"color: #383838;font-family: Hind, sans-serif;font-size: 16px\">107 Teclas<\/li>\n<li style=\"color: #383838;font-family: Hind, sans-serif;font-size: 16px\">Teclas de Toque Confort\u00e1vel, Macio e Silencioso<\/li>\n<li style=\"color: #383838;font-family: Hind, sans-serif;font-size: 16px\">Resistente ao derramamento de liquidos n\u00e3o abrasivos<\/li>\n<li style=\"color: #383838;font-family: Hind, sans-serif;font-size: 16px\">SLIM<\/li>\n<li style=\"color: #383838;font-family: Hind, sans-serif;font-size: 16px\">Design Ergon\u00f4mico<\/li>\n<li style=\"color: #383838;font-family: Hind, sans-serif;font-size: 16px\">Peso l\u00edquido:403,4g<\/li>\n<li style=\"color: #383838;font-family: Hind, sans-serif;font-size: 16px\">Dimens\u00f5es: 441X141X23mm<\/li>\n<li style=\"color: #383838;font-family: Hind, sans-serif;font-size: 16px\">Cabo: 1,38m de comprimento<\/li>\n<li style=\"color: #383838;font-family: Hind, sans-serif;font-size: 16px\">Teclas de Atalho Windows (Intera\u00e7\u00e3o\/M\u00eddia)<\/li>\n<li style=\"color: #383838;font-family: Hind, sans-serif;font-size: 16px\">Cor: Preto<\/li>\n<li style=\"color: #383838;font-family: Hind, sans-serif;font-size: 16px\">Compatibilidade: Windows XP, Vista, 7, 8, 10 e Mac OS\u00a0X 10.5, Chrome OS<\/li>\n<\/ul>\n<\/div>\n","protected":false},"featured_media":1828,"comment_status":"open","ping_status":"closed","template":"","meta":[],"yoast_head":"<!-- This site is optimized with the Yoast SEO plugin v15.6.2 - https:\/\/yoast.com\/wordpress\/plugins\/seo\/ -->\n<title>TECLADO USB SLIM ABNT2 107 TECLAS PRETO TECKNOW - TEC MAC Office Center<\/title>\n<meta name=\"robots\" content=\"index, follow, max-snippet:-1, max-image-preview:large, max-video-preview:-1\" \/>\n<link rel=\"canonical\" href=\"https:\/\/tecmac.com.br\/index.php\/produto\/teclado-usb-slim-abnt2-107-teclas-preto-tecknow\/\" \/>\n<meta property=\"og:locale\" content=\"pt_BR\" \/>\n<meta property=\"og:type\" content=\"article\" \/>\n<meta property=\"og:title\" content=\"TECLADO USB SLIM ABNT2 107 TECLAS PRETO TECKNOW - TEC MAC Office Center\" \/>\n<meta property=\"og:description\" content=\"TECLADO USB SLIM ABNT2 107 TECLAS PRETO TECKNOW \u00a0 TTK500 Teclado padr\u00e3o USB ABNT2 107 Teclas Teclas de Toque Confort\u00e1vel, Macio e Silencioso Resistente ao derramamento de liquidos n\u00e3o abrasivos SLIM Design Ergon\u00f4mico Peso l\u00edquido:403,4g Dimens\u00f5es: 441X141X23mm Cabo: 1,38m de comprimento Teclas de Atalho Windows (Intera\u00e7\u00e3o\/M\u00eddia) Cor: Preto Compatibilidade: Windows XP, Vista, 7, 8, 10 e Mac OS\u00a0X 10.5, Chrome OS\" \/>\n<meta property=\"og:url\" content=\"https:\/\/tecmac.com.br\/index.php\/produto\/teclado-usb-slim-abnt2-107-teclas-preto-tecknow\/\" \/>\n<meta property=\"og:site_name\" content=\"TEC MAC Office Center\" \/>\n<meta property=\"article:modified_time\" content=\"2021-01-18T13:09:13+00:00\" \/>\n<meta property=\"og:image\" content=\"https:\/\/tecmac.com.br\/wp-content\/uploads\/2021\/01\/big_20170509_21291671-5c3a0951027487296315231949949227-480-0.jpg\" \/>\n\t<meta property=\"og:image:width\" content=\"480\" \/>\n\t<meta property=\"og:image:height\" content=\"157\" \/>\n<meta name=\"twitter:card\" content=\"summary_large_image\" \/>\n<script type=\"application\/ld+json\" class=\"yoast-schema-graph\">{\"@context\":\"https:\/\/schema.org\",\"@graph\":[{\"@type\":\"WebSite\",\"@id\":\"https:\/\/tecmac.com.br\/#website\",\"url\":\"https:\/\/tecmac.com.br\/\",\"name\":\"TEC MAC Office Center\",\"description\":\"H\\u00e1 32 anos agregando qualidade e desempenho aos escrit\\u00f3rios\",\"potentialAction\":[{\"@type\":\"SearchAction\",\"target\":\"https:\/\/tecmac.com.br\/?s={search_term_string}\",\"query-input\":\"required name=search_term_string\"}],\"inLanguage\":\"pt-BR\"},{\"@type\":\"ImageObject\",\"@id\":\"https:\/\/tecmac.com.br\/index.php\/produto\/teclado-usb-slim-abnt2-107-teclas-preto-tecknow\/#primaryimage\",\"inLanguage\":\"pt-BR\",\"url\":\"https:\/\/tecmac.com.br\/wp-content\/uploads\/2021\/01\/big_20170509_21291671-5c3a0951027487296315231949949227-480-0.jpg\",\"width\":480,\"height\":157},{\"@type\":\"WebPage\",\"@id\":\"https:\/\/tecmac.com.br\/index.php\/produto\/teclado-usb-slim-abnt2-107-teclas-preto-tecknow\/#webpage\",\"url\":\"https:\/\/tecmac.com.br\/index.php\/produto\/teclado-usb-slim-abnt2-107-teclas-preto-tecknow\/\",\"name\":\"TECLADO USB SLIM ABNT2 107 TECLAS PRETO TECKNOW - TEC MAC Office Center\",\"isPartOf\":{\"@id\":\"https:\/\/tecmac.com.br\/#website\"},\"primaryImageOfPage\":{\"@id\":\"https:\/\/tecmac.com.br\/index.php\/produto\/teclado-usb-slim-abnt2-107-teclas-preto-tecknow\/#primaryimage\"},\"datePublished\":\"2021-01-04T13:11:34+00:00\",\"dateModified\":\"2021-01-18T13:09:13+00:00\",\"inLanguage\":\"pt-BR\",\"potentialAction\":[{\"@type\":\"ReadAction\",\"target\":[\"https:\/\/tecmac.com.br\/index.php\/produto\/teclado-usb-slim-abnt2-107-teclas-preto-tecknow\/\"]}]}]}<\/script>\n<!-- \/ Yoast SEO plugin. -->","_links":{"self":[{"href":"https:\/\/tecmac.com.br\/index.php\/wp-json\/wp\/v2\/product\/1832"}],"collection":[{"href":"https:\/\/tecmac.com.br\/index.php\/wp-json\/wp\/v2\/product"}],"about":[{"href":"https:\/\/tecmac.com.br\/index.php\/wp-json\/wp\/v2\/types\/product"}],"replies":[{"embeddable":true,"href":"https:\/\/tecmac.com.br\/index.php\/wp-json\/wp\/v2\/comments?post=1832"}],"wp:featuredmedia":[{"embeddable":true,"href":"https:\/\/tecmac.com.br\/index.php\/wp-json\/wp\/v2\/media\/1828"}],"wp:attachment":[{"href":"https:\/\/tecmac.com.br\/index.php\/wp-json\/wp\/v2\/media?parent=1832"}],"curies":[{"name":"wp","href":"https:\/\/api.w.org\/{rel}","templated":true}]}}