{"id":1841,"date":"2021-01-04T10:19:38","date_gmt":"2021-01-04T13:19:38","guid":{"rendered":"https:\/\/tecmac.com.br\/index.php\/produto\/estante-de-aco-c-06-prat-ch-26-20-1980x920x300mm-cinza-lunasa\/"},"modified":"2021-01-15T16:18:35","modified_gmt":"2021-01-15T19:18:35","slug":"estante-de-aco-c-06-prat-ch-26-20-1980x920x300mm-cinza-lunasa","status":"publish","type":"product","link":"https:\/\/tecmac.com.br\/index.php\/produto\/estante-de-aco-c-06-prat-ch-26-20-1980x920x300mm-cinza-lunasa\/","title":{"rendered":"ESTANTE DE A\u00c7O C\/ 06 PRAT. CH.26\/20 1980X920X300MM CINZA LUNASA"},"content":{"rendered":"","protected":false},"excerpt":{"rendered":"<p>Estante de A\u00e7o com 06 prateleiras, <strong>30 cm de profundidade<\/strong>,na <strong>Cor Cinza<\/strong>, com suporte de peso aproximado de <strong>25kg<\/strong>\u00a0(por prateleira-distribuido). Produzido em <strong>chapa 26 <\/strong>(0,45mm) para as prateleiras, podendo ser utilizada em v\u00e1rios ambientes para armazenagem e organiza\u00e7\u00e3o de diferentes itens.<\/p>\n<p>\u00a0<\/p>\n<p><strong>Medidas:<\/strong><\/p>\n<p>Altura: 1980mm<\/p>\n<p>Largura: 920mm<\/p>\n<p>Profundidade: 300mm<\/p>\n<p>\u00a0<\/p>\n<p>Pode ser montado em diferentes configura\u00e7\u00f5es a crit\u00e9rio do cliente. Produto desmontado, <em>Montagem por conta do cliente.<\/em><\/p>\n<p>\u00a0<\/p>\n","protected":false},"featured_media":1840,"comment_status":"open","ping_status":"closed","template":"","meta":[],"yoast_head":"<!-- This site is optimized with the Yoast SEO plugin v15.6.2 - https:\/\/yoast.com\/wordpress\/plugins\/seo\/ -->\n<title>ESTANTE DE A\u00c7O C\/ 06 PRAT. CH.26\/20 1980X920X300MM CINZA LUNASA - TEC MAC Office Center<\/title>\n<meta name=\"robots\" content=\"index, follow, max-snippet:-1, max-image-preview:large, max-video-preview:-1\" \/>\n<link rel=\"canonical\" href=\"https:\/\/tecmac.com.br\/index.php\/produto\/estante-de-aco-c-06-prat-ch-26-20-1980x920x300mm-cinza-lunasa\/\" \/>\n<meta property=\"og:locale\" content=\"pt_BR\" \/>\n<meta property=\"og:type\" content=\"article\" \/>\n<meta property=\"og:title\" content=\"ESTANTE DE A\u00c7O C\/ 06 PRAT. CH.26\/20 1980X920X300MM CINZA LUNASA - TEC MAC Office Center\" \/>\n<meta property=\"og:description\" content=\"Estante de A\u00e7o com 06 prateleiras, 30 cm de profundidade,na Cor Cinza, com suporte de peso aproximado de 25kg\u00a0(por prateleira-distribuido). Produzido em chapa 26 (0,45mm) para as prateleiras, podendo ser utilizada em v\u00e1rios ambientes para armazenagem e organiza\u00e7\u00e3o de diferentes itens. \u00a0 Medidas: Altura: 1980mm Largura: 920mm Profundidade: 300mm \u00a0 Pode ser montado em diferentes configura\u00e7\u00f5es a crit\u00e9rio do cliente. Produto desmontado, Montagem por conta do cliente. \u00a0\" \/>\n<meta property=\"og:url\" content=\"https:\/\/tecmac.com.br\/index.php\/produto\/estante-de-aco-c-06-prat-ch-26-20-1980x920x300mm-cinza-lunasa\/\" \/>\n<meta property=\"og:site_name\" content=\"TEC MAC Office Center\" \/>\n<meta property=\"article:modified_time\" content=\"2021-01-15T19:18:35+00:00\" \/>\n<meta property=\"og:image\" content=\"https:\/\/tecmac.com.br\/wp-content\/uploads\/2021\/01\/1-vegel-produtos-2016_03_08_11_11_52-543.jpg\" \/>\n\t<meta property=\"og:image:width\" content=\"800\" \/>\n\t<meta property=\"og:image:height\" content=\"542\" \/>\n<meta name=\"twitter:card\" content=\"summary_large_image\" \/>\n<script type=\"application\/ld+json\" class=\"yoast-schema-graph\">{\"@context\":\"https:\/\/schema.org\",\"@graph\":[{\"@type\":\"WebSite\",\"@id\":\"https:\/\/tecmac.com.br\/#website\",\"url\":\"https:\/\/tecmac.com.br\/\",\"name\":\"TEC MAC Office Center\",\"description\":\"H\\u00e1 32 anos agregando qualidade e desempenho aos escrit\\u00f3rios\",\"potentialAction\":[{\"@type\":\"SearchAction\",\"target\":\"https:\/\/tecmac.com.br\/?s={search_term_string}\",\"query-input\":\"required name=search_term_string\"}],\"inLanguage\":\"pt-BR\"},{\"@type\":\"ImageObject\",\"@id\":\"https:\/\/tecmac.com.br\/index.php\/produto\/estante-de-aco-c-06-prat-ch-26-20-1980x920x300mm-cinza-lunasa\/#primaryimage\",\"inLanguage\":\"pt-BR\",\"url\":\"https:\/\/tecmac.com.br\/wp-content\/uploads\/2021\/01\/1-vegel-produtos-2016_03_08_11_11_52-543.jpg\",\"width\":800,\"height\":542},{\"@type\":\"WebPage\",\"@id\":\"https:\/\/tecmac.com.br\/index.php\/produto\/estante-de-aco-c-06-prat-ch-26-20-1980x920x300mm-cinza-lunasa\/#webpage\",\"url\":\"https:\/\/tecmac.com.br\/index.php\/produto\/estante-de-aco-c-06-prat-ch-26-20-1980x920x300mm-cinza-lunasa\/\",\"name\":\"ESTANTE DE A\\u00c7O C\/ 06 PRAT. CH.26\/20 1980X920X300MM CINZA LUNASA - TEC MAC Office Center\",\"isPartOf\":{\"@id\":\"https:\/\/tecmac.com.br\/#website\"},\"primaryImageOfPage\":{\"@id\":\"https:\/\/tecmac.com.br\/index.php\/produto\/estante-de-aco-c-06-prat-ch-26-20-1980x920x300mm-cinza-lunasa\/#primaryimage\"},\"datePublished\":\"2021-01-04T13:19:38+00:00\",\"dateModified\":\"2021-01-15T19:18:35+00:00\",\"inLanguage\":\"pt-BR\",\"potentialAction\":[{\"@type\":\"ReadAction\",\"target\":[\"https:\/\/tecmac.com.br\/index.php\/produto\/estante-de-aco-c-06-prat-ch-26-20-1980x920x300mm-cinza-lunasa\/\"]}]}]}<\/script>\n<!-- \/ Yoast SEO plugin. -->","_links":{"self":[{"href":"https:\/\/tecmac.com.br\/index.php\/wp-json\/wp\/v2\/product\/1841"}],"collection":[{"href":"https:\/\/tecmac.com.br\/index.php\/wp-json\/wp\/v2\/product"}],"about":[{"href":"https:\/\/tecmac.com.br\/index.php\/wp-json\/wp\/v2\/types\/product"}],"replies":[{"embeddable":true,"href":"https:\/\/tecmac.com.br\/index.php\/wp-json\/wp\/v2\/comments?post=1841"}],"wp:featuredmedia":[{"embeddable":true,"href":"https:\/\/tecmac.com.br\/index.php\/wp-json\/wp\/v2\/media\/1840"}],"wp:attachment":[{"href":"https:\/\/tecmac.com.br\/index.php\/wp-json\/wp\/v2\/media?parent=1841"}],"curies":[{"name":"wp","href":"https:\/\/api.w.org\/{rel}","templated":true}]}}