{"id":1842,"date":"2021-01-04T10:20:00","date_gmt":"2021-01-04T13:20:00","guid":{"rendered":"https:\/\/tecmac.com.br\/index.php\/produto\/balcao-credenza-executiva-com-3-gavetas-e-2-portas-de-correr\/"},"modified":"2021-01-04T10:20:00","modified_gmt":"2021-01-04T13:20:00","slug":"balcao-credenza-executiva-com-3-gavetas-e-2-portas-de-correr","status":"publish","type":"product","link":"https:\/\/tecmac.com.br\/index.php\/produto\/balcao-credenza-executiva-com-3-gavetas-e-2-portas-de-correr\/","title":{"rendered":"Balc\u00e3o Credenza Executiva Com 3 Gavetas E 2 Portas De Correr"},"content":{"rendered":"<p>Artany<\/p>\n","protected":false},"excerpt":{"rendered":"<p>BALC\u00c3O CREDENZA EXECUTIVA COM 3 GAVETAS E 2 PORTAS DE CORRER<\/p>\n<p> Tampos e P\u00e9s em Tamburato de 50mm de espessura<br \/>\n<br \/> Revestimento em BP: Maior resist\u00eancia e uniformidade nas cores<br \/>\n<br \/> Traseiras de 15 mm<br \/>\n<br \/> Fundos de gaveta de 6 mm<br \/>\n<br \/> Bordas PVC<br \/>\n<br \/> Puxadores em metal cromado<br \/>\n<br \/> Rod\u00edzios em PS<br \/>\n<br \/> Sapatas com regulagem de altura<br \/>\n<br \/> \u00a0<\/p>\n<p> CONTE\u00daDO DA EMBALAGEM:<\/p>\n<p> BALC\u00c3O CREDENZA EXECUTIVA COM 3 GAVETAS E 2 PORTAS DE CORRER COR GRIGIO\/PRETO<br \/>\n<br \/> \u00a0<\/p>\n<p> *Imagens meramente ilustrativas.<\/p>\n<p> ** Produto desmontado. Montagem n\u00e3o Inclusa. Acompanha manual de montagem.<\/p>\n","protected":false},"featured_media":0,"comment_status":"open","ping_status":"closed","template":"","meta":[],"yoast_head":"<!-- This site is optimized with the Yoast SEO plugin v15.6.2 - https:\/\/yoast.com\/wordpress\/plugins\/seo\/ -->\n<title>Balc\u00e3o Credenza Executiva Com 3 Gavetas E 2 Portas De Correr - TEC MAC Office Center<\/title>\n<meta name=\"robots\" content=\"index, follow, max-snippet:-1, max-image-preview:large, max-video-preview:-1\" \/>\n<link rel=\"canonical\" href=\"https:\/\/tecmac.com.br\/index.php\/produto\/balcao-credenza-executiva-com-3-gavetas-e-2-portas-de-correr\/\" \/>\n<meta property=\"og:locale\" content=\"pt_BR\" \/>\n<meta property=\"og:type\" content=\"article\" \/>\n<meta property=\"og:title\" content=\"Balc\u00e3o Credenza Executiva Com 3 Gavetas E 2 Portas De Correr - TEC MAC Office Center\" \/>\n<meta property=\"og:description\" content=\"BALC\u00c3O CREDENZA EXECUTIVA COM 3 GAVETAS E 2 PORTAS DE CORRER  Tampos e P\u00e9s em Tamburato de 50mm de espessura Revestimento em BP: Maior resist\u00eancia e uniformidade nas cores Traseiras de 15 mm Fundos de gaveta de 6 mm Bordas PVC Puxadores em metal cromado Rod\u00edzios em PS Sapatas com regulagem de altura \u00a0  CONTE\u00daDO DA EMBALAGEM:  BALC\u00c3O CREDENZA EXECUTIVA COM 3 GAVETAS E 2 PORTAS DE CORRER COR GRIGIO\/PRETO \u00a0  *Imagens meramente ilustrativas.  ** Produto desmontado. Montagem n\u00e3o Inclusa. Acompanha manual de montagem.\" \/>\n<meta property=\"og:url\" content=\"https:\/\/tecmac.com.br\/index.php\/produto\/balcao-credenza-executiva-com-3-gavetas-e-2-portas-de-correr\/\" \/>\n<meta property=\"og:site_name\" content=\"TEC MAC Office Center\" \/>\n<meta name=\"twitter:card\" content=\"summary_large_image\" \/>\n<script type=\"application\/ld+json\" class=\"yoast-schema-graph\">{\"@context\":\"https:\/\/schema.org\",\"@graph\":[{\"@type\":\"WebSite\",\"@id\":\"https:\/\/tecmac.com.br\/#website\",\"url\":\"https:\/\/tecmac.com.br\/\",\"name\":\"TEC MAC Office Center\",\"description\":\"H\\u00e1 32 anos agregando qualidade e desempenho aos escrit\\u00f3rios\",\"potentialAction\":[{\"@type\":\"SearchAction\",\"target\":\"https:\/\/tecmac.com.br\/?s={search_term_string}\",\"query-input\":\"required name=search_term_string\"}],\"inLanguage\":\"pt-BR\"},{\"@type\":\"WebPage\",\"@id\":\"https:\/\/tecmac.com.br\/index.php\/produto\/balcao-credenza-executiva-com-3-gavetas-e-2-portas-de-correr\/#webpage\",\"url\":\"https:\/\/tecmac.com.br\/index.php\/produto\/balcao-credenza-executiva-com-3-gavetas-e-2-portas-de-correr\/\",\"name\":\"Balc\\u00e3o Credenza Executiva Com 3 Gavetas E 2 Portas De Correr - TEC MAC Office Center\",\"isPartOf\":{\"@id\":\"https:\/\/tecmac.com.br\/#website\"},\"datePublished\":\"2021-01-04T13:20:00+00:00\",\"dateModified\":\"2021-01-04T13:20:00+00:00\",\"inLanguage\":\"pt-BR\",\"potentialAction\":[{\"@type\":\"ReadAction\",\"target\":[\"https:\/\/tecmac.com.br\/index.php\/produto\/balcao-credenza-executiva-com-3-gavetas-e-2-portas-de-correr\/\"]}]}]}<\/script>\n<!-- \/ Yoast SEO plugin. -->","_links":{"self":[{"href":"https:\/\/tecmac.com.br\/index.php\/wp-json\/wp\/v2\/product\/1842"}],"collection":[{"href":"https:\/\/tecmac.com.br\/index.php\/wp-json\/wp\/v2\/product"}],"about":[{"href":"https:\/\/tecmac.com.br\/index.php\/wp-json\/wp\/v2\/types\/product"}],"replies":[{"embeddable":true,"href":"https:\/\/tecmac.com.br\/index.php\/wp-json\/wp\/v2\/comments?post=1842"}],"wp:attachment":[{"href":"https:\/\/tecmac.com.br\/index.php\/wp-json\/wp\/v2\/media?parent=1842"}],"curies":[{"name":"wp","href":"https:\/\/api.w.org\/{rel}","templated":true}]}}