{"id":1851,"date":"2021-01-04T10:21:47","date_gmt":"2021-01-04T13:21:47","guid":{"rendered":"https:\/\/tecmac.com.br\/index.php\/produto\/mesa-iron-em-l-150x150m-tampo-25mm\/"},"modified":"2021-01-04T10:22:10","modified_gmt":"2021-01-04T13:22:10","slug":"mesa-iron-em-l-150x150m-tampo-25mm","status":"publish","type":"product","link":"https:\/\/tecmac.com.br\/index.php\/produto\/mesa-iron-em-l-150x150m-tampo-25mm\/","title":{"rendered":"MESA IRON EM L 1,50X1,50M TAMPO 25MM"},"content":{"rendered":"","protected":false},"excerpt":{"rendered":"<p>MESA IRON EM L 1,50X1,50M TAMPO 25MM<\/p>\n<p>\u00a0<\/p>\n<p>NOVA LINHA IRON MARTINUCCI: CABE NO SEU BOLSO, CABE NA SUA CASA, CABE NO SEU ESCRIT\u00d3RIO.<\/p>\n<p>\u00a0<\/p>\n<p>DESCRI\u00c7\u00c3O:<\/p>\n<p>| TAMPO EM 25MM EM MDP MACI\u00c7O COM REVESTIMENTO EM MELAM\u00cdNICO TEXTURIZADO<\/p>\n<p>| ESTRUTURA EM A\u00c7O NA COR PRETA COM PINTURA EPOXI<\/p>\n<p>| SAPATAS DE AJUSTE NA BASE<\/p>\n<p>| PAINEL EM MDP<\/p>\n<p>| MEDIDAS: 1,50M X 1,50M COMPRIMENTO X 0,60 PROFUNDIDADE X 0,74M DE ALTURA<\/p>\n<p>| COMPOSI\u00c7\u00c3O: MESA PRINCIPAL (1,50X0,60M) + MESA AUXILIAR (0,90&#215;0,45M)<\/p>\n<p>\u00a0<\/p>\n<p>CORES DO TAMPO\/PAINEL DISPON\u00cdVEIS:<\/p>\n<p>&#8211; BRANCO<\/p>\n<p>&#8211; CARVALHO BRUMA<\/p>\n<p>&#8211; PRETO<\/p>\n<p>\u00a0<\/p>\n<p>\u00a0<\/p>\n<p>OBS:<\/p>\n<p>A mesa segue desmontada em sua embalagem de f\u00e1brica. Montagem do produto por conta do cliente.<\/p>\n<p>Imagens ilustrativas, sendo o conjunto da foto apenas uma sugest\u00e3o de composi\u00e7\u00f5es para o cliente visualizar um ambiente formado. Cada produto \u00e9 vendido individualmente, tal como mesa, mesa em L, aparador, estante e gaveteiro.<\/p>\n<p>\u00a0<\/p>\n","protected":false},"featured_media":0,"comment_status":"open","ping_status":"closed","template":"","meta":[],"yoast_head":"<!-- This site is optimized with the Yoast SEO plugin v15.6.2 - https:\/\/yoast.com\/wordpress\/plugins\/seo\/ -->\n<title>MESA IRON EM L 1,50X1,50M TAMPO 25MM - TEC MAC Office Center<\/title>\n<meta name=\"robots\" content=\"index, follow, max-snippet:-1, max-image-preview:large, max-video-preview:-1\" \/>\n<link rel=\"canonical\" href=\"https:\/\/tecmac.com.br\/index.php\/produto\/mesa-iron-em-l-150x150m-tampo-25mm\/\" \/>\n<meta property=\"og:locale\" content=\"pt_BR\" \/>\n<meta property=\"og:type\" content=\"article\" \/>\n<meta property=\"og:title\" content=\"MESA IRON EM L 1,50X1,50M TAMPO 25MM - TEC MAC Office Center\" \/>\n<meta property=\"og:description\" content=\"MESA IRON EM L 1,50X1,50M TAMPO 25MM \u00a0 NOVA LINHA IRON MARTINUCCI: CABE NO SEU BOLSO, CABE NA SUA CASA, CABE NO SEU ESCRIT\u00d3RIO. \u00a0 DESCRI\u00c7\u00c3O: | TAMPO EM 25MM EM MDP MACI\u00c7O COM REVESTIMENTO EM MELAM\u00cdNICO TEXTURIZADO | ESTRUTURA EM A\u00c7O NA COR PRETA COM PINTURA EPOXI | SAPATAS DE AJUSTE NA BASE | PAINEL EM MDP | MEDIDAS: 1,50M X 1,50M COMPRIMENTO X 0,60 PROFUNDIDADE X 0,74M DE ALTURA | COMPOSI\u00c7\u00c3O: MESA PRINCIPAL (1,50X0,60M) + MESA AUXILIAR (0,90x0,45M) \u00a0 CORES DO TAMPO\/PAINEL DISPON\u00cdVEIS: - BRANCO - CARVALHO BRUMA - PRETO \u00a0 \u00a0 OBS: A mesa segue desmontada em sua embalagem de f\u00e1brica. Montagem do produto por conta do cliente. Imagens ilustrativas, sendo o conjunto da foto apenas uma sugest\u00e3o de composi\u00e7\u00f5es para o cliente visualizar um ambiente formado. Cada produto \u00e9 vendido individualmente, tal como mesa, mesa em L, aparador, estante e gaveteiro. \u00a0\" \/>\n<meta property=\"og:url\" content=\"https:\/\/tecmac.com.br\/index.php\/produto\/mesa-iron-em-l-150x150m-tampo-25mm\/\" \/>\n<meta property=\"og:site_name\" content=\"TEC MAC Office Center\" \/>\n<meta property=\"article:modified_time\" content=\"2021-01-04T13:22:10+00:00\" \/>\n<meta name=\"twitter:card\" content=\"summary_large_image\" \/>\n<script type=\"application\/ld+json\" class=\"yoast-schema-graph\">{\"@context\":\"https:\/\/schema.org\",\"@graph\":[{\"@type\":\"WebSite\",\"@id\":\"https:\/\/tecmac.com.br\/#website\",\"url\":\"https:\/\/tecmac.com.br\/\",\"name\":\"TEC MAC Office Center\",\"description\":\"H\\u00e1 32 anos agregando qualidade e desempenho aos escrit\\u00f3rios\",\"potentialAction\":[{\"@type\":\"SearchAction\",\"target\":\"https:\/\/tecmac.com.br\/?s={search_term_string}\",\"query-input\":\"required name=search_term_string\"}],\"inLanguage\":\"pt-BR\"},{\"@type\":\"WebPage\",\"@id\":\"https:\/\/tecmac.com.br\/index.php\/produto\/mesa-iron-em-l-150x150m-tampo-25mm\/#webpage\",\"url\":\"https:\/\/tecmac.com.br\/index.php\/produto\/mesa-iron-em-l-150x150m-tampo-25mm\/\",\"name\":\"MESA IRON EM L 1,50X1,50M TAMPO 25MM - TEC MAC Office Center\",\"isPartOf\":{\"@id\":\"https:\/\/tecmac.com.br\/#website\"},\"datePublished\":\"2021-01-04T13:21:47+00:00\",\"dateModified\":\"2021-01-04T13:22:10+00:00\",\"inLanguage\":\"pt-BR\",\"potentialAction\":[{\"@type\":\"ReadAction\",\"target\":[\"https:\/\/tecmac.com.br\/index.php\/produto\/mesa-iron-em-l-150x150m-tampo-25mm\/\"]}]}]}<\/script>\n<!-- \/ Yoast SEO plugin. -->","_links":{"self":[{"href":"https:\/\/tecmac.com.br\/index.php\/wp-json\/wp\/v2\/product\/1851"}],"collection":[{"href":"https:\/\/tecmac.com.br\/index.php\/wp-json\/wp\/v2\/product"}],"about":[{"href":"https:\/\/tecmac.com.br\/index.php\/wp-json\/wp\/v2\/types\/product"}],"replies":[{"embeddable":true,"href":"https:\/\/tecmac.com.br\/index.php\/wp-json\/wp\/v2\/comments?post=1851"}],"wp:attachment":[{"href":"https:\/\/tecmac.com.br\/index.php\/wp-json\/wp\/v2\/media?parent=1851"}],"curies":[{"name":"wp","href":"https:\/\/api.w.org\/{rel}","templated":true}]}}