{"id":1863,"date":"2021-01-04T10:23:40","date_gmt":"2021-01-04T13:23:40","guid":{"rendered":"https:\/\/tecmac.com.br\/index.php\/produto\/mesa-de-reuniao-executiva-tamburato-2000x1000mm\/"},"modified":"2021-01-04T10:23:40","modified_gmt":"2021-01-04T13:23:40","slug":"mesa-de-reuniao-executiva-tamburato-2000x1000mm","status":"publish","type":"product","link":"https:\/\/tecmac.com.br\/index.php\/produto\/mesa-de-reuniao-executiva-tamburato-2000x1000mm\/","title":{"rendered":"Mesa De Reuni\u00e3o Executiva Tamburato 2000x1000mm"},"content":{"rendered":"<p>ARTANY<\/p>\n","protected":false},"excerpt":{"rendered":"<p>MESA DE REUNI\u00c3O EXECUTIVA TAMBURATO 2000X1000MM<\/p>\n<p> Tampos e P\u00e9s em Tamburato de 50mm de espessura<br \/> Revestimento em BP: Maior resist\u00eancia e uniformidade nas cores<br \/> Traseiras de 15 mm<br \/> Bordas PVC<br \/> Sapatas com regulagem de altura<br \/> CONTE\u00daDO DA EMBALAGEM:<\/p>\n<p> MESA DE REUNI\u00c3O EXECUTIVA TAMBURATO 2000X1000MM. CORES DISPON\u00cdVEIS: LOURO\/PRETO &#8211; GRIGIO\/PRETO &#8211; TERRANO\/PRETO<br \/> \u00a0<\/p>\n<p> *Imagens meramente ilustrativas.<\/p>\n<p> ** Produto desmontado. Montagem n\u00e3o Inclusa. Acompanha manual de montagem.<\/p>\n","protected":false},"featured_media":0,"comment_status":"open","ping_status":"closed","template":"","meta":[],"yoast_head":"<!-- This site is optimized with the Yoast SEO plugin v15.6.2 - https:\/\/yoast.com\/wordpress\/plugins\/seo\/ -->\n<title>Mesa De Reuni\u00e3o Executiva Tamburato 2000x1000mm - TEC MAC Office Center<\/title>\n<meta name=\"robots\" content=\"index, follow, max-snippet:-1, max-image-preview:large, max-video-preview:-1\" \/>\n<link rel=\"canonical\" href=\"https:\/\/tecmac.com.br\/index.php\/produto\/mesa-de-reuniao-executiva-tamburato-2000x1000mm\/\" \/>\n<meta property=\"og:locale\" content=\"pt_BR\" \/>\n<meta property=\"og:type\" content=\"article\" \/>\n<meta property=\"og:title\" content=\"Mesa De Reuni\u00e3o Executiva Tamburato 2000x1000mm - TEC MAC Office Center\" \/>\n<meta property=\"og:description\" content=\"MESA DE REUNI\u00c3O EXECUTIVA TAMBURATO 2000X1000MM Tampos e P\u00e9s em Tamburato de 50mm de espessura Revestimento em BP: Maior resist\u00eancia e uniformidade nas cores Traseiras de 15 mm Bordas PVC Sapatas com regulagem de altura CONTE\u00daDO DA EMBALAGEM: MESA DE REUNI\u00c3O EXECUTIVA TAMBURATO 2000X1000MM. CORES DISPON\u00cdVEIS: LOURO\/PRETO - GRIGIO\/PRETO - TERRANO\/PRETO \u00a0 *Imagens meramente ilustrativas. ** Produto desmontado. Montagem n\u00e3o Inclusa. Acompanha manual de montagem.\" \/>\n<meta property=\"og:url\" content=\"https:\/\/tecmac.com.br\/index.php\/produto\/mesa-de-reuniao-executiva-tamburato-2000x1000mm\/\" \/>\n<meta property=\"og:site_name\" content=\"TEC MAC Office Center\" \/>\n<meta name=\"twitter:card\" content=\"summary_large_image\" \/>\n<script type=\"application\/ld+json\" class=\"yoast-schema-graph\">{\"@context\":\"https:\/\/schema.org\",\"@graph\":[{\"@type\":\"WebSite\",\"@id\":\"https:\/\/tecmac.com.br\/#website\",\"url\":\"https:\/\/tecmac.com.br\/\",\"name\":\"TEC MAC Office Center\",\"description\":\"H\\u00e1 32 anos agregando qualidade e desempenho aos escrit\\u00f3rios\",\"potentialAction\":[{\"@type\":\"SearchAction\",\"target\":\"https:\/\/tecmac.com.br\/?s={search_term_string}\",\"query-input\":\"required name=search_term_string\"}],\"inLanguage\":\"pt-BR\"},{\"@type\":\"WebPage\",\"@id\":\"https:\/\/tecmac.com.br\/index.php\/produto\/mesa-de-reuniao-executiva-tamburato-2000x1000mm\/#webpage\",\"url\":\"https:\/\/tecmac.com.br\/index.php\/produto\/mesa-de-reuniao-executiva-tamburato-2000x1000mm\/\",\"name\":\"Mesa De Reuni\\u00e3o Executiva Tamburato 2000x1000mm - TEC MAC Office Center\",\"isPartOf\":{\"@id\":\"https:\/\/tecmac.com.br\/#website\"},\"datePublished\":\"2021-01-04T13:23:40+00:00\",\"dateModified\":\"2021-01-04T13:23:40+00:00\",\"inLanguage\":\"pt-BR\",\"potentialAction\":[{\"@type\":\"ReadAction\",\"target\":[\"https:\/\/tecmac.com.br\/index.php\/produto\/mesa-de-reuniao-executiva-tamburato-2000x1000mm\/\"]}]}]}<\/script>\n<!-- \/ Yoast SEO plugin. -->","_links":{"self":[{"href":"https:\/\/tecmac.com.br\/index.php\/wp-json\/wp\/v2\/product\/1863"}],"collection":[{"href":"https:\/\/tecmac.com.br\/index.php\/wp-json\/wp\/v2\/product"}],"about":[{"href":"https:\/\/tecmac.com.br\/index.php\/wp-json\/wp\/v2\/types\/product"}],"replies":[{"embeddable":true,"href":"https:\/\/tecmac.com.br\/index.php\/wp-json\/wp\/v2\/comments?post=1863"}],"wp:attachment":[{"href":"https:\/\/tecmac.com.br\/index.php\/wp-json\/wp\/v2\/media?parent=1863"}],"curies":[{"name":"wp","href":"https:\/\/api.w.org\/{rel}","templated":true}]}}