{"id":1866,"date":"2021-01-04T10:26:28","date_gmt":"2021-01-04T13:26:28","guid":{"rendered":"https:\/\/tecmac.com.br\/index.php\/produto\/lapis-cor-36-cores-ecolapis-120136-faber-castell\/"},"modified":"2021-01-04T10:57:23","modified_gmt":"2021-01-04T13:57:23","slug":"lapis-cor-36-cores-ecolapis-120136-faber-castell","status":"publish","type":"product","link":"https:\/\/tecmac.com.br\/index.php\/produto\/lapis-cor-36-cores-ecolapis-120136-faber-castell\/","title":{"rendered":"LAPIS COR 36 CORES ECOLAPIS 120136 FABER CASTELL"},"content":{"rendered":"","protected":false},"excerpt":{"rendered":"<p><span style=\"color: #25312a; font-family: Arial, Helvetica, sans-serif; font-size: 16px;\">Deixe a criatividade fluir com os Ecol\u00e1pis de Cor da Faber-Castell. Seus desenhos mais vivos e criativos com \u00f3tima cobertura. O formato do Ecol\u00e1pis \u00e9 sextavado e sua formula\u00e7\u00e3o exclusiva garante a durabilidade do produto. Produzido com madeira 100% reflorestada e certificada pelo FSC: respeito ao meio ambiente. ATEN\u00c7\u00c3O! N\u00e3o recomend\u00e1vel para crian\u00e7as de at\u00e9 3 (tr\u00eas) anos, por conter parte(s) pequena(s) que pode(m) ser engolida(s) ou aspirada(s). Produto at\u00f3xico e n\u00e3o perec\u00edvel. Este produto pode ser reciclado. Vamos limpar o planeta juntos.<\/span><\/p>\n<div class=\"product-attributes-row\" style=\"margin: 0px; padding: 0px; align-items: center; justify-content: center; border-bottom: 1px solid #727377; color: #212529; font-family: Arial, Helvetica, sans-serif; font-size: 16px;\">\n<div class=\"product-attributes-title\" style=\"margin: 0px; padding: 0px; width: 363.188px; font-weight: bold; color: #25312a; text-align: center; background-color: #f5f5f5;\">Sortimento<\/div>\n<div class=\"product-attributes-text\" style=\"margin: 0px; padding: 25px 40px; width: 544.797px; background-color: #fcfcfc;\">36 Cores<\/div>\n<\/div>\n<div class=\"product-attributes-row\" style=\"margin: 0px; padding: 0px; align-items: center; justify-content: center; border-bottom: 1px solid #727377; color: #212529; font-family: Arial, Helvetica, sans-serif; font-size: 16px;\">\n<div class=\"product-attributes-title\" style=\"margin: 0px; padding: 0px; width: 363.188px; font-weight: bold; color: #25312a; text-align: center; background-color: #f5f5f5;\">Cor<\/div>\n<div class=\"product-attributes-text\" style=\"margin: 0px; padding: 25px 40px; width: 544.797px; background-color: #fcfcfc;\">Sortidas<\/div>\n<\/div>\n<div class=\"product-attributes-row\" style=\"margin: 0px; padding: 0px; align-items: center; justify-content: center; border-bottom: 0px; color: #212529; font-family: Arial, Helvetica, sans-serif; font-size: 16px;\">\n<div class=\"product-attributes-title\" style=\"margin: 0px; padding: 0px; width: 363.188px; font-weight: bold; color: #25312a; text-align: center; background-color: #f5f5f5;\">Formato<\/div>\n<div class=\"product-attributes-text\" style=\"margin: 0px; padding: 25px 40px; width: 544.797px; background-color: #fcfcfc;\">Pacote<\/div>\n<\/div>\n","protected":false},"featured_media":1864,"comment_status":"open","ping_status":"closed","template":"","meta":[],"yoast_head":"<!-- This site is optimized with the Yoast SEO plugin v15.6.2 - https:\/\/yoast.com\/wordpress\/plugins\/seo\/ -->\n<title>LAPIS COR 36 CORES ECOLAPIS 120136 FABER CASTELL - TEC MAC Office Center<\/title>\n<meta name=\"robots\" content=\"index, follow, max-snippet:-1, max-image-preview:large, max-video-preview:-1\" \/>\n<link rel=\"canonical\" href=\"https:\/\/tecmac.com.br\/index.php\/produto\/lapis-cor-36-cores-ecolapis-120136-faber-castell\/\" \/>\n<meta property=\"og:locale\" content=\"pt_BR\" \/>\n<meta property=\"og:type\" content=\"article\" \/>\n<meta property=\"og:title\" content=\"LAPIS COR 36 CORES ECOLAPIS 120136 FABER CASTELL - TEC MAC Office Center\" \/>\n<meta property=\"og:description\" content=\"Deixe a criatividade fluir com os Ecol\u00e1pis de Cor da Faber-Castell. Seus desenhos mais vivos e criativos com \u00f3tima cobertura. O formato do Ecol\u00e1pis \u00e9 sextavado e sua formula\u00e7\u00e3o exclusiva garante a durabilidade do produto. Produzido com madeira 100% reflorestada e certificada pelo FSC: respeito ao meio ambiente. ATEN\u00c7\u00c3O! N\u00e3o recomend\u00e1vel para crian\u00e7as de at\u00e9 3 (tr\u00eas) anos, por conter parte(s) pequena(s) que pode(m) ser engolida(s) ou aspirada(s). Produto at\u00f3xico e n\u00e3o perec\u00edvel. Este produto pode ser reciclado. Vamos limpar o planeta juntos.  Sortimento 36 Cores   Cor Sortidas   Formato Pacote\" \/>\n<meta property=\"og:url\" content=\"https:\/\/tecmac.com.br\/index.php\/produto\/lapis-cor-36-cores-ecolapis-120136-faber-castell\/\" \/>\n<meta property=\"og:site_name\" content=\"TEC MAC Office Center\" \/>\n<meta property=\"article:modified_time\" content=\"2021-01-04T13:57:23+00:00\" \/>\n<meta property=\"og:image\" content=\"https:\/\/tecmac.com.br\/wp-content\/uploads\/2021\/01\/9_0_20200624115728.png\" \/>\n\t<meta property=\"og:image:width\" content=\"1024\" \/>\n\t<meta property=\"og:image:height\" content=\"1024\" \/>\n<meta name=\"twitter:card\" content=\"summary_large_image\" \/>\n<script type=\"application\/ld+json\" class=\"yoast-schema-graph\">{\"@context\":\"https:\/\/schema.org\",\"@graph\":[{\"@type\":\"WebSite\",\"@id\":\"https:\/\/tecmac.com.br\/#website\",\"url\":\"https:\/\/tecmac.com.br\/\",\"name\":\"TEC MAC Office Center\",\"description\":\"H\\u00e1 32 anos agregando qualidade e desempenho aos escrit\\u00f3rios\",\"potentialAction\":[{\"@type\":\"SearchAction\",\"target\":\"https:\/\/tecmac.com.br\/?s={search_term_string}\",\"query-input\":\"required name=search_term_string\"}],\"inLanguage\":\"pt-BR\"},{\"@type\":\"ImageObject\",\"@id\":\"https:\/\/tecmac.com.br\/index.php\/produto\/lapis-cor-36-cores-ecolapis-120136-faber-castell\/#primaryimage\",\"inLanguage\":\"pt-BR\",\"url\":\"https:\/\/tecmac.com.br\/wp-content\/uploads\/2021\/01\/9_0_20200624115728.png\",\"width\":1024,\"height\":1024},{\"@type\":\"WebPage\",\"@id\":\"https:\/\/tecmac.com.br\/index.php\/produto\/lapis-cor-36-cores-ecolapis-120136-faber-castell\/#webpage\",\"url\":\"https:\/\/tecmac.com.br\/index.php\/produto\/lapis-cor-36-cores-ecolapis-120136-faber-castell\/\",\"name\":\"LAPIS COR 36 CORES ECOLAPIS 120136 FABER CASTELL - TEC MAC Office Center\",\"isPartOf\":{\"@id\":\"https:\/\/tecmac.com.br\/#website\"},\"primaryImageOfPage\":{\"@id\":\"https:\/\/tecmac.com.br\/index.php\/produto\/lapis-cor-36-cores-ecolapis-120136-faber-castell\/#primaryimage\"},\"datePublished\":\"2021-01-04T13:26:28+00:00\",\"dateModified\":\"2021-01-04T13:57:23+00:00\",\"inLanguage\":\"pt-BR\",\"potentialAction\":[{\"@type\":\"ReadAction\",\"target\":[\"https:\/\/tecmac.com.br\/index.php\/produto\/lapis-cor-36-cores-ecolapis-120136-faber-castell\/\"]}]}]}<\/script>\n<!-- \/ Yoast SEO plugin. -->","_links":{"self":[{"href":"https:\/\/tecmac.com.br\/index.php\/wp-json\/wp\/v2\/product\/1866"}],"collection":[{"href":"https:\/\/tecmac.com.br\/index.php\/wp-json\/wp\/v2\/product"}],"about":[{"href":"https:\/\/tecmac.com.br\/index.php\/wp-json\/wp\/v2\/types\/product"}],"replies":[{"embeddable":true,"href":"https:\/\/tecmac.com.br\/index.php\/wp-json\/wp\/v2\/comments?post=1866"}],"wp:featuredmedia":[{"embeddable":true,"href":"https:\/\/tecmac.com.br\/index.php\/wp-json\/wp\/v2\/media\/1864"}],"wp:attachment":[{"href":"https:\/\/tecmac.com.br\/index.php\/wp-json\/wp\/v2\/media?parent=1866"}],"curies":[{"name":"wp","href":"https:\/\/api.w.org\/{rel}","templated":true}]}}