{"id":1872,"date":"2021-01-04T10:26:49","date_gmt":"2021-01-04T13:26:49","guid":{"rendered":"https:\/\/tecmac.com.br\/index.php\/produto\/mochila-note-luxcel-preto\/"},"modified":"2021-01-05T17:36:18","modified_gmt":"2021-01-05T20:36:18","slug":"mochila-note-luxcel-preto","status":"publish","type":"product","link":"https:\/\/tecmac.com.br\/index.php\/produto\/mochila-note-luxcel-preto\/","title":{"rendered":"MOCHILA NOTE LUXCEL PRETO"},"content":{"rendered":"","protected":false},"excerpt":{"rendered":"<p><span style=\"color: #333333; font-family: 'Open Sans', Arial, 'Helvetica Neue', Helvetica, sans-serif;\">Mochila Executiva oferece \u00f3timo espa\u00e7o para levar e organizar o material escolar. Que tal uma mochila para te acompanhar por a\u00ed, carregando tudo que voc\u00ea precisa com a maior seguran\u00e7a e praticidade.Essa mochila super bonita e moderna possui um \u00f3timo espa\u00e7o interno e \u00e9 material de alta resist\u00eancia,tudo pensado exclusivamente no seu bem estar e trazendo praticidade e conforto para sua vida.<\/span><br style=\"color: #333333; font-family: 'Open Sans', Arial, 'Helvetica Neue', Helvetica, sans-serif;\" \/><br style=\"color: #333333; font-family: 'Open Sans', Arial, 'Helvetica Neue', Helvetica, sans-serif;\" \/><span style=\"color: #333333; font-family: 'Open Sans', Arial, 'Helvetica Neue', Helvetica, sans-serif;\">Informa\u00e7\u00f5es do produto<\/span><br style=\"color: #333333; font-family: 'Open Sans', Arial, 'Helvetica Neue', Helvetica, sans-serif;\" \/><span style=\"color: #333333; font-family: 'Open Sans', Arial, 'Helvetica Neue', Helvetica, sans-serif;\">-Al\u00e7a &#8211; De m\u00e3o<\/span><br style=\"color: #333333; font-family: 'Open Sans', Arial, 'Helvetica Neue', Helvetica, sans-serif;\" \/><span style=\"color: #333333; font-family: 'Open Sans', Arial, 'Helvetica Neue', Helvetica, sans-serif;\">&#8211; Bolsos de armazenamento para organizar canetas, documentos e outros acess\u00f3rios<\/span><br style=\"color: #333333; font-family: 'Open Sans', Arial, 'Helvetica Neue', Helvetica, sans-serif;\" \/><span style=\"color: #333333; font-family: 'Open Sans', Arial, 'Helvetica Neue', Helvetica, sans-serif;\">-Confeccionada em poli\u00e9ster<\/span><br style=\"color: #333333; font-family: 'Open Sans', Arial, 'Helvetica Neue', Helvetica, sans-serif;\" \/><span style=\"color: #333333; font-family: 'Open Sans', Arial, 'Helvetica Neue', Helvetica, sans-serif;\">-Compartimento para notebook at\u00e9 15 polegadas<\/span><br style=\"color: #333333; font-family: 'Open Sans', Arial, 'Helvetica Neue', Helvetica, sans-serif;\" \/><span style=\"color: #333333; font-family: 'Open Sans', Arial, 'Helvetica Neue', Helvetica, sans-serif;\">&#8211; O conveniente bolso frontal e dois bolsos com z\u00edper na parte da frente<\/span><br style=\"color: #333333; font-family: 'Open Sans', Arial, 'Helvetica Neue', Helvetica, sans-serif;\" \/><span style=\"color: #333333; font-family: 'Open Sans', Arial, 'Helvetica Neue', Helvetica, sans-serif;\">&#8211; Suporte lateral redinha para garrafas d&#8217;\u00e1gua e acess\u00f3rios com z\u00edper<\/span><br style=\"color: #333333; font-family: 'Open Sans', Arial, 'Helvetica Neue', Helvetica, sans-serif;\" \/><span style=\"color: #333333; font-family: 'Open Sans', Arial, 'Helvetica Neue', Helvetica, sans-serif;\">&#8211; Divis\u00f3ria internas e externas para melhor atender as suas necessidades di\u00e1rias<\/span><\/p>\n<div class=\"row\" style=\"margin-left: 0px; margin-right: 0px; color: #333333; font-family: 'Open Sans', Arial, 'Helvetica Neue', Helvetica, sans-serif; font-size: 14px; font-style: normal; font-weight: 400; letter-spacing: normal; text-align: start; text-indent: 0px; text-transform: none; background-color: #ffffff;\"><\/div>\n<div class=\"row\" style=\"margin-left: 0px; margin-right: 0px; color: #333333; font-family: 'Open Sans', Arial, 'Helvetica Neue', Helvetica, sans-serif; font-size: 14px; font-style: normal; font-weight: 400; letter-spacing: normal; text-align: start; text-indent: 0px; text-transform: none; background-color: #ffffff;\">\n<div class=\"col-xs-12\" style=\"min-height: 1px; padding-left: 0px; padding-right: 0px; float: left; width: 1140px;\">\n<div class=\"product-qd-v1-description\">\n<div class=\"h1 h2 h3 h4 h5 h5 p table ul dl\">\n<div class=\"productDescription\">* As especifica\u00e7\u00f5es podem ser alteradas sem aviso pr\u00e9vio ** Imagem meramente ilustrativa, podendo variar as cores.<\/div>\n<\/div>\n<\/div>\n<\/div>\n<\/div>\n","protected":false},"featured_media":1873,"comment_status":"open","ping_status":"closed","template":"","meta":[],"yoast_head":"<!-- This site is optimized with the Yoast SEO plugin v15.6.2 - https:\/\/yoast.com\/wordpress\/plugins\/seo\/ -->\n<title>MOCHILA NOTE LUXCEL PRETO - TEC MAC Office Center<\/title>\n<meta name=\"robots\" content=\"index, follow, max-snippet:-1, max-image-preview:large, max-video-preview:-1\" \/>\n<link rel=\"canonical\" href=\"https:\/\/tecmac.com.br\/index.php\/produto\/mochila-note-luxcel-preto\/\" \/>\n<meta property=\"og:locale\" content=\"pt_BR\" \/>\n<meta property=\"og:type\" content=\"article\" \/>\n<meta property=\"og:title\" content=\"MOCHILA NOTE LUXCEL PRETO - TEC MAC Office Center\" \/>\n<meta property=\"og:description\" content=\"Mochila Executiva oferece \u00f3timo espa\u00e7o para levar e organizar o material escolar. Que tal uma mochila para te acompanhar por a\u00ed, carregando tudo que voc\u00ea precisa com a maior seguran\u00e7a e praticidade.Essa mochila super bonita e moderna possui um \u00f3timo espa\u00e7o interno e \u00e9 material de alta resist\u00eancia,tudo pensado exclusivamente no seu bem estar e trazendo praticidade e conforto para sua vida.Informa\u00e7\u00f5es do produto-Al\u00e7a - De m\u00e3o- Bolsos de armazenamento para organizar canetas, documentos e outros acess\u00f3rios-Confeccionada em poli\u00e9ster-Compartimento para notebook at\u00e9 15 polegadas- O conveniente bolso frontal e dois bolsos com z\u00edper na parte da frente- Suporte lateral redinha para garrafas d&#039;\u00e1gua e acess\u00f3rios com z\u00edper- Divis\u00f3ria internas e externas para melhor atender as suas necessidades di\u00e1rias      * As especifica\u00e7\u00f5es podem ser alteradas sem aviso pr\u00e9vio ** Imagem meramente ilustrativa, podendo variar as cores.\" \/>\n<meta property=\"og:url\" content=\"https:\/\/tecmac.com.br\/index.php\/produto\/mochila-note-luxcel-preto\/\" \/>\n<meta property=\"og:site_name\" content=\"TEC MAC Office Center\" \/>\n<meta property=\"article:modified_time\" content=\"2021-01-05T20:36:18+00:00\" \/>\n<meta property=\"og:image\" content=\"https:\/\/tecmac.com.br\/wp-content\/uploads\/2021\/01\/1174-1.png\" \/>\n\t<meta property=\"og:image:width\" content=\"1000\" \/>\n\t<meta property=\"og:image:height\" content=\"1000\" \/>\n<meta name=\"twitter:card\" content=\"summary_large_image\" \/>\n<script type=\"application\/ld+json\" class=\"yoast-schema-graph\">{\"@context\":\"https:\/\/schema.org\",\"@graph\":[{\"@type\":\"WebSite\",\"@id\":\"https:\/\/tecmac.com.br\/#website\",\"url\":\"https:\/\/tecmac.com.br\/\",\"name\":\"TEC MAC Office Center\",\"description\":\"H\\u00e1 32 anos agregando qualidade e desempenho aos escrit\\u00f3rios\",\"potentialAction\":[{\"@type\":\"SearchAction\",\"target\":\"https:\/\/tecmac.com.br\/?s={search_term_string}\",\"query-input\":\"required name=search_term_string\"}],\"inLanguage\":\"pt-BR\"},{\"@type\":\"ImageObject\",\"@id\":\"https:\/\/tecmac.com.br\/index.php\/produto\/mochila-note-luxcel-preto\/#primaryimage\",\"inLanguage\":\"pt-BR\",\"url\":\"https:\/\/tecmac.com.br\/wp-content\/uploads\/2021\/01\/1174-1.png\",\"width\":1000,\"height\":1000},{\"@type\":\"WebPage\",\"@id\":\"https:\/\/tecmac.com.br\/index.php\/produto\/mochila-note-luxcel-preto\/#webpage\",\"url\":\"https:\/\/tecmac.com.br\/index.php\/produto\/mochila-note-luxcel-preto\/\",\"name\":\"MOCHILA NOTE LUXCEL PRETO - TEC MAC Office Center\",\"isPartOf\":{\"@id\":\"https:\/\/tecmac.com.br\/#website\"},\"primaryImageOfPage\":{\"@id\":\"https:\/\/tecmac.com.br\/index.php\/produto\/mochila-note-luxcel-preto\/#primaryimage\"},\"datePublished\":\"2021-01-04T13:26:49+00:00\",\"dateModified\":\"2021-01-05T20:36:18+00:00\",\"inLanguage\":\"pt-BR\",\"potentialAction\":[{\"@type\":\"ReadAction\",\"target\":[\"https:\/\/tecmac.com.br\/index.php\/produto\/mochila-note-luxcel-preto\/\"]}]}]}<\/script>\n<!-- \/ Yoast SEO plugin. -->","_links":{"self":[{"href":"https:\/\/tecmac.com.br\/index.php\/wp-json\/wp\/v2\/product\/1872"}],"collection":[{"href":"https:\/\/tecmac.com.br\/index.php\/wp-json\/wp\/v2\/product"}],"about":[{"href":"https:\/\/tecmac.com.br\/index.php\/wp-json\/wp\/v2\/types\/product"}],"replies":[{"embeddable":true,"href":"https:\/\/tecmac.com.br\/index.php\/wp-json\/wp\/v2\/comments?post=1872"}],"wp:featuredmedia":[{"embeddable":true,"href":"https:\/\/tecmac.com.br\/index.php\/wp-json\/wp\/v2\/media\/1873"}],"wp:attachment":[{"href":"https:\/\/tecmac.com.br\/index.php\/wp-json\/wp\/v2\/media?parent=1872"}],"curies":[{"name":"wp","href":"https:\/\/api.w.org\/{rel}","templated":true}]}}