{"id":1876,"date":"2021-01-04T10:28:25","date_gmt":"2021-01-04T13:28:25","guid":{"rendered":"https:\/\/tecmac.com.br\/index.php\/produto\/porta-chaves-claviculario-p-30-chaves-kit-c-chaveiros\/"},"modified":"2021-01-21T09:39:45","modified_gmt":"2021-01-21T12:39:45","slug":"porta-chaves-claviculario-p-30-chaves-kit-c-chaveiros","status":"publish","type":"product","link":"https:\/\/tecmac.com.br\/index.php\/produto\/porta-chaves-claviculario-p-30-chaves-kit-c-chaveiros\/","title":{"rendered":"Porta Chaves Claviculario P\/ 30 Chaves &#8211; Kit C\/ Chaveiros"},"content":{"rendered":"","protected":false},"excerpt":{"rendered":"<p>Constru\u00eddo Em A\u00e7o Com Pintura Ep\u00f3xi De Alta Durabilidade E Resistente A Oxida\u00e7\u00e3o, Com Fechadura E Duas Chaves Inclusas, Com Capacidade Para 30 Chaves\/Chaveiros.<\/p>\n<p>Ideal Para Organizar E Guardar As Chaves Que Est\u00e3o Em Uso Ou N\u00e3o, Evita Perdas De Chaves, Al\u00e9m De Proporcionar Maior Controle Das Chaves E Acesso Utilizado Por Empresas, Resid\u00eancias, Escolas, Estacionamentos, Portarias E Outros Locais. Compacto, Mant\u00e9m O Padr\u00e3o Est\u00e9tico Do Ambiente Disponibilidade Para Fixar Na Parede Ou Em Arm\u00e1rio. A Porta Possui Chave Para Abertura E J\u00e1 S\u00e3o Fornecidas Duas Chave.<\/p>\n<p>Incluso: 30 Chaveiros em pl\u00e1stico Com Etiqueta De Identifica\u00e7\u00e3o.<\/p>\n<p>Dimens\u00f5es Do Produto:<\/p>\n<p>Comprimento: 27,0 Cm<\/p>\n<p>Largura: 20,0 Cm<\/p>\n<p>Altura: 4,5 Cm<\/p>\n<p>Peso: 1,90 Kg<\/p>\n","protected":false},"featured_media":1908,"comment_status":"open","ping_status":"closed","template":"","meta":[],"yoast_head":"<!-- This site is optimized with the Yoast SEO plugin v15.6.2 - https:\/\/yoast.com\/wordpress\/plugins\/seo\/ -->\n<title>Porta Chaves Claviculario P\/ 30 Chaves - Kit C\/ Chaveiros - TEC MAC Office Center<\/title>\n<meta name=\"robots\" content=\"index, follow, max-snippet:-1, max-image-preview:large, max-video-preview:-1\" \/>\n<link rel=\"canonical\" href=\"https:\/\/tecmac.com.br\/index.php\/produto\/porta-chaves-claviculario-p-30-chaves-kit-c-chaveiros\/\" \/>\n<meta property=\"og:locale\" content=\"pt_BR\" \/>\n<meta property=\"og:type\" content=\"article\" \/>\n<meta property=\"og:title\" content=\"Porta Chaves Claviculario P\/ 30 Chaves - Kit C\/ Chaveiros - TEC MAC Office Center\" \/>\n<meta property=\"og:description\" content=\"Constru\u00eddo Em A\u00e7o Com Pintura Ep\u00f3xi De Alta Durabilidade E Resistente A Oxida\u00e7\u00e3o, Com Fechadura E Duas Chaves Inclusas, Com Capacidade Para 30 Chaves\/Chaveiros.  Ideal Para Organizar E Guardar As Chaves Que Est\u00e3o Em Uso Ou N\u00e3o, Evita Perdas De Chaves, Al\u00e9m De Proporcionar Maior Controle Das Chaves E Acesso Utilizado Por Empresas, Resid\u00eancias, Escolas, Estacionamentos, Portarias E Outros Locais. Compacto, Mant\u00e9m O Padr\u00e3o Est\u00e9tico Do Ambiente Disponibilidade Para Fixar Na Parede Ou Em Arm\u00e1rio. A Porta Possui Chave Para Abertura E J\u00e1 S\u00e3o Fornecidas Duas Chave.  Incluso: 30 Chaveiros em pl\u00e1stico Com Etiqueta De Identifica\u00e7\u00e3o.  Dimens\u00f5es Do Produto:  Comprimento: 27,0 Cm  Largura: 20,0 Cm  Altura: 4,5 Cm  Peso: 1,90 Kg\" \/>\n<meta property=\"og:url\" content=\"https:\/\/tecmac.com.br\/index.php\/produto\/porta-chaves-claviculario-p-30-chaves-kit-c-chaveiros\/\" \/>\n<meta property=\"og:site_name\" content=\"TEC MAC Office Center\" \/>\n<meta property=\"article:modified_time\" content=\"2021-01-21T12:39:45+00:00\" \/>\n<meta property=\"og:image\" content=\"https:\/\/tecmac.com.br\/wp-content\/uploads\/2021\/01\/6434681529-img-20190830-174223-26572c0094f61e8d9915672894502936-480-0.jpg\" \/>\n\t<meta property=\"og:image:width\" content=\"480\" \/>\n\t<meta property=\"og:image:height\" content=\"409\" \/>\n<meta name=\"twitter:card\" content=\"summary_large_image\" \/>\n<script type=\"application\/ld+json\" class=\"yoast-schema-graph\">{\"@context\":\"https:\/\/schema.org\",\"@graph\":[{\"@type\":\"WebSite\",\"@id\":\"https:\/\/tecmac.com.br\/#website\",\"url\":\"https:\/\/tecmac.com.br\/\",\"name\":\"TEC MAC Office Center\",\"description\":\"H\\u00e1 32 anos agregando qualidade e desempenho aos escrit\\u00f3rios\",\"potentialAction\":[{\"@type\":\"SearchAction\",\"target\":\"https:\/\/tecmac.com.br\/?s={search_term_string}\",\"query-input\":\"required name=search_term_string\"}],\"inLanguage\":\"pt-BR\"},{\"@type\":\"ImageObject\",\"@id\":\"https:\/\/tecmac.com.br\/index.php\/produto\/porta-chaves-claviculario-p-30-chaves-kit-c-chaveiros\/#primaryimage\",\"inLanguage\":\"pt-BR\",\"url\":\"https:\/\/tecmac.com.br\/wp-content\/uploads\/2021\/01\/6434681529-img-20190830-174223-26572c0094f61e8d9915672894502936-480-0.jpg\",\"width\":480,\"height\":409},{\"@type\":\"WebPage\",\"@id\":\"https:\/\/tecmac.com.br\/index.php\/produto\/porta-chaves-claviculario-p-30-chaves-kit-c-chaveiros\/#webpage\",\"url\":\"https:\/\/tecmac.com.br\/index.php\/produto\/porta-chaves-claviculario-p-30-chaves-kit-c-chaveiros\/\",\"name\":\"Porta Chaves Claviculario P\/ 30 Chaves - Kit C\/ Chaveiros - TEC MAC Office Center\",\"isPartOf\":{\"@id\":\"https:\/\/tecmac.com.br\/#website\"},\"primaryImageOfPage\":{\"@id\":\"https:\/\/tecmac.com.br\/index.php\/produto\/porta-chaves-claviculario-p-30-chaves-kit-c-chaveiros\/#primaryimage\"},\"datePublished\":\"2021-01-04T13:28:25+00:00\",\"dateModified\":\"2021-01-21T12:39:45+00:00\",\"inLanguage\":\"pt-BR\",\"potentialAction\":[{\"@type\":\"ReadAction\",\"target\":[\"https:\/\/tecmac.com.br\/index.php\/produto\/porta-chaves-claviculario-p-30-chaves-kit-c-chaveiros\/\"]}]}]}<\/script>\n<!-- \/ Yoast SEO plugin. -->","_links":{"self":[{"href":"https:\/\/tecmac.com.br\/index.php\/wp-json\/wp\/v2\/product\/1876"}],"collection":[{"href":"https:\/\/tecmac.com.br\/index.php\/wp-json\/wp\/v2\/product"}],"about":[{"href":"https:\/\/tecmac.com.br\/index.php\/wp-json\/wp\/v2\/types\/product"}],"replies":[{"embeddable":true,"href":"https:\/\/tecmac.com.br\/index.php\/wp-json\/wp\/v2\/comments?post=1876"}],"wp:featuredmedia":[{"embeddable":true,"href":"https:\/\/tecmac.com.br\/index.php\/wp-json\/wp\/v2\/media\/1908"}],"wp:attachment":[{"href":"https:\/\/tecmac.com.br\/index.php\/wp-json\/wp\/v2\/media?parent=1876"}],"curies":[{"name":"wp","href":"https:\/\/api.w.org\/{rel}","templated":true}]}}