{"id":1883,"date":"2021-01-04T10:28:38","date_gmt":"2021-01-04T13:28:38","guid":{"rendered":"https:\/\/tecmac.com.br\/index.php\/produto\/porta-chaves-claviculario-para-30-chaveiros-ctm\/"},"modified":"2021-01-19T10:10:22","modified_gmt":"2021-01-19T13:10:22","slug":"porta-chaves-claviculario-para-30-chaveiros-ctm","status":"publish","type":"product","link":"https:\/\/tecmac.com.br\/index.php\/produto\/porta-chaves-claviculario-para-30-chaveiros-ctm\/","title":{"rendered":"Porta Chaves &#8211; Clavicul\u00e1rio para 30 Chaveiros CTM"},"content":{"rendered":"","protected":false},"excerpt":{"rendered":"<p>Porta Chaves &#8211; Clavicul\u00e1rio para 30 Chaveiros CTM<\/p>\n<p>Constru\u00eddo Em A\u00e7o Com Pintura Ep\u00f3xi De Alta Durabilidade E Resistente\u00a0A Oxida\u00e7\u00e3o, Com Fechadura E Duas Chaves Inclusas, Com Capacidade Para 30 Chaves.<\/p>\n<p>Ideal Para Organizar E Guardar As Chaves Que Est\u00e3o Em Uso Ou N\u00e3o, Evita Perdas De Chaves, Al\u00e9m De Proporcionar Maior Controle Das Chaves E\u00a0Acesso Utilizado Por Empresas, Resid\u00eancias, Escolas, Estacionamentos, Portarias E Outros Locais. Compacto, Mant\u00e9m O Padr\u00e3o Est\u00e9tico Do Ambiente Disponibilidade Para Fixar Na Parede Ou Em Arm\u00e1rio. A Porta Possui Chave Para Abertura E J\u00e1 S\u00e3o Fornecidas Duas Chave.<\/p>\n<p>Dimens\u00f5es Do Produto:<\/p>\n<p>Comprimento: 27,0 Cm<\/p>\n<p>Largura: 20,0 Cm<\/p>\n<p>Altura: 4,5 Cm<\/p>\n<p>Peso: 1,65 Kg<\/p>\n","protected":false},"featured_media":1877,"comment_status":"open","ping_status":"closed","template":"","meta":[],"yoast_head":"<!-- This site is optimized with the Yoast SEO plugin v15.6.2 - https:\/\/yoast.com\/wordpress\/plugins\/seo\/ -->\n<title>Porta Chaves - Clavicul\u00e1rio para 30 Chaveiros CTM - TEC MAC Office Center<\/title>\n<meta name=\"robots\" content=\"index, follow, max-snippet:-1, max-image-preview:large, max-video-preview:-1\" \/>\n<link rel=\"canonical\" href=\"https:\/\/tecmac.com.br\/index.php\/produto\/porta-chaves-claviculario-para-30-chaveiros-ctm\/\" \/>\n<meta property=\"og:locale\" content=\"pt_BR\" \/>\n<meta property=\"og:type\" content=\"article\" \/>\n<meta property=\"og:title\" content=\"Porta Chaves - Clavicul\u00e1rio para 30 Chaveiros CTM - TEC MAC Office Center\" \/>\n<meta property=\"og:description\" content=\"Porta Chaves - Clavicul\u00e1rio para 30 Chaveiros CTM  Constru\u00eddo Em A\u00e7o Com Pintura Ep\u00f3xi De Alta Durabilidade E Resistente\u00a0A Oxida\u00e7\u00e3o, Com Fechadura E Duas Chaves Inclusas, Com Capacidade Para 30 Chaves.  Ideal Para Organizar E Guardar As Chaves Que Est\u00e3o Em Uso Ou N\u00e3o, Evita Perdas De Chaves, Al\u00e9m De Proporcionar Maior Controle Das Chaves E\u00a0Acesso Utilizado Por Empresas, Resid\u00eancias, Escolas, Estacionamentos, Portarias E Outros Locais. Compacto, Mant\u00e9m O Padr\u00e3o Est\u00e9tico Do Ambiente Disponibilidade Para Fixar Na Parede Ou Em Arm\u00e1rio. A Porta Possui Chave Para Abertura E J\u00e1 S\u00e3o Fornecidas Duas Chave.  Dimens\u00f5es Do Produto:  Comprimento: 27,0 Cm  Largura: 20,0 Cm  Altura: 4,5 Cm  Peso: 1,65 Kg\" \/>\n<meta property=\"og:url\" content=\"https:\/\/tecmac.com.br\/index.php\/produto\/porta-chaves-claviculario-para-30-chaveiros-ctm\/\" \/>\n<meta property=\"og:site_name\" content=\"TEC MAC Office Center\" \/>\n<meta property=\"article:modified_time\" content=\"2021-01-19T13:10:22+00:00\" \/>\n<meta property=\"og:image\" content=\"https:\/\/tecmac.com.br\/wp-content\/uploads\/2021\/01\/6434681690-img-20190830-174514-22dfcddd4d24bfe92e15672895109160-480-0.jpg\" \/>\n\t<meta property=\"og:image:width\" content=\"480\" \/>\n\t<meta property=\"og:image:height\" content=\"630\" \/>\n<meta name=\"twitter:card\" content=\"summary_large_image\" \/>\n<script type=\"application\/ld+json\" class=\"yoast-schema-graph\">{\"@context\":\"https:\/\/schema.org\",\"@graph\":[{\"@type\":\"WebSite\",\"@id\":\"https:\/\/tecmac.com.br\/#website\",\"url\":\"https:\/\/tecmac.com.br\/\",\"name\":\"TEC MAC Office Center\",\"description\":\"H\\u00e1 32 anos agregando qualidade e desempenho aos escrit\\u00f3rios\",\"potentialAction\":[{\"@type\":\"SearchAction\",\"target\":\"https:\/\/tecmac.com.br\/?s={search_term_string}\",\"query-input\":\"required name=search_term_string\"}],\"inLanguage\":\"pt-BR\"},{\"@type\":\"ImageObject\",\"@id\":\"https:\/\/tecmac.com.br\/index.php\/produto\/porta-chaves-claviculario-para-30-chaveiros-ctm\/#primaryimage\",\"inLanguage\":\"pt-BR\",\"url\":\"https:\/\/tecmac.com.br\/wp-content\/uploads\/2021\/01\/6434681690-img-20190830-174514-22dfcddd4d24bfe92e15672895109160-480-0.jpg\",\"width\":480,\"height\":630},{\"@type\":\"WebPage\",\"@id\":\"https:\/\/tecmac.com.br\/index.php\/produto\/porta-chaves-claviculario-para-30-chaveiros-ctm\/#webpage\",\"url\":\"https:\/\/tecmac.com.br\/index.php\/produto\/porta-chaves-claviculario-para-30-chaveiros-ctm\/\",\"name\":\"Porta Chaves - Clavicul\\u00e1rio para 30 Chaveiros CTM - TEC MAC Office Center\",\"isPartOf\":{\"@id\":\"https:\/\/tecmac.com.br\/#website\"},\"primaryImageOfPage\":{\"@id\":\"https:\/\/tecmac.com.br\/index.php\/produto\/porta-chaves-claviculario-para-30-chaveiros-ctm\/#primaryimage\"},\"datePublished\":\"2021-01-04T13:28:38+00:00\",\"dateModified\":\"2021-01-19T13:10:22+00:00\",\"inLanguage\":\"pt-BR\",\"potentialAction\":[{\"@type\":\"ReadAction\",\"target\":[\"https:\/\/tecmac.com.br\/index.php\/produto\/porta-chaves-claviculario-para-30-chaveiros-ctm\/\"]}]}]}<\/script>\n<!-- \/ Yoast SEO plugin. -->","_links":{"self":[{"href":"https:\/\/tecmac.com.br\/index.php\/wp-json\/wp\/v2\/product\/1883"}],"collection":[{"href":"https:\/\/tecmac.com.br\/index.php\/wp-json\/wp\/v2\/product"}],"about":[{"href":"https:\/\/tecmac.com.br\/index.php\/wp-json\/wp\/v2\/types\/product"}],"replies":[{"embeddable":true,"href":"https:\/\/tecmac.com.br\/index.php\/wp-json\/wp\/v2\/comments?post=1883"}],"wp:featuredmedia":[{"embeddable":true,"href":"https:\/\/tecmac.com.br\/index.php\/wp-json\/wp\/v2\/media\/1877"}],"wp:attachment":[{"href":"https:\/\/tecmac.com.br\/index.php\/wp-json\/wp\/v2\/media?parent=1883"}],"curies":[{"name":"wp","href":"https:\/\/api.w.org\/{rel}","templated":true}]}}