{"id":1898,"date":"2021-01-04T10:30:47","date_gmt":"2021-01-04T13:30:47","guid":{"rendered":"https:\/\/tecmac.com.br\/index.php\/produto\/porta-chaves-claviculario-para-100-chaveiros-kit-claviculario-100-chaveiros-inclusos\/"},"modified":"2021-01-21T09:39:45","modified_gmt":"2021-01-21T12:39:45","slug":"porta-chaves-claviculario-para-100-chaveiros-kit-claviculario-100-chaveiros-inclusos","status":"publish","type":"product","link":"https:\/\/tecmac.com.br\/index.php\/produto\/porta-chaves-claviculario-para-100-chaveiros-kit-claviculario-100-chaveiros-inclusos\/","title":{"rendered":"Porta Chaves &#8211; Clavicul\u00e1rio &#8211; para 100 Chaveiros &#8211; KIT Clavicul\u00e1rio + 100 Chaveiros Inclusos"},"content":{"rendered":"","protected":false},"excerpt":{"rendered":"<p>Porta Chaves &#8211; Clavicul\u00e1rio &#8211; para 100 Chaveiros &#8211; KIT Clavicul\u00e1rio + 100 Chaveiros Incluso<\/p>\n<div class=\"description user-content m-top\">\n<p dir=\"ltr\">Porta Chaves (Clavicul\u00e1rio) para 100 Chaves &#8211; KIT Clavicul\u00e1rio + 100 Chaveiros Incluso!!<\/p>\n<p dir=\"ltr\">Constru\u00eddo Em A\u00e7o Com Pintura Ep\u00f3xi De Alta Durabilidade E Resistente A Oxida\u00e7\u00e3o, Com Fechadura E Duas Chaves Inclusas, Com Capacidade Para 100 Chaves.<\/p>\n<p dir=\"ltr\">Ideal Para Organizar E Guardar As Chaves Que Est\u00e3o Em Uso Ou N\u00e3o, Evita Perdas De Chaves, Al\u00e9m De Proporcionar Maior Controle Das Chaves E Acesso Utilizado Por Empresas, Resid\u00eancias, Escolas, Estacionamentos, Portarias E Outros Locais. Compacto, Mant\u00e9m O Padr\u00e3o Est\u00e9tico Do Ambiente Disponibilidade Para Fixar Na Parede Ou Em Arm\u00e1rio. A Porta Possui Chave Para Abertura E J\u00e1 S\u00e3o Fornecidas Duas Chave.<\/p>\n<p dir=\"ltr\">Incluso: 100 Chaveiros em pl\u00e1stico Com Etiqueta De Identifica\u00e7\u00e3o.<\/p>\n<p dir=\"ltr\">Dimens\u00f5es Do Produto:<br \/>\nComprimento: 45,5 Cm<br \/>\nLargura: 38 Cm<br \/>\nAltura: 4,5 Cm<br \/>\nPeso: 3 Kg<\/p>\n<\/div>\n","protected":false},"featured_media":1891,"comment_status":"open","ping_status":"closed","template":"","meta":[],"yoast_head":"<!-- This site is optimized with the Yoast SEO plugin v15.6.2 - https:\/\/yoast.com\/wordpress\/plugins\/seo\/ -->\n<title>Porta Chaves - Clavicul\u00e1rio - para 100 Chaveiros - KIT Clavicul\u00e1rio + 100 Chaveiros Inclusos - TEC MAC Office Center<\/title>\n<meta name=\"robots\" content=\"index, follow, max-snippet:-1, max-image-preview:large, max-video-preview:-1\" \/>\n<link rel=\"canonical\" href=\"https:\/\/tecmac.com.br\/index.php\/produto\/porta-chaves-claviculario-para-100-chaveiros-kit-claviculario-100-chaveiros-inclusos\/\" \/>\n<meta property=\"og:locale\" content=\"pt_BR\" \/>\n<meta property=\"og:type\" content=\"article\" \/>\n<meta property=\"og:title\" content=\"Porta Chaves - Clavicul\u00e1rio - para 100 Chaveiros - KIT Clavicul\u00e1rio + 100 Chaveiros Inclusos - TEC MAC Office Center\" \/>\n<meta property=\"og:description\" content=\"Porta Chaves - Clavicul\u00e1rio - para 100 Chaveiros - KIT Clavicul\u00e1rio + 100 Chaveiros Incluso  Porta Chaves (Clavicul\u00e1rio) para 100 Chaves - KIT Clavicul\u00e1rio + 100 Chaveiros Incluso!! Constru\u00eddo Em A\u00e7o Com Pintura Ep\u00f3xi De Alta Durabilidade E Resistente A Oxida\u00e7\u00e3o, Com Fechadura E Duas Chaves Inclusas, Com Capacidade Para 100 Chaves. Ideal Para Organizar E Guardar As Chaves Que Est\u00e3o Em Uso Ou N\u00e3o, Evita Perdas De Chaves, Al\u00e9m De Proporcionar Maior Controle Das Chaves E Acesso Utilizado Por Empresas, Resid\u00eancias, Escolas, Estacionamentos, Portarias E Outros Locais. Compacto, Mant\u00e9m O Padr\u00e3o Est\u00e9tico Do Ambiente Disponibilidade Para Fixar Na Parede Ou Em Arm\u00e1rio. A Porta Possui Chave Para Abertura E J\u00e1 S\u00e3o Fornecidas Duas Chave. Incluso: 100 Chaveiros em pl\u00e1stico Com Etiqueta De Identifica\u00e7\u00e3o. Dimens\u00f5es Do Produto: Comprimento: 45,5 Cm Largura: 38 Cm Altura: 4,5 Cm Peso: 3 Kg\" \/>\n<meta property=\"og:url\" content=\"https:\/\/tecmac.com.br\/index.php\/produto\/porta-chaves-claviculario-para-100-chaveiros-kit-claviculario-100-chaveiros-inclusos\/\" \/>\n<meta property=\"og:site_name\" content=\"TEC MAC Office Center\" \/>\n<meta property=\"article:modified_time\" content=\"2021-01-21T12:39:45+00:00\" \/>\n<meta property=\"og:image\" content=\"https:\/\/tecmac.com.br\/wp-content\/uploads\/2021\/01\/6437833502-img-20190327-173926-2-f0cdd8c43998130a1815672893405757-480-0.jpg\" \/>\n\t<meta property=\"og:image:width\" content=\"480\" \/>\n\t<meta property=\"og:image:height\" content=\"484\" \/>\n<meta name=\"twitter:card\" content=\"summary_large_image\" \/>\n<script type=\"application\/ld+json\" class=\"yoast-schema-graph\">{\"@context\":\"https:\/\/schema.org\",\"@graph\":[{\"@type\":\"WebSite\",\"@id\":\"https:\/\/tecmac.com.br\/#website\",\"url\":\"https:\/\/tecmac.com.br\/\",\"name\":\"TEC MAC Office Center\",\"description\":\"H\\u00e1 32 anos agregando qualidade e desempenho aos escrit\\u00f3rios\",\"potentialAction\":[{\"@type\":\"SearchAction\",\"target\":\"https:\/\/tecmac.com.br\/?s={search_term_string}\",\"query-input\":\"required name=search_term_string\"}],\"inLanguage\":\"pt-BR\"},{\"@type\":\"ImageObject\",\"@id\":\"https:\/\/tecmac.com.br\/index.php\/produto\/porta-chaves-claviculario-para-100-chaveiros-kit-claviculario-100-chaveiros-inclusos\/#primaryimage\",\"inLanguage\":\"pt-BR\",\"url\":\"https:\/\/tecmac.com.br\/wp-content\/uploads\/2021\/01\/6437833502-img-20190327-173926-2-f0cdd8c43998130a1815672893405757-480-0.jpg\",\"width\":480,\"height\":484},{\"@type\":\"WebPage\",\"@id\":\"https:\/\/tecmac.com.br\/index.php\/produto\/porta-chaves-claviculario-para-100-chaveiros-kit-claviculario-100-chaveiros-inclusos\/#webpage\",\"url\":\"https:\/\/tecmac.com.br\/index.php\/produto\/porta-chaves-claviculario-para-100-chaveiros-kit-claviculario-100-chaveiros-inclusos\/\",\"name\":\"Porta Chaves - Clavicul\\u00e1rio - para 100 Chaveiros - KIT Clavicul\\u00e1rio + 100 Chaveiros Inclusos - TEC MAC Office Center\",\"isPartOf\":{\"@id\":\"https:\/\/tecmac.com.br\/#website\"},\"primaryImageOfPage\":{\"@id\":\"https:\/\/tecmac.com.br\/index.php\/produto\/porta-chaves-claviculario-para-100-chaveiros-kit-claviculario-100-chaveiros-inclusos\/#primaryimage\"},\"datePublished\":\"2021-01-04T13:30:47+00:00\",\"dateModified\":\"2021-01-21T12:39:45+00:00\",\"inLanguage\":\"pt-BR\",\"potentialAction\":[{\"@type\":\"ReadAction\",\"target\":[\"https:\/\/tecmac.com.br\/index.php\/produto\/porta-chaves-claviculario-para-100-chaveiros-kit-claviculario-100-chaveiros-inclusos\/\"]}]}]}<\/script>\n<!-- \/ Yoast SEO plugin. -->","_links":{"self":[{"href":"https:\/\/tecmac.com.br\/index.php\/wp-json\/wp\/v2\/product\/1898"}],"collection":[{"href":"https:\/\/tecmac.com.br\/index.php\/wp-json\/wp\/v2\/product"}],"about":[{"href":"https:\/\/tecmac.com.br\/index.php\/wp-json\/wp\/v2\/types\/product"}],"replies":[{"embeddable":true,"href":"https:\/\/tecmac.com.br\/index.php\/wp-json\/wp\/v2\/comments?post=1898"}],"wp:featuredmedia":[{"embeddable":true,"href":"https:\/\/tecmac.com.br\/index.php\/wp-json\/wp\/v2\/media\/1891"}],"wp:attachment":[{"href":"https:\/\/tecmac.com.br\/index.php\/wp-json\/wp\/v2\/media?parent=1898"}],"curies":[{"name":"wp","href":"https:\/\/api.w.org\/{rel}","templated":true}]}}